{"id":3562,"date":"2019-02-18T15:23:31","date_gmt":"2019-02-18T15:23:31","guid":{"rendered":"http:\/\/vrigstadshembygdsforening.se\/?page_id=3562"},"modified":"2019-02-18T15:23:31","modified_gmt":"2019-02-18T15:23:31","slug":"lydia-perssons-hembageri","status":"publish","type":"page","link":"https:\/\/vrigstadshembygdsforening.se\/?page_id=3562","title":{"rendered":"Lydia Perssons hembageri"},"content":{"rendered":"<p dir=\"LTR\" style=\"text-align: left;\" align=\"JUSTIFY\">Lydia Persson, f\u00f6dd 1887 i Svenarum, uppf\u00f6rde 1932 fastigheten Berghem, med nuvarande adress Mejerigatan 11.<\/p>\n<p dir=\"LTR\" style=\"text-align: left;\" align=\"JUSTIFY\">I husets k\u00e4llare startade hon tillsammans med systern Emmy ett hembageri. De hade flera anst\u00e4llda genom \u00e5ren, t.ex. Nelly och Britta Johansson, Ruth Elg och Vivan Lundholm.<\/p>\n<p style=\"text-align: left;\">Emmy dog 1957 och det var troligen d\u00e5 Lydia \u00f6verl\u00e4t bageriet till Nelly och Britta Johansson. De drev det till ett stycke in p\u00e5 1960-talet d\u00e5 de flyttade verksamheten till skr\u00e4ddare Haegerstams verkstad. Lydia dog 1968 p\u00e5 G\u00f6ransg\u00e5rden.<\/p>\n<figure id=\"attachment_3564\" aria-describedby=\"caption-attachment-3564\" style=\"width: 700px\" class=\"wp-caption alignnone\"><a href=\"https:\/\/media.vrigstadshembygdsforening.se\/\/W__Lydia_P.png\"><img loading=\"lazy\" decoding=\"async\" class=\"size-full wp-image-3564\" src=\"https:\/\/media.vrigstadshembygdsforening.se\/\/W__Lydia_P.png\" alt=\"\" width=\"700\" height=\"513\" srcset=\"https:\/\/media.vrigstadshembygdsforening.se\/W__Lydia_P.png 700w, https:\/\/media.vrigstadshembygdsforening.se\/W__Lydia_P-300x220.png 300w, https:\/\/media.vrigstadshembygdsforening.se\/W__Lydia_P-260x190.png 260w\" sizes=\"auto, (max-width: 700px) 100vw, 700px\" \/><\/a><figcaption id=\"caption-attachment-3564\" class=\"wp-caption-text\">Lydia Persson, till h\u00f6ger, vid sitt hembageri. Fr.v. Emmy Persson, Vivan Johansson och Ingrid L\u00f6v. Foto fr\u00e5n 1948 eller 1949.<\/figcaption><\/figure>\n<p>&nbsp;<\/p>\n","protected":false},"excerpt":{"rendered":"<p>Lydia Persson, f\u00f6dd 1887 i Svenarum, uppf\u00f6rde 1932 fastigheten Berghem, med nuvarande adress Mejerigatan 11. I husets k\u00e4llare startade hon<\/p>\n","protected":false},"author":1,"featured_media":0,"parent":0,"menu_order":0,"comment_status":"closed","ping_status":"closed","template":"","meta":{"footnotes":""},"class_list":["post-3562","page","type-page","status-publish","hentry"],"_links":{"self":[{"href":"https:\/\/vrigstadshembygdsforening.se\/index.php?rest_route=\/wp\/v2\/pages\/3562","targetHints":{"allow":["GET"]}}],"collection":[{"href":"https:\/\/vrigstadshembygdsforening.se\/index.php?rest_route=\/wp\/v2\/pages"}],"about":[{"href":"https:\/\/vrigstadshembygdsforening.se\/index.php?rest_route=\/wp\/v2\/types\/page"}],"author":[{"embeddable":true,"href":"https:\/\/vrigstadshembygdsforening.se\/index.php?rest_route=\/wp\/v2\/users\/1"}],"replies":[{"embeddable":true,"href":"https:\/\/vrigstadshembygdsforening.se\/index.php?rest_route=%2Fwp%2Fv2%2Fcomments&post=3562"}],"version-history":[{"count":1,"href":"https:\/\/vrigstadshembygdsforening.se\/index.php?rest_route=\/wp\/v2\/pages\/3562\/revisions"}],"predecessor-version":[{"id":3565,"href":"https:\/\/vrigstadshembygdsforening.se\/index.php?rest_route=\/wp\/v2\/pages\/3562\/revisions\/3565"}],"wp:attachment":[{"href":"https:\/\/vrigstadshembygdsforening.se\/index.php?rest_route=%2Fwp%2Fv2%2Fmedia&parent=3562"}],"curies":[{"name":"wp","href":"https:\/\/api.w.org\/{rel}","templated":true}]}}