{"id":3558,"date":"2019-02-18T15:17:35","date_gmt":"2019-02-18T15:17:35","guid":{"rendered":"http:\/\/vrigstadshembygdsforening.se\/?page_id=3558"},"modified":"2019-02-18T15:17:35","modified_gmt":"2019-02-18T15:17:35","slug":"lisas-konditori","status":"publish","type":"page","link":"https:\/\/vrigstadshembygdsforening.se\/?page_id=3558","title":{"rendered":"Lisas konditori"},"content":{"rendered":"<p dir=\"LTR\" style=\"text-align: left;\" align=\"JUSTIFY\">Lisa, med ok\u00e4nt efternamn, startade caf\u00e9et i Torg-l\u00e4genheten 8 s\u00e5 snart huset var byggt \u2013 1938. Efter ett eller ett par \u00e5r tog Svea Lindholm, f\u00f6dd 1911, \u00f6ver verksamheten. M\u00e4rta Str\u00f6m (Wolfram) och G\u00f6ta Margareta \u00d6quist var anst\u00e4llda i caf\u00e9et.<\/p>\n<p>&nbsp;<\/p>\n","protected":false},"excerpt":{"rendered":"<p>Lisa, med ok\u00e4nt efternamn, startade caf\u00e9et i Torg-l\u00e4genheten 8 s\u00e5 snart huset var byggt \u2013 1938. Efter ett eller ett<\/p>\n","protected":false},"author":1,"featured_media":0,"parent":0,"menu_order":0,"comment_status":"closed","ping_status":"closed","template":"","meta":{"footnotes":""},"class_list":["post-3558","page","type-page","status-publish","hentry"],"_links":{"self":[{"href":"https:\/\/vrigstadshembygdsforening.se\/index.php?rest_route=\/wp\/v2\/pages\/3558","targetHints":{"allow":["GET"]}}],"collection":[{"href":"https:\/\/vrigstadshembygdsforening.se\/index.php?rest_route=\/wp\/v2\/pages"}],"about":[{"href":"https:\/\/vrigstadshembygdsforening.se\/index.php?rest_route=\/wp\/v2\/types\/page"}],"author":[{"embeddable":true,"href":"https:\/\/vrigstadshembygdsforening.se\/index.php?rest_route=\/wp\/v2\/users\/1"}],"replies":[{"embeddable":true,"href":"https:\/\/vrigstadshembygdsforening.se\/index.php?rest_route=%2Fwp%2Fv2%2Fcomments&post=3558"}],"version-history":[{"count":1,"href":"https:\/\/vrigstadshembygdsforening.se\/index.php?rest_route=\/wp\/v2\/pages\/3558\/revisions"}],"predecessor-version":[{"id":3559,"href":"https:\/\/vrigstadshembygdsforening.se\/index.php?rest_route=\/wp\/v2\/pages\/3558\/revisions\/3559"}],"wp:attachment":[{"href":"https:\/\/vrigstadshembygdsforening.se\/index.php?rest_route=%2Fwp%2Fv2%2Fmedia&parent=3558"}],"curies":[{"name":"wp","href":"https:\/\/api.w.org\/{rel}","templated":true}]}}