{"id":3556,"date":"2019-02-18T15:17:06","date_gmt":"2019-02-18T15:17:06","guid":{"rendered":"http:\/\/vrigstadshembygdsforening.se\/?page_id=3556"},"modified":"2019-02-18T15:17:06","modified_gmt":"2019-02-18T15:17:06","slug":"kronans-cafe","status":"publish","type":"page","link":"https:\/\/vrigstadshembygdsforening.se\/?page_id=3556","title":{"rendered":"Kronans caf\u00e9"},"content":{"rendered":"<p dir=\"LTR\" style=\"text-align: left;\" align=\"JUSTIFY\">Ramona Eriksson startade caf\u00e9 2011 p\u00e5 S\u00e4vsj\u00f6v\u00e4gen 7. \u00c5r 2013 s\u00e5ldes verksamheten.<\/p>\n<p>&nbsp;<\/p>\n","protected":false},"excerpt":{"rendered":"<p>Ramona Eriksson startade caf\u00e9 2011 p\u00e5 S\u00e4vsj\u00f6v\u00e4gen 7. \u00c5r 2013 s\u00e5ldes verksamheten. &nbsp;<\/p>\n","protected":false},"author":1,"featured_media":0,"parent":0,"menu_order":0,"comment_status":"closed","ping_status":"closed","template":"","meta":{"footnotes":""},"class_list":["post-3556","page","type-page","status-publish","hentry"],"_links":{"self":[{"href":"https:\/\/vrigstadshembygdsforening.se\/index.php?rest_route=\/wp\/v2\/pages\/3556","targetHints":{"allow":["GET"]}}],"collection":[{"href":"https:\/\/vrigstadshembygdsforening.se\/index.php?rest_route=\/wp\/v2\/pages"}],"about":[{"href":"https:\/\/vrigstadshembygdsforening.se\/index.php?rest_route=\/wp\/v2\/types\/page"}],"author":[{"embeddable":true,"href":"https:\/\/vrigstadshembygdsforening.se\/index.php?rest_route=\/wp\/v2\/users\/1"}],"replies":[{"embeddable":true,"href":"https:\/\/vrigstadshembygdsforening.se\/index.php?rest_route=%2Fwp%2Fv2%2Fcomments&post=3556"}],"version-history":[{"count":1,"href":"https:\/\/vrigstadshembygdsforening.se\/index.php?rest_route=\/wp\/v2\/pages\/3556\/revisions"}],"predecessor-version":[{"id":3557,"href":"https:\/\/vrigstadshembygdsforening.se\/index.php?rest_route=\/wp\/v2\/pages\/3556\/revisions\/3557"}],"wp:attachment":[{"href":"https:\/\/vrigstadshembygdsforening.se\/index.php?rest_route=%2Fwp%2Fv2%2Fmedia&parent=3556"}],"curies":[{"name":"wp","href":"https:\/\/api.w.org\/{rel}","templated":true}]}}