{"id":3554,"date":"2019-02-18T15:16:35","date_gmt":"2019-02-18T15:16:35","guid":{"rendered":"http:\/\/vrigstadshembygdsforening.se\/?page_id=3554"},"modified":"2019-02-18T15:16:35","modified_gmt":"2019-02-18T15:16:35","slug":"kajsas-cafe","status":"publish","type":"page","link":"https:\/\/vrigstadshembygdsforening.se\/?page_id=3554","title":{"rendered":"Kajsas Caf\u00e9"},"content":{"rendered":"<p dir=\"LTR\" style=\"text-align: left;\" align=\"JUSTIFY\">Kajsa Mollby \u00f6ppnade ett nytt caf\u00e9 1993 i Torget 9, efter bibliotekets flytt till f.d. simhallen. Caf\u00e9et s\u00e5ldes till Marona Andersson 1994.<\/p>\n<p>&nbsp;<\/p>\n","protected":false},"excerpt":{"rendered":"<p>Kajsa Mollby \u00f6ppnade ett nytt caf\u00e9 1993 i Torget 9, efter bibliotekets flytt till f.d. simhallen. Caf\u00e9et s\u00e5ldes till Marona<\/p>\n","protected":false},"author":1,"featured_media":0,"parent":0,"menu_order":0,"comment_status":"closed","ping_status":"closed","template":"","meta":{"footnotes":""},"class_list":["post-3554","page","type-page","status-publish","hentry"],"_links":{"self":[{"href":"https:\/\/vrigstadshembygdsforening.se\/index.php?rest_route=\/wp\/v2\/pages\/3554","targetHints":{"allow":["GET"]}}],"collection":[{"href":"https:\/\/vrigstadshembygdsforening.se\/index.php?rest_route=\/wp\/v2\/pages"}],"about":[{"href":"https:\/\/vrigstadshembygdsforening.se\/index.php?rest_route=\/wp\/v2\/types\/page"}],"author":[{"embeddable":true,"href":"https:\/\/vrigstadshembygdsforening.se\/index.php?rest_route=\/wp\/v2\/users\/1"}],"replies":[{"embeddable":true,"href":"https:\/\/vrigstadshembygdsforening.se\/index.php?rest_route=%2Fwp%2Fv2%2Fcomments&post=3554"}],"version-history":[{"count":1,"href":"https:\/\/vrigstadshembygdsforening.se\/index.php?rest_route=\/wp\/v2\/pages\/3554\/revisions"}],"predecessor-version":[{"id":3555,"href":"https:\/\/vrigstadshembygdsforening.se\/index.php?rest_route=\/wp\/v2\/pages\/3554\/revisions\/3555"}],"wp:attachment":[{"href":"https:\/\/vrigstadshembygdsforening.se\/index.php?rest_route=%2Fwp%2Fv2%2Fmedia&parent=3554"}],"curies":[{"name":"wp","href":"https:\/\/api.w.org\/{rel}","templated":true}]}}