{"id":3552,"date":"2019-02-18T15:16:02","date_gmt":"2019-02-18T15:16:02","guid":{"rendered":"http:\/\/vrigstadshembygdsforening.se\/?page_id=3552"},"modified":"2019-02-18T15:16:02","modified_gmt":"2019-02-18T15:16:02","slug":"hennings-konditori","status":"publish","type":"page","link":"https:\/\/vrigstadshembygdsforening.se\/?page_id=3552","title":{"rendered":"Hennings Konditori"},"content":{"rendered":"<p dir=\"LTR\" style=\"text-align: left;\" align=\"JUSTIFY\">I b\u00f6rjan\/mitten av 50-talet \u00f6vertog Henning\u00a0Andersson Lisas Konditori Eftr. Omkring 1957 var det dags f\u00f6r ett nytt \u00e4garbyte. D\u00e5 \u00f6vertog Anna Palmberg med kompanjon r\u00f6relsen, som de beh\u00f6ll namnet p\u00e5.<\/p>\n<p>&nbsp;<\/p>\n","protected":false},"excerpt":{"rendered":"<p>I b\u00f6rjan\/mitten av 50-talet \u00f6vertog Henning\u00a0Andersson Lisas Konditori Eftr. Omkring 1957 var det dags f\u00f6r ett nytt \u00e4garbyte. D\u00e5 \u00f6vertog<\/p>\n","protected":false},"author":1,"featured_media":0,"parent":0,"menu_order":0,"comment_status":"closed","ping_status":"closed","template":"","meta":{"footnotes":""},"class_list":["post-3552","page","type-page","status-publish","hentry"],"_links":{"self":[{"href":"https:\/\/vrigstadshembygdsforening.se\/index.php?rest_route=\/wp\/v2\/pages\/3552","targetHints":{"allow":["GET"]}}],"collection":[{"href":"https:\/\/vrigstadshembygdsforening.se\/index.php?rest_route=\/wp\/v2\/pages"}],"about":[{"href":"https:\/\/vrigstadshembygdsforening.se\/index.php?rest_route=\/wp\/v2\/types\/page"}],"author":[{"embeddable":true,"href":"https:\/\/vrigstadshembygdsforening.se\/index.php?rest_route=\/wp\/v2\/users\/1"}],"replies":[{"embeddable":true,"href":"https:\/\/vrigstadshembygdsforening.se\/index.php?rest_route=%2Fwp%2Fv2%2Fcomments&post=3552"}],"version-history":[{"count":1,"href":"https:\/\/vrigstadshembygdsforening.se\/index.php?rest_route=\/wp\/v2\/pages\/3552\/revisions"}],"predecessor-version":[{"id":3553,"href":"https:\/\/vrigstadshembygdsforening.se\/index.php?rest_route=\/wp\/v2\/pages\/3552\/revisions\/3553"}],"wp:attachment":[{"href":"https:\/\/vrigstadshembygdsforening.se\/index.php?rest_route=%2Fwp%2Fv2%2Fmedia&parent=3552"}],"curies":[{"name":"wp","href":"https:\/\/api.w.org\/{rel}","templated":true}]}}