{"id":3548,"date":"2019-02-18T15:14:57","date_gmt":"2019-02-18T15:14:57","guid":{"rendered":"http:\/\/vrigstadshembygdsforening.se\/?page_id=3548"},"modified":"2019-02-18T15:14:57","modified_gmt":"2019-02-18T15:14:57","slug":"elsas-cafe","status":"publish","type":"page","link":"https:\/\/vrigstadshembygdsforening.se\/?page_id=3548","title":{"rendered":"Elsas caf\u00e9"},"content":{"rendered":"<p dir=\"LTR\" style=\"text-align: left;\" align=\"JUSTIFY\">Caf\u00e9et p\u00e5 J\u00f6nk\u00f6pingsv\u00e4gen 2 hade startats av fr\u00f6ken Lindgren som 1919 kom som f\u00f6rest\u00e5ndare till Granbacken. Elsa Johansson tog \u00f6ver verksamheten 1944 \u2013 och drev den till b\u00f6rjan av 60-talet.<\/p>\n<p dir=\"LTR\" style=\"text-align: left;\" align=\"JUSTIFY\">Elsa kunde vara kr\u00e4sen n\u00e4r det g\u00e4llde sina kunder. Hon kunde s\u00e4ga till kunder fr\u00e5n andra sidan \u00e5n: &#8221;Jag kan v\u00e4l inte baka \u00e5t hela Vrigstad&#8221;.<\/p>\n<p style=\"text-align: left;\">En annan historia om Elsas verksamhet: Bekanta till Axelssons p\u00e5 Biskopsbo gifte sig i Vrigstad och brudparet tillbringade br\u00f6llopsnatten i ett av fr\u00f6ken Elsas \u00f6vernattningsrum. De checkade ut morgonen d\u00e4rp\u00e5 och \u00e5kte ut till Biskopsbo f\u00f6r att \u00e4ta frukost. Efter en stund kom fr\u00f6ken Elsa trampande p\u00e5 cykel och \u00e5terl\u00e4mnade 20 kronor d\u00e5 de endast anv\u00e4nt en s\u00e4ng.<\/p>\n<p>&nbsp;<\/p>\n","protected":false},"excerpt":{"rendered":"<p>Caf\u00e9et p\u00e5 J\u00f6nk\u00f6pingsv\u00e4gen 2 hade startats av fr\u00f6ken Lindgren som 1919 kom som f\u00f6rest\u00e5ndare till Granbacken. Elsa Johansson tog \u00f6ver<\/p>\n","protected":false},"author":1,"featured_media":0,"parent":0,"menu_order":0,"comment_status":"closed","ping_status":"closed","template":"","meta":{"footnotes":""},"class_list":["post-3548","page","type-page","status-publish","hentry"],"_links":{"self":[{"href":"https:\/\/vrigstadshembygdsforening.se\/index.php?rest_route=\/wp\/v2\/pages\/3548","targetHints":{"allow":["GET"]}}],"collection":[{"href":"https:\/\/vrigstadshembygdsforening.se\/index.php?rest_route=\/wp\/v2\/pages"}],"about":[{"href":"https:\/\/vrigstadshembygdsforening.se\/index.php?rest_route=\/wp\/v2\/types\/page"}],"author":[{"embeddable":true,"href":"https:\/\/vrigstadshembygdsforening.se\/index.php?rest_route=\/wp\/v2\/users\/1"}],"replies":[{"embeddable":true,"href":"https:\/\/vrigstadshembygdsforening.se\/index.php?rest_route=%2Fwp%2Fv2%2Fcomments&post=3548"}],"version-history":[{"count":1,"href":"https:\/\/vrigstadshembygdsforening.se\/index.php?rest_route=\/wp\/v2\/pages\/3548\/revisions"}],"predecessor-version":[{"id":3549,"href":"https:\/\/vrigstadshembygdsforening.se\/index.php?rest_route=\/wp\/v2\/pages\/3548\/revisions\/3549"}],"wp:attachment":[{"href":"https:\/\/vrigstadshembygdsforening.se\/index.php?rest_route=%2Fwp%2Fv2%2Fmedia&parent=3548"}],"curies":[{"name":"wp","href":"https:\/\/api.w.org\/{rel}","templated":true}]}}