{"id":3545,"date":"2019-02-18T15:13:44","date_gmt":"2019-02-18T15:13:44","guid":{"rendered":"http:\/\/vrigstadshembygdsforening.se\/?page_id=3545"},"modified":"2019-02-18T15:13:44","modified_gmt":"2019-02-18T15:13:44","slug":"cafe-grondal-hulda-qvint","status":"publish","type":"page","link":"https:\/\/vrigstadshembygdsforening.se\/?page_id=3545","title":{"rendered":"Caf\u00e9 Gr\u00f6ndal &#8211; Hulda Qvint"},"content":{"rendered":"<p dir=\"LTR\" style=\"text-align: left;\" align=\"LEFT\">Hulda Qvint startade Caf\u00e9 Gr\u00f6ndal, S\u00e4vsj\u00f6v\u00e4gen 12, \u00e5r 1927 d\u00e5 hon k\u00f6pte huset.<\/p>\n<p dir=\"LTR\" style=\"text-align: left;\" align=\"JUSTIFY\">N\u00e4r kriget kom 1939 st\u00e4ngdes caf\u00e9et och Hulda gifte sig. Hon var d\u00e5 62 \u00e5r. Hennes man G\u00f6sta Karlsson var betydligt yngre, 35 \u00e5r. De bodde p\u00e5 Gr\u00f6ndal. G\u00f6sta arbetade vid j\u00e4rnv\u00e4gen och Hulda promenerade omkring i byn kl\u00e4dd i hatt som en fin dam. Hon dog 1967, 90 \u00e5r gammal.<\/p>\n<p dir=\"LTR\" style=\"text-align: left;\" align=\"JUSTIFY\">Efter n\u00e5gra \u00e5r i b\u00f6rjan p\u00e5 1970-talet flyttade G\u00f6sta till G\u00f6ransg\u00e5rden och 1977 sk\u00e4nkte han Gr\u00f6ndal till Hembygdsf\u00f6reningen.<\/p>\n<p dir=\"LTR\" style=\"text-align: left;\" align=\"JUSTIFY\">Under kortare perioder tidigare hade Hanna Karlsson och Gerda Bergqvist drivit caf\u00e9 i byggnaden.<\/p>\n<p dir=\"LTR\" style=\"text-align: left;\" align=\"JUSTIFY\">Lisa Svensson, f\u00f6dd 1914 i Vrigstad, senare gift med \u00c5ke Fransson, hade sitt f\u00f6rsta arbete som ton\u00e5ring hos Hulda.<\/p>\n<p dir=\"LTR\" style=\"text-align: left;\" align=\"JUSTIFY\">Det var endast l\u00f6rdags- och s\u00f6ndagskv\u00e4llar som hon beh\u00f6vde hj\u00e4lp. \u00d6vriga dagar klarade sig Hulda sj\u00e4lv. Lisa har beskrivit henne som en liten och knubbig och v\u00e4ldigt v\u00e4nlig person.<\/p>\n<p dir=\"LTR\" style=\"text-align: left;\" align=\"JUSTIFY\">Torsten Haegerstam och Verner Vink ber\u00e4ttar i en intervju att de ofta gick till Huldas caf\u00e9, eller &#8221;Qvintans&#8221;, som de kallade fiket. Det fanns inga andra n\u00f6jen f\u00f6r vrigstadungdomarna \u00e4n att tr\u00e4ffas p\u00e5 fiken och kanske dra en spader. Hulda var mycket m\u00e5n om att pojkarna sk\u00f6tte sig.<\/p>\n<p dir=\"LTR\" style=\"text-align: left;\" align=\"JUSTIFY\">Gjorde de det kunde de f\u00e5 lyssna p\u00e5 hennes trattgrammofon. En helfika kostade 50 \u00f6re och en halvfika 25 \u00f6re. Helfikan bestod d\u00e5 av bulle, en h\u00e5rd och en mjuk kaka samt en sm\u00f6rg\u00e5s.<\/p>\n<p dir=\"LTR\" style=\"text-align: left;\" align=\"JUSTIFY\">Halvfikan hade ingen sm\u00f6rg\u00e5s. F\u00e4stefolk och f\u00f6rlovade kunde f\u00e5 ett eget rum d\u00e4r de kunde h\u00e5lla handen och kanske ta en puss i smyg. Men de var h\u00e5rt \u00f6vervakade av Hulda. Lisa ber\u00e4ttar att f\u00e4stefolket alltid fick finare kakor serverade \u00e4n de vanliga caf\u00e9g\u00e4sterna, vilket hon tyckte var m\u00e4rkligt.<\/p>\n<p dir=\"LTR\" style=\"text-align: left;\" align=\"JUSTIFY\">N\u00e5gra starka drycker fick inte f\u00f6rekomma. Det var Hulda mycket noga med. Vid marknader s\u00e5g hon dock mellan fingrarna om g\u00e4sterna ute i bers\u00e5n tog sig ett glas.<\/p>\n<figure id=\"attachment_3546\" aria-describedby=\"caption-attachment-3546\" style=\"width: 400px\" class=\"wp-caption alignnone\"><a href=\"https:\/\/media.vrigstadshembygdsforening.se\/\/W_1996.001.png\"><img loading=\"lazy\" decoding=\"async\" class=\"size-full wp-image-3546\" src=\"https:\/\/media.vrigstadshembygdsforening.se\/\/W_1996.001.png\" alt=\"\" width=\"400\" height=\"534\" srcset=\"https:\/\/media.vrigstadshembygdsforening.se\/W_1996.001.png 400w, https:\/\/media.vrigstadshembygdsforening.se\/W_1996.001-225x300.png 225w\" sizes=\"auto, (max-width: 400px) 100vw, 400px\" \/><\/a><figcaption id=\"caption-attachment-3546\" class=\"wp-caption-text\">Hulda Qvint drev Caf\u00e9 Gr\u00f6ndal under 12 \u00e5r. Det var ett popul\u00e4rt st\u00e4lle, d\u00e4r man kunde f\u00e5 rej\u00e4la sm\u00f6rg\u00e5sar och kaffe och lyssna p\u00e5 hennes vevgrammofon. Det blev en samlingsplats f\u00f6r ungdomarna, hon var inte s\u00e5 noga med st\u00e4ngningstiderna. Foto fr\u00e5n omkring 1915.<\/figcaption><\/figure>\n<p>&nbsp;<\/p>\n","protected":false},"excerpt":{"rendered":"<p>Hulda Qvint startade Caf\u00e9 Gr\u00f6ndal, S\u00e4vsj\u00f6v\u00e4gen 12, \u00e5r 1927 d\u00e5 hon k\u00f6pte huset. N\u00e4r kriget kom 1939 st\u00e4ngdes caf\u00e9et och<\/p>\n","protected":false},"author":1,"featured_media":0,"parent":0,"menu_order":0,"comment_status":"closed","ping_status":"closed","template":"","meta":{"footnotes":""},"class_list":["post-3545","page","type-page","status-publish","hentry"],"_links":{"self":[{"href":"https:\/\/vrigstadshembygdsforening.se\/index.php?rest_route=\/wp\/v2\/pages\/3545","targetHints":{"allow":["GET"]}}],"collection":[{"href":"https:\/\/vrigstadshembygdsforening.se\/index.php?rest_route=\/wp\/v2\/pages"}],"about":[{"href":"https:\/\/vrigstadshembygdsforening.se\/index.php?rest_route=\/wp\/v2\/types\/page"}],"author":[{"embeddable":true,"href":"https:\/\/vrigstadshembygdsforening.se\/index.php?rest_route=\/wp\/v2\/users\/1"}],"replies":[{"embeddable":true,"href":"https:\/\/vrigstadshembygdsforening.se\/index.php?rest_route=%2Fwp%2Fv2%2Fcomments&post=3545"}],"version-history":[{"count":1,"href":"https:\/\/vrigstadshembygdsforening.se\/index.php?rest_route=\/wp\/v2\/pages\/3545\/revisions"}],"predecessor-version":[{"id":3547,"href":"https:\/\/vrigstadshembygdsforening.se\/index.php?rest_route=\/wp\/v2\/pages\/3545\/revisions\/3547"}],"wp:attachment":[{"href":"https:\/\/vrigstadshembygdsforening.se\/index.php?rest_route=%2Fwp%2Fv2%2Fmedia&parent=3545"}],"curies":[{"name":"wp","href":"https:\/\/api.w.org\/{rel}","templated":true}]}}