{"id":3542,"date":"2019-02-18T15:10:33","date_gmt":"2019-02-18T15:10:33","guid":{"rendered":"http:\/\/vrigstadshembygdsforening.se\/?page_id=3542"},"modified":"2019-02-18T15:10:33","modified_gmt":"2019-02-18T15:10:33","slug":"bulla-kristin","status":"publish","type":"page","link":"https:\/\/vrigstadshembygdsforening.se\/?page_id=3542","title":{"rendered":"\u201dBulla-Kristin\u201d"},"content":{"rendered":"<p dir=\"LTR\" style=\"text-align: left;\" align=\"JUSTIFY\">Kristina Johansson startade sitt caf\u00e9 och bageri 1908 i Blomsholm, S\u00e4vsj\u00f6v\u00e4gen. Hon var f\u00f6dd 1869.<\/p>\n<p dir=\"LTR\" style=\"text-align: left;\" align=\"JUSTIFY\">\u00c5r 1908 \u00e5terv\u00e4nde hon till Vrigstad efter n\u00e5gra \u00e5r i USA och \u00f6ppnade d\u00e5 sitt caf\u00e9 i sin stuga.<br \/>\nStugan revs 1960.<\/p>\n<figure id=\"attachment_3543\" aria-describedby=\"caption-attachment-3543\" style=\"width: 700px\" class=\"wp-caption alignnone\"><a href=\"https:\/\/media.vrigstadshembygdsforening.se\/\/W_1979.439.png\"><img loading=\"lazy\" decoding=\"async\" class=\"size-full wp-image-3543\" src=\"https:\/\/media.vrigstadshembygdsforening.se\/\/W_1979.439.png\" alt=\"\" width=\"700\" height=\"480\" srcset=\"https:\/\/media.vrigstadshembygdsforening.se\/W_1979.439.png 700w, https:\/\/media.vrigstadshembygdsforening.se\/W_1979.439-300x206.png 300w\" sizes=\"auto, (max-width: 700px) 100vw, 700px\" \/><\/a><figcaption id=\"caption-attachment-3543\" class=\"wp-caption-text\">\u201dBulla-Kristin\u201d med en bricka till sina caf\u00e9g\u00e4ster 1915. Hon hade sitt bageri och caf\u00e9 i stugan Blomsholm utmed S\u00e4vsj\u00f6v\u00e4gen.<\/figcaption><\/figure>\n<p>&nbsp;<\/p>\n","protected":false},"excerpt":{"rendered":"<p>Kristina Johansson startade sitt caf\u00e9 och bageri 1908 i Blomsholm, S\u00e4vsj\u00f6v\u00e4gen. Hon var f\u00f6dd 1869. \u00c5r 1908 \u00e5terv\u00e4nde hon till<\/p>\n","protected":false},"author":1,"featured_media":0,"parent":0,"menu_order":0,"comment_status":"closed","ping_status":"closed","template":"","meta":{"footnotes":""},"class_list":["post-3542","page","type-page","status-publish","hentry"],"_links":{"self":[{"href":"https:\/\/vrigstadshembygdsforening.se\/index.php?rest_route=\/wp\/v2\/pages\/3542","targetHints":{"allow":["GET"]}}],"collection":[{"href":"https:\/\/vrigstadshembygdsforening.se\/index.php?rest_route=\/wp\/v2\/pages"}],"about":[{"href":"https:\/\/vrigstadshembygdsforening.se\/index.php?rest_route=\/wp\/v2\/types\/page"}],"author":[{"embeddable":true,"href":"https:\/\/vrigstadshembygdsforening.se\/index.php?rest_route=\/wp\/v2\/users\/1"}],"replies":[{"embeddable":true,"href":"https:\/\/vrigstadshembygdsforening.se\/index.php?rest_route=%2Fwp%2Fv2%2Fcomments&post=3542"}],"version-history":[{"count":1,"href":"https:\/\/vrigstadshembygdsforening.se\/index.php?rest_route=\/wp\/v2\/pages\/3542\/revisions"}],"predecessor-version":[{"id":3544,"href":"https:\/\/vrigstadshembygdsforening.se\/index.php?rest_route=\/wp\/v2\/pages\/3542\/revisions\/3544"}],"wp:attachment":[{"href":"https:\/\/vrigstadshembygdsforening.se\/index.php?rest_route=%2Fwp%2Fv2%2Fmedia&parent=3542"}],"curies":[{"name":"wp","href":"https:\/\/api.w.org\/{rel}","templated":true}]}}