{"id":3537,"date":"2019-02-18T15:08:01","date_gmt":"2019-02-18T15:08:01","guid":{"rendered":"http:\/\/vrigstadshembygdsforening.se\/?page_id=3537"},"modified":"2019-02-18T15:08:01","modified_gmt":"2019-02-18T15:08:01","slug":"bengtas-cafe","status":"publish","type":"page","link":"https:\/\/vrigstadshembygdsforening.se\/?page_id=3537","title":{"rendered":"Bengtas Caf\u00e9"},"content":{"rendered":"<p dir=\"LTR\" style=\"text-align: left;\" align=\"JUSTIFY\">Caf\u00e9innehavarinnan Alida Matilda (Mattis) Bengtsson f\u00f6ddes 1891 i F\u00f6rlanda Halland och dog 1969 i Vrigstad.<\/p>\n<p dir=\"LTR\" style=\"text-align: left;\" align=\"JUSTIFY\">Matilda var syster till barnmorskan Ida Sandstedt, som var gift med Hjalmar Sandstedt. Mattis drev fr\u00e5n 1927 och in p\u00e5 1960-talet caf\u00e9 p\u00e5 nedre botten i sv\u00e5gern Hjalmar Sandstedts hus, Torget 6, som l\u00e5g p\u00e5 nuvarande Jotos parkering. Caf\u00e9et kallades Bengtas caf\u00e9.<\/p>\n<figure id=\"attachment_3538\" aria-describedby=\"caption-attachment-3538\" style=\"width: 700px\" class=\"wp-caption alignnone\"><a href=\"https:\/\/media.vrigstadshembygdsforening.se\/\/W_2004.008.png\"><img loading=\"lazy\" decoding=\"async\" class=\"size-full wp-image-3538\" src=\"https:\/\/media.vrigstadshembygdsforening.se\/\/W_2004.008.png\" alt=\"\" width=\"700\" height=\"620\" srcset=\"https:\/\/media.vrigstadshembygdsforening.se\/W_2004.008.png 700w, https:\/\/media.vrigstadshembygdsforening.se\/W_2004.008-300x266.png 300w\" sizes=\"auto, (max-width: 700px) 100vw, 700px\" \/><\/a><figcaption id=\"caption-attachment-3538\" class=\"wp-caption-text\">Mattis Bengtsson, t.h, p\u00e5 cykeltur med systern Ida Sandstedt 1940.<\/figcaption><\/figure>\n<figure id=\"attachment_3539\" aria-describedby=\"caption-attachment-3539\" style=\"width: 700px\" class=\"wp-caption alignnone\"><a href=\"https:\/\/media.vrigstadshembygdsforening.se\/\/W_2004.010.png\"><img loading=\"lazy\" decoding=\"async\" class=\"size-full wp-image-3539\" src=\"https:\/\/media.vrigstadshembygdsforening.se\/\/W_2004.010.png\" alt=\"\" width=\"700\" height=\"447\" srcset=\"https:\/\/media.vrigstadshembygdsforening.se\/W_2004.010.png 700w, https:\/\/media.vrigstadshembygdsforening.se\/W_2004.010-300x192.png 300w\" sizes=\"auto, (max-width: 700px) 100vw, 700px\" \/><\/a><figcaption id=\"caption-attachment-3539\" class=\"wp-caption-text\">Bengtas caf\u00e9 1933.<\/figcaption><\/figure>\n<figure id=\"attachment_3540\" aria-describedby=\"caption-attachment-3540\" style=\"width: 700px\" class=\"wp-caption alignnone\"><a href=\"https:\/\/media.vrigstadshembygdsforening.se\/\/W_Bengtas-rivs.jpg\"><img loading=\"lazy\" decoding=\"async\" class=\"size-full wp-image-3540\" src=\"https:\/\/media.vrigstadshembygdsforening.se\/\/W_Bengtas-rivs.jpg\" alt=\"\" width=\"700\" height=\"479\" srcset=\"https:\/\/media.vrigstadshembygdsforening.se\/W_Bengtas-rivs.jpg 700w, https:\/\/media.vrigstadshembygdsforening.se\/W_Bengtas-rivs-300x205.jpg 300w\" sizes=\"auto, (max-width: 700px) 100vw, 700px\" \/><\/a><figcaption id=\"caption-attachment-3540\" class=\"wp-caption-text\">Bengtas caf\u00e9 revs 1983.<\/figcaption><\/figure>\n","protected":false},"excerpt":{"rendered":"<p>Caf\u00e9innehavarinnan Alida Matilda (Mattis) Bengtsson f\u00f6ddes 1891 i F\u00f6rlanda Halland och dog 1969 i Vrigstad. Matilda var syster till barnmorskan<\/p>\n","protected":false},"author":1,"featured_media":0,"parent":0,"menu_order":0,"comment_status":"closed","ping_status":"closed","template":"","meta":{"footnotes":""},"class_list":["post-3537","page","type-page","status-publish","hentry"],"_links":{"self":[{"href":"https:\/\/vrigstadshembygdsforening.se\/index.php?rest_route=\/wp\/v2\/pages\/3537","targetHints":{"allow":["GET"]}}],"collection":[{"href":"https:\/\/vrigstadshembygdsforening.se\/index.php?rest_route=\/wp\/v2\/pages"}],"about":[{"href":"https:\/\/vrigstadshembygdsforening.se\/index.php?rest_route=\/wp\/v2\/types\/page"}],"author":[{"embeddable":true,"href":"https:\/\/vrigstadshembygdsforening.se\/index.php?rest_route=\/wp\/v2\/users\/1"}],"replies":[{"embeddable":true,"href":"https:\/\/vrigstadshembygdsforening.se\/index.php?rest_route=%2Fwp%2Fv2%2Fcomments&post=3537"}],"version-history":[{"count":1,"href":"https:\/\/vrigstadshembygdsforening.se\/index.php?rest_route=\/wp\/v2\/pages\/3537\/revisions"}],"predecessor-version":[{"id":3541,"href":"https:\/\/vrigstadshembygdsforening.se\/index.php?rest_route=\/wp\/v2\/pages\/3537\/revisions\/3541"}],"wp:attachment":[{"href":"https:\/\/vrigstadshembygdsforening.se\/index.php?rest_route=%2Fwp%2Fv2%2Fmedia&parent=3537"}],"curies":[{"name":"wp","href":"https:\/\/api.w.org\/{rel}","templated":true}]}}