{"id":3525,"date":"2019-02-18T14:54:37","date_gmt":"2019-02-18T14:54:37","guid":{"rendered":"http:\/\/vrigstadshembygdsforening.se\/?page_id=3525"},"modified":"2019-02-18T14:54:37","modified_gmt":"2019-02-18T14:54:37","slug":"pizzeria-napoli-i-vrigstad","status":"publish","type":"page","link":"https:\/\/vrigstadshembygdsforening.se\/?page_id=3525","title":{"rendered":"Pizzeria Napoli i Vrigstad"},"content":{"rendered":"<p dir=\"LTR\" style=\"text-align: left;\" align=\"JUSTIFY\">Shaoki Kazour startade Pizzeria Napoli 2006 och driver den fortfarande.<\/p>\n<p dir=\"LTR\" style=\"text-align: left;\" align=\"JUSTIFY\">I samma lokaler, Torget 9, hade \u00e5r 1988 Pizzeria Fortune \u00f6ppnat, en av de f\u00f6rsta pizzeriorna i<br \/>\nVrigstad. I lokalen fanns tidigare en radio- och TV-aff\u00e4r.<\/p>\n<figure id=\"attachment_3526\" aria-describedby=\"caption-attachment-3526\" style=\"width: 700px\" class=\"wp-caption alignnone\"><a href=\"https:\/\/media.vrigstadshembygdsforening.se\/\/W_Pizzeria-Napoli.jpg\"><img loading=\"lazy\" decoding=\"async\" class=\"size-full wp-image-3526\" src=\"https:\/\/media.vrigstadshembygdsforening.se\/\/W_Pizzeria-Napoli.jpg\" alt=\"\" width=\"700\" height=\"507\" srcset=\"https:\/\/media.vrigstadshembygdsforening.se\/W_Pizzeria-Napoli.jpg 700w, https:\/\/media.vrigstadshembygdsforening.se\/W_Pizzeria-Napoli-300x217.jpg 300w\" sizes=\"auto, (max-width: 700px) 100vw, 700px\" \/><\/a><figcaption id=\"caption-attachment-3526\" class=\"wp-caption-text\">Shaoki Kazour f\u00e5r hj\u00e4lp av Evan Bitar i sin pizzeria.<\/figcaption><\/figure>\n<p>&nbsp;<\/p>\n","protected":false},"excerpt":{"rendered":"<p>Shaoki Kazour startade Pizzeria Napoli 2006 och driver den fortfarande. I samma lokaler, Torget 9, hade \u00e5r 1988 Pizzeria Fortune<\/p>\n","protected":false},"author":1,"featured_media":0,"parent":0,"menu_order":0,"comment_status":"closed","ping_status":"closed","template":"","meta":{"footnotes":""},"class_list":["post-3525","page","type-page","status-publish","hentry"],"_links":{"self":[{"href":"https:\/\/vrigstadshembygdsforening.se\/index.php?rest_route=\/wp\/v2\/pages\/3525","targetHints":{"allow":["GET"]}}],"collection":[{"href":"https:\/\/vrigstadshembygdsforening.se\/index.php?rest_route=\/wp\/v2\/pages"}],"about":[{"href":"https:\/\/vrigstadshembygdsforening.se\/index.php?rest_route=\/wp\/v2\/types\/page"}],"author":[{"embeddable":true,"href":"https:\/\/vrigstadshembygdsforening.se\/index.php?rest_route=\/wp\/v2\/users\/1"}],"replies":[{"embeddable":true,"href":"https:\/\/vrigstadshembygdsforening.se\/index.php?rest_route=%2Fwp%2Fv2%2Fcomments&post=3525"}],"version-history":[{"count":1,"href":"https:\/\/vrigstadshembygdsforening.se\/index.php?rest_route=\/wp\/v2\/pages\/3525\/revisions"}],"predecessor-version":[{"id":3527,"href":"https:\/\/vrigstadshembygdsforening.se\/index.php?rest_route=\/wp\/v2\/pages\/3525\/revisions\/3527"}],"wp:attachment":[{"href":"https:\/\/vrigstadshembygdsforening.se\/index.php?rest_route=%2Fwp%2Fv2%2Fmedia&parent=3525"}],"curies":[{"name":"wp","href":"https:\/\/api.w.org\/{rel}","templated":true}]}}