{"id":3519,"date":"2019-02-18T14:49:42","date_gmt":"2019-02-18T14:49:42","guid":{"rendered":"http:\/\/vrigstadshembygdsforening.se\/?page_id=3519"},"modified":"2019-02-18T14:49:42","modified_gmt":"2019-02-18T14:49:42","slug":"ingvar-stendahls-camping","status":"publish","type":"page","link":"https:\/\/vrigstadshembygdsforening.se\/?page_id=3519","title":{"rendered":"Ingvar Stendahls camping"},"content":{"rendered":"<p dir=\"LTR\" style=\"text-align: left;\" align=\"JUSTIFY\">Omkring 1957-58 anlade Ingvar Stendahl en\u00a0minigolfbana och uppf\u00f6rde \u00e4ven en kiosk, med bl.a. glassf\u00f6rs\u00e4ljning, i anslutning till den gamla badplatsen i Vrigstad.<\/p>\n<p dir=\"LTR\" style=\"text-align: left;\" align=\"JUSTIFY\">Bertil Karlsson tog \u00f6ver verksamheten och drev den tre \u00e5r. Den avvecklades 1968.<\/p>\n<figure id=\"attachment_3520\" aria-describedby=\"caption-attachment-3520\" style=\"width: 700px\" class=\"wp-caption alignnone\"><a href=\"https:\/\/media.vrigstadshembygdsforening.se\/\/W_Minigolf.jpg\"><img loading=\"lazy\" decoding=\"async\" class=\"size-full wp-image-3520\" src=\"https:\/\/media.vrigstadshembygdsforening.se\/\/W_Minigolf.jpg\" alt=\"\" width=\"700\" height=\"452\" srcset=\"https:\/\/media.vrigstadshembygdsforening.se\/W_Minigolf.jpg 700w, https:\/\/media.vrigstadshembygdsforening.se\/W_Minigolf-300x194.jpg 300w\" sizes=\"auto, (max-width: 700px) 100vw, 700px\" \/><\/a><figcaption id=\"caption-attachment-3520\" class=\"wp-caption-text\">Ingvar Stendahl hade en kiosk och anlade en minigolfbana vid Sl\u00e4ttsj\u00f6badet.<\/figcaption><\/figure>\n<p>&nbsp;<\/p>\n","protected":false},"excerpt":{"rendered":"<p>Omkring 1957-58 anlade Ingvar Stendahl en\u00a0minigolfbana och uppf\u00f6rde \u00e4ven en kiosk, med bl.a. glassf\u00f6rs\u00e4ljning, i anslutning till den gamla badplatsen<\/p>\n","protected":false},"author":1,"featured_media":0,"parent":0,"menu_order":0,"comment_status":"closed","ping_status":"closed","template":"","meta":{"footnotes":""},"class_list":["post-3519","page","type-page","status-publish","hentry"],"_links":{"self":[{"href":"https:\/\/vrigstadshembygdsforening.se\/index.php?rest_route=\/wp\/v2\/pages\/3519","targetHints":{"allow":["GET"]}}],"collection":[{"href":"https:\/\/vrigstadshembygdsforening.se\/index.php?rest_route=\/wp\/v2\/pages"}],"about":[{"href":"https:\/\/vrigstadshembygdsforening.se\/index.php?rest_route=\/wp\/v2\/types\/page"}],"author":[{"embeddable":true,"href":"https:\/\/vrigstadshembygdsforening.se\/index.php?rest_route=\/wp\/v2\/users\/1"}],"replies":[{"embeddable":true,"href":"https:\/\/vrigstadshembygdsforening.se\/index.php?rest_route=%2Fwp%2Fv2%2Fcomments&post=3519"}],"version-history":[{"count":1,"href":"https:\/\/vrigstadshembygdsforening.se\/index.php?rest_route=\/wp\/v2\/pages\/3519\/revisions"}],"predecessor-version":[{"id":3521,"href":"https:\/\/vrigstadshembygdsforening.se\/index.php?rest_route=\/wp\/v2\/pages\/3519\/revisions\/3521"}],"wp:attachment":[{"href":"https:\/\/vrigstadshembygdsforening.se\/index.php?rest_route=%2Fwp%2Fv2%2Fmedia&parent=3519"}],"curies":[{"name":"wp","href":"https:\/\/api.w.org\/{rel}","templated":true}]}}