{"id":3516,"date":"2019-02-18T14:47:37","date_gmt":"2019-02-18T14:47:37","guid":{"rendered":"http:\/\/vrigstadshembygdsforening.se\/?page_id=3516"},"modified":"2019-02-18T14:47:37","modified_gmt":"2019-02-18T14:47:37","slug":"hagens-fiskecamp-hagens-naturcamping","status":"publish","type":"page","link":"https:\/\/vrigstadshembygdsforening.se\/?page_id=3516","title":{"rendered":"Hagens Fiskecamp\/Hagens naturcamping"},"content":{"rendered":"<p dir=\"LTR\" style=\"text-align: left;\" align=\"JUSTIFY\">Sven och Anneli Lindbom tog de f\u00f6rsta stegen mot en turistanl\u00e4ggning i mitten av 80-talet d\u00e5 de byggde ett caf\u00e9 och ett mindre konferenshus.<\/p>\n<p dir=\"LTR\" style=\"text-align: left;\" align=\"JUSTIFY\">De hade \u00e4ven en fiskecamp med \u00e4delfisk i dammar. Sven b\u00f6rjade med en damm som med \u00e5ren ut\u00f6kades till 5-6 dammar p\u00e5 en yta av 30 000 m<sup><span style=\"font-size: small;\">2<\/span><\/sup>. Man hade \u00e4ven sex stugor f\u00f6r uthyrning.<\/p>\n<p dir=\"LTR\" style=\"text-align: left;\" align=\"JUSTIFY\">1989 startade paret Lindbom Hagens naturcamping, som de drev i tio \u00e5r. N\u00e4sta projekt blev<br \/>\nHagens kretsloppcenter, som drevs i samarbete med S\u00e4vsj\u00f6bygdens Ekobof\u00f6rening, Studief\u00f6rbundet Vuxenskolan, S\u00e4vsj\u00f6 kommun och skolan.<\/p>\n<p dir=\"LTR\" style=\"text-align: left;\" align=\"JUSTIFY\">Ett experimenthus best\u00e5ende av torv och \u00e5terbruksvaror uppf\u00f6rdes. Tanken var att l\u00e4ra barn att t\u00e4nka milj\u00f6medvetet.<\/p>\n<p dir=\"LTR\" style=\"text-align: left;\" align=\"JUSTIFY\">De s\u00e5lde Hagens turistanl\u00e4ggning, ett bostadshus och st\u00f6rre delen av skogen \u00e5r 2000 till makarna Bramer, som namn\u00e4ndrade anl\u00e4ggningen till Hagens Camping\/Vrigstad \u00c4lgpark.<\/p>\n<figure id=\"attachment_3517\" aria-describedby=\"caption-attachment-3517\" style=\"width: 700px\" class=\"wp-caption alignnone\"><a href=\"https:\/\/media.vrigstadshembygdsforening.se\/\/W_Hagens.png\"><img loading=\"lazy\" decoding=\"async\" class=\"size-full wp-image-3517\" src=\"https:\/\/media.vrigstadshembygdsforening.se\/\/W_Hagens.png\" alt=\"\" width=\"700\" height=\"978\" srcset=\"https:\/\/media.vrigstadshembygdsforening.se\/W_Hagens.png 700w, https:\/\/media.vrigstadshembygdsforening.se\/W_Hagens-215x300.png 215w\" sizes=\"auto, (max-width: 700px) 100vw, 700px\" \/><\/a><figcaption id=\"caption-attachment-3517\" class=\"wp-caption-text\">Broschyr f\u00f6r Hagens Naturcamping.<\/figcaption><\/figure>\n<p>&nbsp;<\/p>\n","protected":false},"excerpt":{"rendered":"<p>Sven och Anneli Lindbom tog de f\u00f6rsta stegen mot en turistanl\u00e4ggning i mitten av 80-talet d\u00e5 de byggde ett caf\u00e9<\/p>\n","protected":false},"author":1,"featured_media":0,"parent":0,"menu_order":0,"comment_status":"closed","ping_status":"closed","template":"","meta":{"footnotes":""},"class_list":["post-3516","page","type-page","status-publish","hentry"],"_links":{"self":[{"href":"https:\/\/vrigstadshembygdsforening.se\/index.php?rest_route=\/wp\/v2\/pages\/3516","targetHints":{"allow":["GET"]}}],"collection":[{"href":"https:\/\/vrigstadshembygdsforening.se\/index.php?rest_route=\/wp\/v2\/pages"}],"about":[{"href":"https:\/\/vrigstadshembygdsforening.se\/index.php?rest_route=\/wp\/v2\/types\/page"}],"author":[{"embeddable":true,"href":"https:\/\/vrigstadshembygdsforening.se\/index.php?rest_route=\/wp\/v2\/users\/1"}],"replies":[{"embeddable":true,"href":"https:\/\/vrigstadshembygdsforening.se\/index.php?rest_route=%2Fwp%2Fv2%2Fcomments&post=3516"}],"version-history":[{"count":1,"href":"https:\/\/vrigstadshembygdsforening.se\/index.php?rest_route=\/wp\/v2\/pages\/3516\/revisions"}],"predecessor-version":[{"id":3518,"href":"https:\/\/vrigstadshembygdsforening.se\/index.php?rest_route=\/wp\/v2\/pages\/3516\/revisions\/3518"}],"wp:attachment":[{"href":"https:\/\/vrigstadshembygdsforening.se\/index.php?rest_route=%2Fwp%2Fv2%2Fmedia&parent=3516"}],"curies":[{"name":"wp","href":"https:\/\/api.w.org\/{rel}","templated":true}]}}