{"id":3512,"date":"2019-02-18T14:45:29","date_gmt":"2019-02-18T14:45:29","guid":{"rendered":"http:\/\/vrigstadshembygdsforening.se\/?page_id=3512"},"modified":"2019-02-18T14:45:29","modified_gmt":"2019-02-18T14:45:29","slug":"hagens-camping-vrigstad-algpark","status":"publish","type":"page","link":"https:\/\/vrigstadshembygdsforening.se\/?page_id=3512","title":{"rendered":"Hagens Camping\/Vrigstad \u00c4lgpark"},"content":{"rendered":"<p dir=\"LTR\" align=\"JUSTIFY\">Jos och Hanneke Bramer tog \u00f6ver Hagens camping \u00e5r 2000. Man har renoverat de stugor som fanns<br \/>\nsedan tidigare samt byggt en ny. 2011 b\u00f6rjade man bygga \u00e4lgh\u00e4gn och 2012 skaffades de f\u00f6rsta \u00e4lgarna. Sedan 2015 har man \u00e4ven renar i h\u00e4gn i parken.<\/p>\n<p dir=\"LTR\" align=\"JUSTIFY\">\n<figure id=\"attachment_3513\" aria-describedby=\"caption-attachment-3513\" style=\"width: 700px\" class=\"wp-caption alignnone\"><a href=\"https:\/\/media.vrigstadshembygdsforening.se\/\/W_Alg-o-H.jpg\"><img loading=\"lazy\" decoding=\"async\" class=\"size-full wp-image-3513\" src=\"https:\/\/media.vrigstadshembygdsforening.se\/\/W_Alg-o-H.jpg\" alt=\"\" width=\"700\" height=\"556\" srcset=\"https:\/\/media.vrigstadshembygdsforening.se\/W_Alg-o-H.jpg 700w, https:\/\/media.vrigstadshembygdsforening.se\/W_Alg-o-H-300x238.jpg 300w\" sizes=\"auto, (max-width: 700px) 100vw, 700px\" \/><\/a><figcaption id=\"caption-attachment-3513\" class=\"wp-caption-text\">Hanneke Bramer matar \u00e4lgarna i \u00c4lgparken.<\/figcaption><\/figure>\n<figure id=\"attachment_3514\" aria-describedby=\"caption-attachment-3514\" style=\"width: 700px\" class=\"wp-caption alignnone\"><a href=\"https:\/\/media.vrigstadshembygdsforening.se\/\/W_Algpark.jpg\"><img loading=\"lazy\" decoding=\"async\" class=\"size-full wp-image-3514\" src=\"https:\/\/media.vrigstadshembygdsforening.se\/\/W_Algpark.jpg\" alt=\"\" width=\"700\" height=\"464\" srcset=\"https:\/\/media.vrigstadshembygdsforening.se\/W_Algpark.jpg 700w, https:\/\/media.vrigstadshembygdsforening.se\/W_Algpark-300x199.jpg 300w\" sizes=\"auto, (max-width: 700px) 100vw, 700px\" \/><\/a><figcaption id=\"caption-attachment-3514\" class=\"wp-caption-text\">Jos och Hanneke Bramer i sin reception och aff\u00e4r p\u00e5 Hagens Camping\/Vrigstad \u00c4lgpark.<\/figcaption><\/figure>\n<p>&nbsp;<\/p>\n","protected":false},"excerpt":{"rendered":"<p>Jos och Hanneke Bramer tog \u00f6ver Hagens camping \u00e5r 2000. Man har renoverat de stugor som fanns sedan tidigare samt<\/p>\n","protected":false},"author":1,"featured_media":0,"parent":0,"menu_order":0,"comment_status":"closed","ping_status":"closed","template":"","meta":{"footnotes":""},"class_list":["post-3512","page","type-page","status-publish","hentry"],"_links":{"self":[{"href":"https:\/\/vrigstadshembygdsforening.se\/index.php?rest_route=\/wp\/v2\/pages\/3512","targetHints":{"allow":["GET"]}}],"collection":[{"href":"https:\/\/vrigstadshembygdsforening.se\/index.php?rest_route=\/wp\/v2\/pages"}],"about":[{"href":"https:\/\/vrigstadshembygdsforening.se\/index.php?rest_route=\/wp\/v2\/types\/page"}],"author":[{"embeddable":true,"href":"https:\/\/vrigstadshembygdsforening.se\/index.php?rest_route=\/wp\/v2\/users\/1"}],"replies":[{"embeddable":true,"href":"https:\/\/vrigstadshembygdsforening.se\/index.php?rest_route=%2Fwp%2Fv2%2Fcomments&post=3512"}],"version-history":[{"count":1,"href":"https:\/\/vrigstadshembygdsforening.se\/index.php?rest_route=\/wp\/v2\/pages\/3512\/revisions"}],"predecessor-version":[{"id":3515,"href":"https:\/\/vrigstadshembygdsforening.se\/index.php?rest_route=\/wp\/v2\/pages\/3512\/revisions\/3515"}],"wp:attachment":[{"href":"https:\/\/vrigstadshembygdsforening.se\/index.php?rest_route=%2Fwp%2Fv2%2Fmedia&parent=3512"}],"curies":[{"name":"wp","href":"https:\/\/api.w.org\/{rel}","templated":true}]}}