{"id":3486,"date":"2019-02-17T21:18:13","date_gmt":"2019-02-17T21:18:13","guid":{"rendered":"http:\/\/vrigstadshembygdsforening.se\/?page_id=3486"},"modified":"2019-02-17T21:18:13","modified_gmt":"2019-02-17T21:18:13","slug":"mallanders-rumshotell","status":"publish","type":"page","link":"https:\/\/vrigstadshembygdsforening.se\/?page_id=3486","title":{"rendered":"Mallanders Rumshotell"},"content":{"rendered":"<p dir=\"LTR\" style=\"text-align: left;\" align=\"JUSTIFY\">1962-63 flyttades den tidigare m\u00f6belaff\u00e4ren p\u00e5 S\u00e4vsj\u00f6v\u00e4gen 6 till S\u00e4vsj\u00f6v\u00e4gen 4 och byggnaden gjordes om till rumshotell.<\/p>\n<p dir=\"LTR\" style=\"text-align: left;\" align=\"JUSTIFY\">Den 7 november 1986, efter 23 \u00e5rs verksamhet med rumshotellet, \u00f6verl\u00e4mnade Gunnar och Vivi Mallander f\u00f6retaget till Solveig Almberg. Totalt fanns 13 rum.<\/p>\n<p dir=\"LTR\" style=\"text-align: left;\" align=\"JUSTIFY\">1996 s\u00e5ldes fastigheten och r\u00f6relsen till Holger och Marita Borkowski som namn\u00e4ndrade till Vrigstad Rumsuthyrning.<\/p>\n<p>&nbsp;<\/p>\n","protected":false},"excerpt":{"rendered":"<p>1962-63 flyttades den tidigare m\u00f6belaff\u00e4ren p\u00e5 S\u00e4vsj\u00f6v\u00e4gen 6 till S\u00e4vsj\u00f6v\u00e4gen 4 och byggnaden gjordes om till rumshotell. Den 7 november<\/p>\n","protected":false},"author":1,"featured_media":0,"parent":0,"menu_order":0,"comment_status":"closed","ping_status":"closed","template":"","meta":{"footnotes":""},"class_list":["post-3486","page","type-page","status-publish","hentry"],"_links":{"self":[{"href":"https:\/\/vrigstadshembygdsforening.se\/index.php?rest_route=\/wp\/v2\/pages\/3486","targetHints":{"allow":["GET"]}}],"collection":[{"href":"https:\/\/vrigstadshembygdsforening.se\/index.php?rest_route=\/wp\/v2\/pages"}],"about":[{"href":"https:\/\/vrigstadshembygdsforening.se\/index.php?rest_route=\/wp\/v2\/types\/page"}],"author":[{"embeddable":true,"href":"https:\/\/vrigstadshembygdsforening.se\/index.php?rest_route=\/wp\/v2\/users\/1"}],"replies":[{"embeddable":true,"href":"https:\/\/vrigstadshembygdsforening.se\/index.php?rest_route=%2Fwp%2Fv2%2Fcomments&post=3486"}],"version-history":[{"count":1,"href":"https:\/\/vrigstadshembygdsforening.se\/index.php?rest_route=\/wp\/v2\/pages\/3486\/revisions"}],"predecessor-version":[{"id":3487,"href":"https:\/\/vrigstadshembygdsforening.se\/index.php?rest_route=\/wp\/v2\/pages\/3486\/revisions\/3487"}],"wp:attachment":[{"href":"https:\/\/vrigstadshembygdsforening.se\/index.php?rest_route=%2Fwp%2Fv2%2Fmedia&parent=3486"}],"curies":[{"name":"wp","href":"https:\/\/api.w.org\/{rel}","templated":true}]}}