{"id":3483,"date":"2019-02-17T21:17:28","date_gmt":"2019-02-17T21:17:28","guid":{"rendered":"http:\/\/vrigstadshembygdsforening.se\/?page_id=3483"},"modified":"2019-02-17T21:17:28","modified_gmt":"2019-02-17T21:17:28","slug":"jenny-lindgrens-pensionat","status":"publish","type":"page","link":"https:\/\/vrigstadshembygdsforening.se\/?page_id=3483","title":{"rendered":"Jenny Lindgrens Pensionat"},"content":{"rendered":"<p dir=\"LTR\" style=\"text-align: left;\" align=\"JUSTIFY\">Jenny Lindgren f\u00f6ddes 1873 i S\u00f6raby socken, Kronobergs l\u00e4n. Hon kom till Vrigstad 1919 och blev f\u00f6rest\u00e5ndare f\u00f6r restaurangen p\u00e5 Granbacken. Anl\u00e4ggningen drevs d\u00e5, sedan starten 1913, av Vrigstads Vattenkuranstalt.<\/p>\n<p dir=\"LTR\" style=\"text-align: left;\" align=\"JUSTIFY\">Vattenkuranstalten tvingades g\u00e5 i likvidation 1920 och anl\u00e4ggningen fick ny \u00e4gare. Jenny Lindgren \u00f6vertog restaurangr\u00f6relsen p\u00e5 Granbacken och drev den fram till 1931 d\u00e5 Helgelsef\u00f6rbundet ink\u00f6pte fastigheten.<\/p>\n<p dir=\"LTR\" style=\"text-align: left;\" align=\"JUSTIFY\">N\u00e4r Jenny kom till Vrigstad hyrde hon in sig i Bankg\u00e5rdens v\u00e4stra l\u00e4genhet i nedre planet (nuvarande bokm\u00e4rkes- och maskinmuseet i Gamla Bankg\u00e5rden). Efter att hon l\u00e4mnat restaurangr\u00f6relsen p\u00e5 Granbacken, startade hon nu pensionatsr\u00f6relse i sin rymliga l\u00e4genhet i Bankg\u00e5rden.<\/p>\n<p dir=\"LTR\" style=\"text-align: left;\" align=\"JUSTIFY\">Hon hade mat- och kaffeservering och tillhandah\u00f6ll resanderum med hel- eller halvpension. F\u00f6r detta beh\u00f6vdes ytterligare utrymme varf\u00f6r hon hyrde \u00f6verv\u00e5ningen i det r\u00f6da huset, som ligger<br \/>\nparallellt med \u00e5n och Kristina Nilssons v\u00e4g.<\/p>\n<p dir=\"LTR\" style=\"text-align: left;\" align=\"JUSTIFY\">Jenny anlitades ofta f\u00f6r middagar i samband med f\u00f6delsedagar, br\u00f6llop och begravningar.<\/p>\n<p dir=\"LTR\" style=\"text-align: left;\" align=\"JUSTIFY\">Hon var mycket sl\u00e4ktk\u00e4r och hade ofta stora egna bjudningar. Om somrarna fick hennes syskonbarn, och senare ocks\u00e5 deras barn, komma och hj\u00e4lpa till med servering, speciellt kaffeservering, som under Granbackstiden var f\u00f6rlagd till skogsbrynet norr om huvudbyggnaden.<\/p>\n<p dir=\"LTR\" style=\"text-align: left;\" align=\"JUSTIFY\">Jenny var faster till \u00e5keri\u00e4gare Karl Johanssons hustru Siri. Troligen var det s\u00e5 att Siri var hos fastern och hj\u00e4lpte till d\u00e5 hon tr\u00e4ffade sin livsledsagare i Vrigstad.<\/p>\n<p dir=\"LTR\" style=\"text-align: left;\" align=\"JUSTIFY\">En av helinackorderingsg\u00e4sterna hos Jenny var en riktig &#8221;l\u00e5ngliggare&#8221;. Han hette Karl Filip Andersson, f\u00f6dd 1871 i Asarum, Blekinge. Han kom till Vrigstad 1920, som apotekare. Han bodde i ett av rummen i r\u00f6da huset \u00e4nda till pensionatet upph\u00f6rde 1944 d\u00e5 Jenny Lindgren gick ur tiden. Apotekaren kom senare till \u00e5lderdomshemmet d\u00e4r han avled 1955. Jenny f\u00f6rblev ogift och kallades allm\u00e4nt f\u00f6r &#8221;Fr\u00f6ken Lindgren&#8221;.<\/p>\n<p dir=\"LTR\" style=\"text-align: left;\" align=\"JUSTIFY\">Efter fr\u00f6ken Lindgren kom ytterligare en fr\u00f6ken, som \u00f6vertog lokalerna. Det var Elsa Johansson, som \u00f6ppnade hembageri och kaf\u00e9r\u00f6relse. Hon hade ocks\u00e5 \u00f6vernattningsm\u00f6jligheter.<\/p>\n<figure id=\"attachment_3484\" aria-describedby=\"caption-attachment-3484\" style=\"width: 700px\" class=\"wp-caption alignnone\"><a href=\"https:\/\/media.vrigstadshembygdsforening.se\/\/W_Jenny-Lindgren.png\"><img loading=\"lazy\" decoding=\"async\" class=\"size-full wp-image-3484\" src=\"https:\/\/media.vrigstadshembygdsforening.se\/\/W_Jenny-Lindgren.png\" alt=\"\" width=\"700\" height=\"436\" srcset=\"https:\/\/media.vrigstadshembygdsforening.se\/W_Jenny-Lindgren.png 700w, https:\/\/media.vrigstadshembygdsforening.se\/W_Jenny-Lindgren-300x187.png 300w\" sizes=\"auto, (max-width: 700px) 100vw, 700px\" \/><\/a><figcaption id=\"caption-attachment-3484\" class=\"wp-caption-text\">\u00c5r 1923 firade Jenny Lindgren sin 50-\u00e5rsdag och bj\u00f6d in sl\u00e4kten till Granbacken. Jenny st\u00e5r i mitten i vit blus och som nummer tre fr\u00e5n h\u00f6ger st\u00e5r hennes brorsdotter Siri Lindgren, senare gift med \u00e5keri\u00e4garen Karl Johansson.<\/figcaption><\/figure>\n","protected":false},"excerpt":{"rendered":"<p>Jenny Lindgren f\u00f6ddes 1873 i S\u00f6raby socken, Kronobergs l\u00e4n. Hon kom till Vrigstad 1919 och blev f\u00f6rest\u00e5ndare f\u00f6r restaurangen p\u00e5<\/p>\n","protected":false},"author":1,"featured_media":0,"parent":0,"menu_order":0,"comment_status":"closed","ping_status":"closed","template":"","meta":{"footnotes":""},"class_list":["post-3483","page","type-page","status-publish","hentry"],"_links":{"self":[{"href":"https:\/\/vrigstadshembygdsforening.se\/index.php?rest_route=\/wp\/v2\/pages\/3483","targetHints":{"allow":["GET"]}}],"collection":[{"href":"https:\/\/vrigstadshembygdsforening.se\/index.php?rest_route=\/wp\/v2\/pages"}],"about":[{"href":"https:\/\/vrigstadshembygdsforening.se\/index.php?rest_route=\/wp\/v2\/types\/page"}],"author":[{"embeddable":true,"href":"https:\/\/vrigstadshembygdsforening.se\/index.php?rest_route=\/wp\/v2\/users\/1"}],"replies":[{"embeddable":true,"href":"https:\/\/vrigstadshembygdsforening.se\/index.php?rest_route=%2Fwp%2Fv2%2Fcomments&post=3483"}],"version-history":[{"count":1,"href":"https:\/\/vrigstadshembygdsforening.se\/index.php?rest_route=\/wp\/v2\/pages\/3483\/revisions"}],"predecessor-version":[{"id":3485,"href":"https:\/\/vrigstadshembygdsforening.se\/index.php?rest_route=\/wp\/v2\/pages\/3483\/revisions\/3485"}],"wp:attachment":[{"href":"https:\/\/vrigstadshembygdsforening.se\/index.php?rest_route=%2Fwp%2Fv2%2Fmedia&parent=3483"}],"curies":[{"name":"wp","href":"https:\/\/api.w.org\/{rel}","templated":true}]}}