{"id":3471,"date":"2019-02-17T21:04:03","date_gmt":"2019-02-17T21:04:03","guid":{"rendered":"http:\/\/vrigstadshembygdsforening.se\/?page_id=3471"},"modified":"2020-10-23T16:17:49","modified_gmt":"2020-10-23T16:17:49","slug":"granbacken-2","status":"publish","type":"page","link":"https:\/\/vrigstadshembygdsforening.se\/?page_id=3471","title":{"rendered":"Granbacken"},"content":{"rendered":"<p dir=\"LTR\" style=\"text-align: left;\" align=\"JUSTIFY\">Vrigstads Vattenkuranstalt, som startade h\u00e4r 1913, tvingades 1920 i likvidation. Smeden C. M. Karlsson k\u00f6pte anl\u00e4ggningen efter likvidationen och Jenny Lindgren drev restaurangen vidare \u2013 nu under namnet Granbacken. Karlsson hade f\u00f6rhoppningar om att kunna \u00e5teruppta den h\u00e4lsobringande verksamheten, men hade ingen st\u00f6rre lycka.<\/p>\n<p dir=\"LTR\" style=\"text-align: left;\" align=\"JUSTIFY\">C. M. Karlsson var \u00e4ven ordf\u00f6rande i Helgelsef\u00f6rbundets distriktsmission i Sm\u00e5land och 1931 s\u00e5lde han anl\u00e4ggningen till ett f\u00f6rm\u00e5nligt pris till Helgelsef\u00f6rbundet.<\/p>\n<p dir=\"LTR\" align=\"JUSTIFY\"><a href=\"https:\/\/media.vrigstadshembygdsforening.se\/\/Helgelse_1.jpg\"><img loading=\"lazy\" decoding=\"async\" class=\"alignnone size-full wp-image-4391\" src=\"https:\/\/media.vrigstadshembygdsforening.se\/\/Helgelse_1.jpg\" alt=\"\" width=\"843\" height=\"544\" srcset=\"https:\/\/media.vrigstadshembygdsforening.se\/Helgelse_1.jpg 843w, https:\/\/media.vrigstadshembygdsforening.se\/Helgelse_1-300x194.jpg 300w, https:\/\/media.vrigstadshembygdsforening.se\/Helgelse_1-768x496.jpg 768w\" sizes=\"auto, (max-width: 843px) 100vw, 843px\" \/><\/a><\/p>\n<figure id=\"attachment_4392\" aria-describedby=\"caption-attachment-4392\" style=\"width: 840px\" class=\"wp-caption alignnone\"><a href=\"https:\/\/media.vrigstadshembygdsforening.se\/\/Helgelse_2.jpg\"><img loading=\"lazy\" decoding=\"async\" class=\"size-full wp-image-4392\" src=\"https:\/\/media.vrigstadshembygdsforening.se\/\/Helgelse_2.jpg\" alt=\"\" width=\"840\" height=\"545\" srcset=\"https:\/\/media.vrigstadshembygdsforening.se\/Helgelse_2.jpg 840w, https:\/\/media.vrigstadshembygdsforening.se\/Helgelse_2-300x195.jpg 300w, https:\/\/media.vrigstadshembygdsforening.se\/Helgelse_2-768x498.jpg 768w\" sizes=\"auto, (max-width: 840px) 100vw, 840px\" \/><\/a><figcaption id=\"caption-attachment-4392\" class=\"wp-caption-text\">Marknadsf\u00f6ringsmaterial f\u00f6r Granbacken \u00e5r 1938.<\/figcaption><\/figure>\n<p dir=\"LTR\" style=\"text-align: left;\" align=\"JUSTIFY\">En m\u00e5ng\u00e5rig f\u00f6rest\u00e5ndare f\u00f6r Granbacken var Lilly S\u00f6derberg, som var anst\u00e4lld under \u00e5ren 1938 till 1961, d\u00e4refter som bitr\u00e4dande f\u00f6rest\u00e5ndare till pensioneringen 1967. Fr.o.m. 1983 t.o.m. 1990 ansvarade Ingvar och Irma Nystr\u00f6m f\u00f6r anl\u00e4ggningen, d\u00e4refter Anders Wisth med hustru.<\/p>\n<p dir=\"LTR\" style=\"text-align: left;\" align=\"JUSTIFY\">1992 blev Nancy och Ivan Anefur nya f\u00f6rest\u00e5ndare som drev r\u00f6relsen under namnet Granbacken pensionat och restaurang AB till \u00e5r 1995. Efter det ansvarade Ingvar och Irma Nystr\u00f6m \u00e5ter f\u00f6r anl\u00e4ggningen fram till \u00e5r 2000.<\/p>\n<p dir=\"LTR\" style=\"text-align: left;\" align=\"JUSTIFY\">\u00c5r 2000 s\u00e5lde Helgelsef\u00f6rbundet Granbacken till Agneta och Torbj\u00f6rn Tornet, som drev pensionatsr\u00f6relsen till 2004. D\u00e5 s\u00e5ldes \u00e5terigen Granbacken, nu till Stiftelsen Korsets kraft som representerades av Bill L\u00f6fbom. \u00c5r 2004 k\u00f6pte organisationen Levande Familjer fastigheten och verksamheten drevs av Lasse och Marie Nyl\u00e9n.<\/p>\n<p dir=\"LTR\" style=\"text-align: left;\" align=\"JUSTIFY\">2012 f\u00e5r Svante Stenervik och Martin Baum en f\u00f6rfr\u00e5gan av Levande familjer om att f\u00f6rv\u00e4rva Granbacken i Vrigstad. Tidpunkten passade in i verksamheten, d\u00e5 det var stort tryck p\u00e5 hotell- och konferensmarknaden.<\/p>\n<p dir=\"LTR\" style=\"text-align: left;\" align=\"JUSTIFY\">De k\u00f6per fastigheten genom bolaget Vrigstad V\u00e4rdshus Konsult AB och skapar Granbacken<br \/>\nHotell och Vandrarhem. Man bygger en stor festlokal p\u00e5 n\u00e4rmare 300 m<sup><span style=\"font-size: small;\">2<\/span><\/sup> i det s.k. Badhuset, som sedan blivit en popul\u00e4r br\u00f6llopslokal samt konferenslokal.<\/p>\n<p dir=\"LTR\" style=\"text-align: left;\" align=\"JUSTIFY\">2015 p\u00e5 h\u00f6sten skriver man ett samarbetsavtal med Migrationsverket och bedriver p\u00e5 Granbackens boendeanl\u00e4ggningar asylverksamhet med 60-70 talet flyktingar. Den 8 november 2015 anl\u00e4nde de f\u00f6rsta asyls\u00f6kande till det som nu heter Granbackens Asylboende i Vrigstad. Det gamla Badhuset anv\u00e4nds fortfarande som festlokal f\u00f6r best\u00e4llningar.<\/p>\n<figure id=\"attachment_3473\" aria-describedby=\"caption-attachment-3473\" style=\"width: 700px\" class=\"wp-caption alignnone\"><a href=\"https:\/\/media.vrigstadshembygdsforening.se\/\/W_1980.045.png\"><img loading=\"lazy\" decoding=\"async\" class=\"size-full wp-image-3473\" src=\"https:\/\/media.vrigstadshembygdsforening.se\/\/W_1980.045.png\" alt=\"\" width=\"700\" height=\"468\" srcset=\"https:\/\/media.vrigstadshembygdsforening.se\/W_1980.045.png 700w, https:\/\/media.vrigstadshembygdsforening.se\/W_1980.045-300x201.png 300w\" sizes=\"auto, (max-width: 700px) 100vw, 700px\" \/><\/a><figcaption id=\"caption-attachment-3473\" class=\"wp-caption-text\">Direkt fr\u00e5n d\u00f6dsl\u00e4gret i Auschwitz kom i maj 1945 32 ungerska judinnor f\u00f6r att \u00e5terh\u00e4mta krafter efter de sv\u00e5ra \u00e5ren i f\u00e5ngenskap. De var f\u00f6rlagda i gamla badhuset vid Granbacken, d\u00e4r hemv\u00e4rnet hade hand om vakth\u00e5llningen.<\/figcaption><\/figure>\n<figure id=\"attachment_3472\" aria-describedby=\"caption-attachment-3472\" style=\"width: 700px\" class=\"wp-caption alignnone\"><a href=\"https:\/\/media.vrigstadshembygdsforening.se\/\/W_1998.034.png\"><img loading=\"lazy\" decoding=\"async\" class=\"size-full wp-image-3472\" src=\"https:\/\/media.vrigstadshembygdsforening.se\/\/W_1998.034.png\" alt=\"\" width=\"700\" height=\"437\" srcset=\"https:\/\/media.vrigstadshembygdsforening.se\/W_1998.034.png 700w, https:\/\/media.vrigstadshembygdsforening.se\/W_1998.034-300x187.png 300w\" sizes=\"auto, (max-width: 700px) 100vw, 700px\" \/><\/a><figcaption id=\"caption-attachment-3472\" class=\"wp-caption-text\">Granbacken 1950.<\/figcaption><\/figure>\n","protected":false},"excerpt":{"rendered":"<p>Vrigstads Vattenkuranstalt, som startade h\u00e4r 1913, tvingades 1920 i likvidation. Smeden C. M. Karlsson k\u00f6pte anl\u00e4ggningen efter likvidationen och Jenny<\/p>\n","protected":false},"author":1,"featured_media":0,"parent":0,"menu_order":0,"comment_status":"closed","ping_status":"closed","template":"","meta":{"footnotes":""},"class_list":["post-3471","page","type-page","status-publish","hentry"],"_links":{"self":[{"href":"https:\/\/vrigstadshembygdsforening.se\/index.php?rest_route=\/wp\/v2\/pages\/3471","targetHints":{"allow":["GET"]}}],"collection":[{"href":"https:\/\/vrigstadshembygdsforening.se\/index.php?rest_route=\/wp\/v2\/pages"}],"about":[{"href":"https:\/\/vrigstadshembygdsforening.se\/index.php?rest_route=\/wp\/v2\/types\/page"}],"author":[{"embeddable":true,"href":"https:\/\/vrigstadshembygdsforening.se\/index.php?rest_route=\/wp\/v2\/users\/1"}],"replies":[{"embeddable":true,"href":"https:\/\/vrigstadshembygdsforening.se\/index.php?rest_route=%2Fwp%2Fv2%2Fcomments&post=3471"}],"version-history":[{"count":2,"href":"https:\/\/vrigstadshembygdsforening.se\/index.php?rest_route=\/wp\/v2\/pages\/3471\/revisions"}],"predecessor-version":[{"id":4393,"href":"https:\/\/vrigstadshembygdsforening.se\/index.php?rest_route=\/wp\/v2\/pages\/3471\/revisions\/4393"}],"wp:attachment":[{"href":"https:\/\/vrigstadshembygdsforening.se\/index.php?rest_route=%2Fwp%2Fv2%2Fmedia&parent=3471"}],"curies":[{"name":"wp","href":"https:\/\/api.w.org\/{rel}","templated":true}]}}