{"id":3383,"date":"2019-02-17T16:04:07","date_gmt":"2019-02-17T16:04:07","guid":{"rendered":"http:\/\/vrigstadshembygdsforening.se\/?page_id=3383"},"modified":"2019-02-17T16:04:29","modified_gmt":"2019-02-17T16:04:29","slug":"josef-carlsson","status":"publish","type":"page","link":"https:\/\/vrigstadshembygdsforening.se\/?page_id=3383","title":{"rendered":"Josef Carlsson"},"content":{"rendered":"<p dir=\"LTR\" style=\"text-align: left;\" align=\"JUSTIFY\">Josef Carlsson, f\u00f6dd 1897, startade tidigt ett &#8221;h\u00e4st-\u00e5keri&#8221;. 1923 blev \u00e5keriet motoriserat och han fick d\u00e5 tillst\u00e5nd att utf\u00f6ra yrkesm\u00e4ssig automobiltrafik inom J\u00f6nk\u00f6pings, Skaraborgs, \u00c4lvsborgs, Kronobergs, Kalmars, Hallands och \u00d6sterg\u00f6tlands l\u00e4n.<\/p>\n<p dir=\"LTR\" align=\"JUSTIFY\">1924 erh\u00f6ll han L\u00e4nsstyrelsens tillst\u00e5nd till l\u00e4nstrafik f\u00f6r \u00f6ppnande av busslinje Vrigstad \u2013 Lammhult \u2013 V\u00e4xj\u00f6 samt K\u00e4nnestubba \u2013 Hultsj\u00f6 \u2013 S\u00e4vsj\u00f6.<\/p>\n<p dir=\"LTR\" align=\"JUSTIFY\">Han s\u00f6kte \u00e4ven f\u00f6r andra str\u00e4ckor men fick\u00a0avslag p.g.a. v\u00e4garnas beskaffenhet \u2013 backiga, smala och krokiga.<\/p>\n<p dir=\"LTR\" align=\"JUSTIFY\">1931 fick han tillst\u00e5nd att k\u00f6ra f\u00f6reningar, s\u00e4llskap och sammanslutningar.<\/p>\n<p dir=\"LTR\" align=\"JUSTIFY\">1938 s\u00e5lde han bussen f\u00f6r linjetrafik och postbefordring p\u00e5 linjen K\u00e4nnestubba \u2013 S\u00e4vsj\u00f6 till Arvid Bloom, S\u00e4vsj\u00f6. 1941 s\u00e5ldes bussr\u00f6relsen med linjerna Vrigstad \u2013 Lammhult \u2013 V\u00e4xj\u00f6 till Aktiebolaget ONE.<\/p>\n<figure id=\"attachment_3385\" aria-describedby=\"caption-attachment-3385\" style=\"width: 700px\" class=\"wp-caption alignnone\"><a href=\"https:\/\/media.vrigstadshembygdsforening.se\/\/W_2015.084.png\"><img loading=\"lazy\" decoding=\"async\" class=\"size-full wp-image-3385\" src=\"https:\/\/media.vrigstadshembygdsforening.se\/\/W_2015.084.png\" alt=\"\" width=\"700\" height=\"387\" srcset=\"https:\/\/media.vrigstadshembygdsforening.se\/W_2015.084.png 700w, https:\/\/media.vrigstadshembygdsforening.se\/W_2015.084-300x166.png 300w\" sizes=\"auto, (max-width: 700px) 100vw, 700px\" \/><\/a><figcaption id=\"caption-attachment-3385\" class=\"wp-caption-text\">Josef Carlsson, t.v. i mitten av 1920-talet med sin bilpark. T.h. st\u00e5r Erik Hallstr\u00f6m.<\/figcaption><\/figure>\n<figure id=\"attachment_3384\" aria-describedby=\"caption-attachment-3384\" style=\"width: 700px\" class=\"wp-caption alignnone\"><a href=\"https:\/\/media.vrigstadshembygdsforening.se\/\/W_2015.046.png\"><img loading=\"lazy\" decoding=\"async\" class=\"size-full wp-image-3384\" src=\"https:\/\/media.vrigstadshembygdsforening.se\/\/W_2015.046.png\" alt=\"\" width=\"700\" height=\"541\" srcset=\"https:\/\/media.vrigstadshembygdsforening.se\/W_2015.046.png 700w, https:\/\/media.vrigstadshembygdsforening.se\/W_2015.046-300x232.png 300w\" sizes=\"auto, (max-width: 700px) 100vw, 700px\" \/><\/a><figcaption id=\"caption-attachment-3384\" class=\"wp-caption-text\"><span lang=\"SV\">1924 fick Josef Carlsson tillst\u00e5nd f\u00f6r omnibusstrafik p\u00e5 str\u00e4ckan Vrigstad-Lammhult-V\u00e4xj\u00f6. Han hade ocks\u00e5 tillst\u00e5nd f\u00f6r &#8221;n\u00f6jesresor&#8221;. H\u00e4r en ljusskadad bild fr\u00e5n en s\u00e5dan resa i b\u00f6rjan p\u00e5 1930-talet. <\/span><\/figcaption><\/figure>\n<figure id=\"attachment_3386\" aria-describedby=\"caption-attachment-3386\" style=\"width: 700px\" class=\"wp-caption alignnone\"><a href=\"https:\/\/media.vrigstadshembygdsforening.se\/\/W_Josef-Carlssons-Bilstation.jpg\"><img loading=\"lazy\" decoding=\"async\" class=\"size-full wp-image-3386\" src=\"https:\/\/media.vrigstadshembygdsforening.se\/\/W_Josef-Carlssons-Bilstation.jpg\" alt=\"\" width=\"700\" height=\"236\" srcset=\"https:\/\/media.vrigstadshembygdsforening.se\/W_Josef-Carlssons-Bilstation.jpg 700w, https:\/\/media.vrigstadshembygdsforening.se\/W_Josef-Carlssons-Bilstation-300x101.jpg 300w\" sizes=\"auto, (max-width: 700px) 100vw, 700px\" \/><\/a><figcaption id=\"caption-attachment-3386\" class=\"wp-caption-text\">En enkel annons f\u00f6r verksamheten 1928.<\/figcaption><\/figure>\n","protected":false},"excerpt":{"rendered":"<p>Josef Carlsson, f\u00f6dd 1897, startade tidigt ett &#8221;h\u00e4st-\u00e5keri&#8221;. 1923 blev \u00e5keriet motoriserat och han fick d\u00e5 tillst\u00e5nd att utf\u00f6ra yrkesm\u00e4ssig<\/p>\n","protected":false},"author":1,"featured_media":0,"parent":0,"menu_order":0,"comment_status":"closed","ping_status":"closed","template":"","meta":{"footnotes":""},"class_list":["post-3383","page","type-page","status-publish","hentry"],"_links":{"self":[{"href":"https:\/\/vrigstadshembygdsforening.se\/index.php?rest_route=\/wp\/v2\/pages\/3383","targetHints":{"allow":["GET"]}}],"collection":[{"href":"https:\/\/vrigstadshembygdsforening.se\/index.php?rest_route=\/wp\/v2\/pages"}],"about":[{"href":"https:\/\/vrigstadshembygdsforening.se\/index.php?rest_route=\/wp\/v2\/types\/page"}],"author":[{"embeddable":true,"href":"https:\/\/vrigstadshembygdsforening.se\/index.php?rest_route=\/wp\/v2\/users\/1"}],"replies":[{"embeddable":true,"href":"https:\/\/vrigstadshembygdsforening.se\/index.php?rest_route=%2Fwp%2Fv2%2Fcomments&post=3383"}],"version-history":[{"count":2,"href":"https:\/\/vrigstadshembygdsforening.se\/index.php?rest_route=\/wp\/v2\/pages\/3383\/revisions"}],"predecessor-version":[{"id":3388,"href":"https:\/\/vrigstadshembygdsforening.se\/index.php?rest_route=\/wp\/v2\/pages\/3383\/revisions\/3388"}],"wp:attachment":[{"href":"https:\/\/vrigstadshembygdsforening.se\/index.php?rest_route=%2Fwp%2Fv2%2Fmedia&parent=3383"}],"curies":[{"name":"wp","href":"https:\/\/api.w.org\/{rel}","templated":true}]}}