{"id":3379,"date":"2019-02-17T15:57:04","date_gmt":"2019-02-17T15:57:04","guid":{"rendered":"http:\/\/vrigstadshembygdsforening.se\/?page_id=3379"},"modified":"2019-02-17T15:58:24","modified_gmt":"2019-02-17T15:58:24","slug":"hjalmar-sandstedt","status":"publish","type":"page","link":"https:\/\/vrigstadshembygdsforening.se\/?page_id=3379","title":{"rendered":"Hjalmar Sandstedt"},"content":{"rendered":"<p dir=\"LTR\" style=\"text-align: left;\" align=\"JUSTIFY\">Hjalmar Sandstedt trafikerade bl.a. linjen Vrigstad-V\u00e4rnamo. Efter kriget tog Linjebuss AB \u00f6ver samtliga linjer och de utgick d\u00e5 inte l\u00e4ngre fr\u00e5n Torget 8 utan fr\u00e5n nya busstationen.<\/p>\n<figure id=\"attachment_3381\" aria-describedby=\"caption-attachment-3381\" style=\"width: 700px\" class=\"wp-caption alignnone\"><a href=\"https:\/\/media.vrigstadshembygdsforening.se\/\/W_2004.009.png\"><img loading=\"lazy\" decoding=\"async\" class=\"size-full wp-image-3381\" src=\"https:\/\/media.vrigstadshembygdsforening.se\/\/W_2004.009.png\" alt=\"\" width=\"700\" height=\"452\" srcset=\"https:\/\/media.vrigstadshembygdsforening.se\/W_2004.009.png 700w, https:\/\/media.vrigstadshembygdsforening.se\/W_2004.009-300x194.png 300w\" sizes=\"auto, (max-width: 700px) 100vw, 700px\" \/><\/a><figcaption id=\"caption-attachment-3381\" class=\"wp-caption-text\">Hjalmar Sandstedt, till h\u00f6ger, tillsammans med ett par ok\u00e4nda chauff\u00f6rer framf\u00f6r Bengtas Caf\u00e9. Bild fr\u00e5n cirka 1930.<\/figcaption><\/figure>\n<figure id=\"attachment_3380\" aria-describedby=\"caption-attachment-3380\" style=\"width: 700px\" class=\"wp-caption alignnone\"><a href=\"https:\/\/media.vrigstadshembygdsforening.se\/\/W_2004.006.png\"><img loading=\"lazy\" decoding=\"async\" class=\"size-full wp-image-3380\" src=\"https:\/\/media.vrigstadshembygdsforening.se\/\/W_2004.006.png\" alt=\"\" width=\"700\" height=\"344\" srcset=\"https:\/\/media.vrigstadshembygdsforening.se\/W_2004.006.png 700w, https:\/\/media.vrigstadshembygdsforening.se\/W_2004.006-300x147.png 300w\" sizes=\"auto, (max-width: 700px) 100vw, 700px\" \/><\/a><figcaption id=\"caption-attachment-3380\" class=\"wp-caption-text\">Hjalmar Sandstedt startade 1926, tillsammans med Gunnar Hafstr\u00f6m, en omnibusslinje Stockaryd-V\u00e4rnamo. 1936 \u00f6verl\u00e4t Hafstr\u00f6m sin del i bolaget till Artur Boman, Fryele. H\u00e4r syns Hjalmar tillsammans med sonen Kjell i den nyink\u00f6pta Volvon. Bild fr\u00e5n 1938.<\/figcaption><\/figure>\n","protected":false},"excerpt":{"rendered":"<p>Hjalmar Sandstedt trafikerade bl.a. linjen Vrigstad-V\u00e4rnamo. Efter kriget tog Linjebuss AB \u00f6ver samtliga linjer och de utgick d\u00e5 inte l\u00e4ngre<\/p>\n","protected":false},"author":1,"featured_media":0,"parent":0,"menu_order":0,"comment_status":"closed","ping_status":"closed","template":"","meta":{"footnotes":""},"class_list":["post-3379","page","type-page","status-publish","hentry"],"_links":{"self":[{"href":"https:\/\/vrigstadshembygdsforening.se\/index.php?rest_route=\/wp\/v2\/pages\/3379","targetHints":{"allow":["GET"]}}],"collection":[{"href":"https:\/\/vrigstadshembygdsforening.se\/index.php?rest_route=\/wp\/v2\/pages"}],"about":[{"href":"https:\/\/vrigstadshembygdsforening.se\/index.php?rest_route=\/wp\/v2\/types\/page"}],"author":[{"embeddable":true,"href":"https:\/\/vrigstadshembygdsforening.se\/index.php?rest_route=\/wp\/v2\/users\/1"}],"replies":[{"embeddable":true,"href":"https:\/\/vrigstadshembygdsforening.se\/index.php?rest_route=%2Fwp%2Fv2%2Fcomments&post=3379"}],"version-history":[{"count":1,"href":"https:\/\/vrigstadshembygdsforening.se\/index.php?rest_route=\/wp\/v2\/pages\/3379\/revisions"}],"predecessor-version":[{"id":3382,"href":"https:\/\/vrigstadshembygdsforening.se\/index.php?rest_route=\/wp\/v2\/pages\/3379\/revisions\/3382"}],"wp:attachment":[{"href":"https:\/\/vrigstadshembygdsforening.se\/index.php?rest_route=%2Fwp%2Fv2%2Fmedia&parent=3379"}],"curies":[{"name":"wp","href":"https:\/\/api.w.org\/{rel}","templated":true}]}}