{"id":3376,"date":"2019-02-17T15:54:06","date_gmt":"2019-02-17T15:54:06","guid":{"rendered":"http:\/\/vrigstadshembygdsforening.se\/?page_id=3376"},"modified":"2019-02-17T15:54:06","modified_gmt":"2019-02-17T15:54:06","slug":"gunnar-karlssons-bilstation","status":"publish","type":"page","link":"https:\/\/vrigstadshembygdsforening.se\/?page_id=3376","title":{"rendered":"Gunnar Karlssons Bilstation"},"content":{"rendered":"<p dir=\"LTR\" style=\"text-align: left;\" align=\"JUSTIFY\">Bilstationen startade ny\u00e5ret 1948\/49. Bilstationen fanns i Gunnars bostad p\u00e5 Njudungsv\u00e4gen 2. Han hade ingen fast anst\u00e4lld personal.<\/p>\n<p dir=\"LTR\" style=\"text-align: left;\" align=\"JUSTIFY\">Erik Nilsson, Axel Marz samt \u00c5ke och Rune Gustavsson hoppade in vid behov. Taxir\u00f6relsen s\u00e5ldes 1963 till Arne och Gunilla Gustavsson.<\/p>\n<figure id=\"attachment_3377\" aria-describedby=\"caption-attachment-3377\" style=\"width: 700px\" class=\"wp-caption alignnone\"><a href=\"https:\/\/media.vrigstadshembygdsforening.se\/\/W_G_Karlsson.png\"><img loading=\"lazy\" decoding=\"async\" class=\"size-full wp-image-3377\" src=\"https:\/\/media.vrigstadshembygdsforening.se\/\/W_G_Karlsson.png\" alt=\"\" width=\"700\" height=\"466\" srcset=\"https:\/\/media.vrigstadshembygdsforening.se\/W_G_Karlsson.png 700w, https:\/\/media.vrigstadshembygdsforening.se\/W_G_Karlsson-300x200.png 300w\" sizes=\"auto, (max-width: 700px) 100vw, 700px\" \/><\/a><figcaption id=\"caption-attachment-3377\" class=\"wp-caption-text\">Gunnar Karlsson med sin taxibil.<\/figcaption><\/figure>\n<p>&nbsp;<\/p>\n","protected":false},"excerpt":{"rendered":"<p>Bilstationen startade ny\u00e5ret 1948\/49. Bilstationen fanns i Gunnars bostad p\u00e5 Njudungsv\u00e4gen 2. Han hade ingen fast anst\u00e4lld personal. Erik Nilsson,<\/p>\n","protected":false},"author":1,"featured_media":0,"parent":0,"menu_order":0,"comment_status":"closed","ping_status":"closed","template":"","meta":{"footnotes":""},"class_list":["post-3376","page","type-page","status-publish","hentry"],"_links":{"self":[{"href":"https:\/\/vrigstadshembygdsforening.se\/index.php?rest_route=\/wp\/v2\/pages\/3376","targetHints":{"allow":["GET"]}}],"collection":[{"href":"https:\/\/vrigstadshembygdsforening.se\/index.php?rest_route=\/wp\/v2\/pages"}],"about":[{"href":"https:\/\/vrigstadshembygdsforening.se\/index.php?rest_route=\/wp\/v2\/types\/page"}],"author":[{"embeddable":true,"href":"https:\/\/vrigstadshembygdsforening.se\/index.php?rest_route=\/wp\/v2\/users\/1"}],"replies":[{"embeddable":true,"href":"https:\/\/vrigstadshembygdsforening.se\/index.php?rest_route=%2Fwp%2Fv2%2Fcomments&post=3376"}],"version-history":[{"count":1,"href":"https:\/\/vrigstadshembygdsforening.se\/index.php?rest_route=\/wp\/v2\/pages\/3376\/revisions"}],"predecessor-version":[{"id":3378,"href":"https:\/\/vrigstadshembygdsforening.se\/index.php?rest_route=\/wp\/v2\/pages\/3376\/revisions\/3378"}],"wp:attachment":[{"href":"https:\/\/vrigstadshembygdsforening.se\/index.php?rest_route=%2Fwp%2Fv2%2Fmedia&parent=3376"}],"curies":[{"name":"wp","href":"https:\/\/api.w.org\/{rel}","templated":true}]}}