{"id":3370,"date":"2019-02-17T15:52:09","date_gmt":"2019-02-17T15:52:09","guid":{"rendered":"http:\/\/vrigstadshembygdsforening.se\/?page_id=3370"},"modified":"2019-02-17T15:52:09","modified_gmt":"2019-02-17T15:52:09","slug":"gunnar-hafstrom-bilstation","status":"publish","type":"page","link":"https:\/\/vrigstadshembygdsforening.se\/?page_id=3370","title":{"rendered":"Gunnar Hafstr\u00f6m Bilstation"},"content":{"rendered":"<p dir=\"LTR\" style=\"text-align: left;\" align=\"JUSTIFY\">Gunnar Hafstr\u00f6m, 1894-1963, anm\u00e4lde sin firma till handelsregistret 1924, men han hade haft sin r\u00f6relse redan tidigare.<\/p>\n<p dir=\"LTR\" style=\"text-align: left;\" align=\"JUSTIFY\">Han ans\u00f6kte bl.a. om att f\u00e5 trafikera linjen V\u00e4rnamo-Vrigstad. En v\u00e4gkonsulent avgav f\u00f6ljande yttrande om ans\u00f6kan till L\u00e4nsstyrelsen: &#8221;Ifr\u00e5ga om ans\u00f6kningen fr\u00e5n Gunnar Hafstr\u00f6m i Vrigstad om tillst\u00e5nd att ut\u00f6va linjetrafik \u00e5 str\u00e4ckan, Vrigstad- V\u00e4rnamo. V\u00e4gen ifr\u00e5ga \u00e4r mycket smal och krokig samt f\u00f6r den skull ol\u00e4mplig f\u00f6r omnibusstrafik.<\/p>\n<p dir=\"LTR\" style=\"text-align: left;\" align=\"JUSTIFY\">D\u00e4rest verkligt behov av omnibusstrafik finnes inom orten, synes emellertid i detta fall, s\u00e5som undantagsvis skett i andra liknande fall, framst\u00e4llningen kunna tillstyrkas med villkor, att hastigheten inskr\u00e4nkes till 20 km. i timmen och att tillst\u00e5ndet endast kommer att g\u00e4lla tills vidare. Endast ett tillst\u00e5nd till en omnibuslinje \u00e5 v\u00e4gen synes b\u00f6ra ifr\u00e5gakomma.&#8221;<\/p>\n<p dir=\"LTR\" style=\"text-align: left;\" align=\"JUSTIFY\">Den sista passusen har tillkommit med anledning av att ans\u00f6kan \u00e4ven gjorts av Ester Leijon i V\u00e4ttersn\u00e4s. Gunnar Hafstr\u00f6m beviljades linjetrafiken.<\/p>\n<p dir=\"LTR\" style=\"text-align: left;\" align=\"JUSTIFY\">Under \u00e5ren 1927-1937 hade Hafstr\u00f6m sin bilstation och bostad i fastigheten Andersberg, S\u00e4vsj\u00f6-v\u00e4gen 4. Fr\u00e5n 1937 flyttade han sin r\u00f6relse till fastigheten Karlsborg, V\u00e4xj\u00f6v\u00e4gen 6, d\u00e4r han ocks\u00e5 hade sin bostad.<\/p>\n<p dir=\"LTR\" style=\"text-align: left;\" align=\"JUSTIFY\">Chauff\u00f6rer hos Hafstr\u00f6m var bl.a. Preben Molin, H\u00e4sthagen, Georg Isaksson och Erik Fyhrlund.<\/p>\n<figure id=\"attachment_3371\" aria-describedby=\"caption-attachment-3371\" style=\"width: 700px\" class=\"wp-caption alignnone\"><a href=\"https:\/\/media.vrigstadshembygdsforening.se\/\/W_1979.140.png\"><img loading=\"lazy\" decoding=\"async\" class=\"size-full wp-image-3371\" src=\"https:\/\/media.vrigstadshembygdsforening.se\/\/W_1979.140.png\" alt=\"\" width=\"700\" height=\"425\" srcset=\"https:\/\/media.vrigstadshembygdsforening.se\/W_1979.140.png 700w, https:\/\/media.vrigstadshembygdsforening.se\/W_1979.140-300x182.png 300w\" sizes=\"auto, (max-width: 700px) 100vw, 700px\" \/><\/a><figcaption id=\"caption-attachment-3371\" class=\"wp-caption-text\">Gunnar Hafstr\u00f6m med sin bil utanf\u00f6r Blomsholm 1918. Passagerare var Robert Bergstr\u00f6m. I d\u00f6rren skymtar Kristina \u201dBulla-Kristin\u201d Johansson.<\/figcaption><\/figure>\n<figure id=\"attachment_3372\" aria-describedby=\"caption-attachment-3372\" style=\"width: 700px\" class=\"wp-caption alignnone\"><a href=\"https:\/\/media.vrigstadshembygdsforening.se\/\/W_2003.027.png\"><img loading=\"lazy\" decoding=\"async\" class=\"size-full wp-image-3372\" src=\"https:\/\/media.vrigstadshembygdsforening.se\/\/W_2003.027.png\" alt=\"\" width=\"700\" height=\"453\" srcset=\"https:\/\/media.vrigstadshembygdsforening.se\/W_2003.027.png 700w, https:\/\/media.vrigstadshembygdsforening.se\/W_2003.027-300x194.png 300w\" sizes=\"auto, (max-width: 700px) 100vw, 700px\" \/><\/a><figcaption id=\"caption-attachment-3372\" class=\"wp-caption-text\">Gunnar Hafstr\u00f6m vid ratten p\u00e5 sin bil cirka 1920.<\/figcaption><\/figure>\n<figure id=\"attachment_3373\" aria-describedby=\"caption-attachment-3373\" style=\"width: 700px\" class=\"wp-caption alignnone\"><a href=\"https:\/\/media.vrigstadshembygdsforening.se\/\/W_2015.112.png\"><img loading=\"lazy\" decoding=\"async\" class=\"size-full wp-image-3373\" src=\"https:\/\/media.vrigstadshembygdsforening.se\/\/W_2015.112.png\" alt=\"\" width=\"700\" height=\"492\" srcset=\"https:\/\/media.vrigstadshembygdsforening.se\/W_2015.112.png 700w, https:\/\/media.vrigstadshembygdsforening.se\/W_2015.112-300x211.png 300w\" sizes=\"auto, (max-width: 700px) 100vw, 700px\" \/><\/a><figcaption id=\"caption-attachment-3373\" class=\"wp-caption-text\">Gunnar Hafstr\u00f6m utanf\u00f6r sin bostad p\u00e5 V\u00e4xj\u00f6v\u00e4gen tillsammans med tv\u00e5 ok\u00e4nda passagerare. Bild fr\u00e5n cirka 1940.<\/figcaption><\/figure>\n<p><a href=\"https:\/\/media.vrigstadshembygdsforening.se\/\/W_Gunnar-Hafstr\u00f6m-Bilstation.jpg\"><img loading=\"lazy\" decoding=\"async\" class=\"alignnone size-full wp-image-3374\" src=\"https:\/\/media.vrigstadshembygdsforening.se\/\/W_Gunnar-Hafstr\u00f6m-Bilstation.jpg\" alt=\"\" width=\"700\" height=\"237\" srcset=\"https:\/\/media.vrigstadshembygdsforening.se\/W_Gunnar-Hafstr\u00f6m-Bilstation.jpg 700w, https:\/\/media.vrigstadshembygdsforening.se\/W_Gunnar-Hafstr\u00f6m-Bilstation-300x102.jpg 300w\" sizes=\"auto, (max-width: 700px) 100vw, 700px\" \/><\/a><\/p>\n","protected":false},"excerpt":{"rendered":"<p>Gunnar Hafstr\u00f6m, 1894-1963, anm\u00e4lde sin firma till handelsregistret 1924, men han hade haft sin r\u00f6relse redan tidigare. Han ans\u00f6kte bl.a.<\/p>\n","protected":false},"author":1,"featured_media":0,"parent":0,"menu_order":0,"comment_status":"closed","ping_status":"closed","template":"","meta":{"footnotes":""},"class_list":["post-3370","page","type-page","status-publish","hentry"],"_links":{"self":[{"href":"https:\/\/vrigstadshembygdsforening.se\/index.php?rest_route=\/wp\/v2\/pages\/3370","targetHints":{"allow":["GET"]}}],"collection":[{"href":"https:\/\/vrigstadshembygdsforening.se\/index.php?rest_route=\/wp\/v2\/pages"}],"about":[{"href":"https:\/\/vrigstadshembygdsforening.se\/index.php?rest_route=\/wp\/v2\/types\/page"}],"author":[{"embeddable":true,"href":"https:\/\/vrigstadshembygdsforening.se\/index.php?rest_route=\/wp\/v2\/users\/1"}],"replies":[{"embeddable":true,"href":"https:\/\/vrigstadshembygdsforening.se\/index.php?rest_route=%2Fwp%2Fv2%2Fcomments&post=3370"}],"version-history":[{"count":1,"href":"https:\/\/vrigstadshembygdsforening.se\/index.php?rest_route=\/wp\/v2\/pages\/3370\/revisions"}],"predecessor-version":[{"id":3375,"href":"https:\/\/vrigstadshembygdsforening.se\/index.php?rest_route=\/wp\/v2\/pages\/3370\/revisions\/3375"}],"wp:attachment":[{"href":"https:\/\/vrigstadshembygdsforening.se\/index.php?rest_route=%2Fwp%2Fv2%2Fmedia&parent=3370"}],"curies":[{"name":"wp","href":"https:\/\/api.w.org\/{rel}","templated":true}]}}