{"id":3367,"date":"2019-02-17T15:46:38","date_gmt":"2019-02-17T15:46:38","guid":{"rendered":"http:\/\/vrigstadshembygdsforening.se\/?page_id=3367"},"modified":"2019-02-17T15:46:38","modified_gmt":"2019-02-17T15:46:38","slug":"ag-touring","status":"publish","type":"page","link":"https:\/\/vrigstadshembygdsforening.se\/?page_id=3367","title":{"rendered":"AG Touring"},"content":{"rendered":"<p dir=\"LTR\" style=\"text-align: left;\" align=\"JUSTIFY\">F\u00f6retaget startades 2001 av Anders Sandin (d\u00e5 Gustavsson) d\u00e4rav AG i namnet. Tillkomsten av bolaget var lite slumpartad. Ett st\u00f6rre kompisg\u00e4ng skulle \u00e5ka och lyssna p\u00e5 dansbandet Friends p\u00e5 Seghalla utanf\u00f6r Lammhult. Anders k\u00f6rde d\u00e5 som timanst\u00e4lld p\u00e5 Hj\u00e4lm\u00e5kra Buss och hyrde en stor buss f\u00f6r 59 personer och den fylldes denna fredagkv\u00e4ll med ungdomar fr\u00e5n Vrigstad med omnejd.<\/p>\n<p dir=\"LTR\" style=\"text-align: left;\" align=\"JUSTIFY\">Det blev en succ\u00e9 och sedan f\u00f6ljde \u00e5tskilliga resor till Seghalla med dansant folk fr\u00e5n hela S\u00e4vsj\u00f6 kommun. Rekordet i antal bussar var i samband med premi\u00e4ren vid Valborg, den 30\/4 2005. D\u00e5 bandet Black Jack upptr\u00e4dde k\u00f6rde AG Touring inte mindre \u00e4n sex bussar till Seghalla.<\/p>\n<p dir=\"LTR\" style=\"text-align: left;\" align=\"JUSTIFY\">Verksamheten v\u00e4xte med flera egna arrangerade resor med hotell och diverse entre- och teaterbiljetter. Weekendresorna till framf\u00f6rallt Stockholm och G\u00f6teborg var popul\u00e4ra, t.ex. till succemusikalen &#8221;Mamma Mia&#8221; i Stockholm. Det gjordes \u00e4ven mycket sportresor, till fotbollslandskamper, hockey, speedway och flera Formel 1 resor till bl.a. N\u00fcrnburgring och Hockenheim i Tyskland.<\/p>\n<p dir=\"LTR\" style=\"text-align: left;\" align=\"JUSTIFY\">F\u00f6retagets aff\u00e4rsid\u00e9 var att aldrig \u00e4ga och driva en egen bussflotta utan att arrangera och ordna kompletta bussresor med t.ex. hotell och evenemangsbiljetter.<\/p>\n<p dir=\"LTR\" style=\"text-align: left;\" align=\"JUSTIFY\">AG Touring blev mest k\u00e4nt f\u00f6r de m\u00e5nga hockeyresorna till HV71:s hemmamatcher i Kinnarps Arena i J\u00f6nk\u00f6ping. N\u00e4r HV l\u00e5g i toppen p\u00e5 d\u00e5varande Elitserien \u00e5ren 2001-2010 var det sv\u00e5rt att skaffa egna biljetter. D\u00e4rf\u00f6r prenumererade AG p\u00e5 50-talet biljetter till hemmamatcherna och s\u00e5lde dessa tillsammans med bussresan. Flera tusen \u00e5kte med AG:s hockeybuss under dessa \u00e5r.<\/p>\n<p dir=\"LTR\" style=\"text-align: left;\" align=\"JUSTIFY\">I april 2010 k\u00f6rde AG sin sista bussresa och d\u00e5 till HV:s sista match i slutspelsserien det \u00e5ret.<\/p>\n<p dir=\"LTR\" style=\"text-align: left;\" align=\"JUSTIFY\">Anders Sandin minns: Kuriosa att n\u00e4mna kan vara att p\u00e5 alla flerdagars resor med AG s\u00e5 ingick alltid &#8221;bussfika&#8221;. Ut\u00f6ver kaffet bj\u00f6ds p\u00e5 J\u00e4germeister f\u00f6r dem som s\u00e5 \u00f6nskade. Det var v\u00e4ldigt popul\u00e4rt bland m\u00e5nga.<\/p>\n<figure id=\"attachment_3368\" aria-describedby=\"caption-attachment-3368\" style=\"width: 700px\" class=\"wp-caption alignnone\"><a href=\"https:\/\/media.vrigstadshembygdsforening.se\/\/W_AG-Touring.png\"><img loading=\"lazy\" decoding=\"async\" class=\"size-full wp-image-3368\" src=\"https:\/\/media.vrigstadshembygdsforening.se\/\/W_AG-Touring.png\" alt=\"\" width=\"700\" height=\"596\" srcset=\"https:\/\/media.vrigstadshembygdsforening.se\/W_AG-Touring.png 700w, https:\/\/media.vrigstadshembygdsforening.se\/W_AG-Touring-300x255.png 300w\" sizes=\"auto, (max-width: 700px) 100vw, 700px\" \/><\/a><figcaption id=\"caption-attachment-3368\" class=\"wp-caption-text\">Anders Sandin tillsammans med resen\u00e4ren Jan Frigert.<\/figcaption><\/figure>\n<p>&nbsp;<\/p>\n","protected":false},"excerpt":{"rendered":"<p>F\u00f6retaget startades 2001 av Anders Sandin (d\u00e5 Gustavsson) d\u00e4rav AG i namnet. Tillkomsten av bolaget var lite slumpartad. Ett st\u00f6rre<\/p>\n","protected":false},"author":1,"featured_media":0,"parent":0,"menu_order":0,"comment_status":"closed","ping_status":"closed","template":"","meta":{"footnotes":""},"class_list":["post-3367","page","type-page","status-publish","hentry"],"_links":{"self":[{"href":"https:\/\/vrigstadshembygdsforening.se\/index.php?rest_route=\/wp\/v2\/pages\/3367","targetHints":{"allow":["GET"]}}],"collection":[{"href":"https:\/\/vrigstadshembygdsforening.se\/index.php?rest_route=\/wp\/v2\/pages"}],"about":[{"href":"https:\/\/vrigstadshembygdsforening.se\/index.php?rest_route=\/wp\/v2\/types\/page"}],"author":[{"embeddable":true,"href":"https:\/\/vrigstadshembygdsforening.se\/index.php?rest_route=\/wp\/v2\/users\/1"}],"replies":[{"embeddable":true,"href":"https:\/\/vrigstadshembygdsforening.se\/index.php?rest_route=%2Fwp%2Fv2%2Fcomments&post=3367"}],"version-history":[{"count":1,"href":"https:\/\/vrigstadshembygdsforening.se\/index.php?rest_route=\/wp\/v2\/pages\/3367\/revisions"}],"predecessor-version":[{"id":3369,"href":"https:\/\/vrigstadshembygdsforening.se\/index.php?rest_route=\/wp\/v2\/pages\/3367\/revisions\/3369"}],"wp:attachment":[{"href":"https:\/\/vrigstadshembygdsforening.se\/index.php?rest_route=%2Fwp%2Fv2%2Fmedia&parent=3367"}],"curies":[{"name":"wp","href":"https:\/\/api.w.org\/{rel}","templated":true}]}}