{"id":332,"date":"2015-07-14T20:08:56","date_gmt":"2015-07-14T20:08:56","guid":{"rendered":"http:\/\/vrigstadshembygdsforening.se\/?page_id=332"},"modified":"2020-08-18T15:30:23","modified_gmt":"2020-08-18T15:30:23","slug":"tematraffar-2014","status":"publish","type":"page","link":"https:\/\/vrigstadshembygdsforening.se\/?page_id=332","title":{"rendered":"Tematr\u00e4ffar 2014"},"content":{"rendered":"<p><strong>Hembygdsf\u00f6reningens aktiviteter 2014<\/strong><\/p>\n<p><strong>Torsdagen den 20 november<\/strong> h\u00f6ll f\u00f6reningen \u00e5rets sista temakv\u00e4ll. Stig Marz visade filmer fr\u00e5n Vrigstad.<\/p>\n<p><a href=\"https:\/\/media.vrigstadshembygdsforening.se\/\/2015\/07\/A141120.jpg\"><img loading=\"lazy\" decoding=\"async\" class=\"alignnone size-full wp-image-333\" src=\"https:\/\/media.vrigstadshembygdsforening.se\/\/2015\/07\/A141120.jpg\" alt=\"A141120\" width=\"700\" height=\"435\" srcset=\"https:\/\/media.vrigstadshembygdsforening.se\/2015\/07\/A141120.jpg 700w, https:\/\/media.vrigstadshembygdsforening.se\/2015\/07\/A141120-300x186.jpg 300w\" sizes=\"auto, (max-width: 700px) 100vw, 700px\" \/><\/a><\/p>\n<p>F\u00f6rst visades en film om gamla skolhuset, som byggdes 1826 av Esaias Tegn\u00e9r. \u00c5r 1917 r\u00e4ddades den undan rivning av skoll\u00e4rare KA Hultkvist som l\u00e4t \u00e5teruppf\u00f6ra byggnaden p\u00e5 andra sidan \u00e5n. Fastigheten togs senare \u00f6ver av Daniel och Margit St\u00e5lhammar och p\u00e5 filmen guidar Margit oss runt i huset och i tr\u00e4dg\u00e5rden.<\/p>\n<p>Vi fick ocks\u00e5 se en film om Lundbergs Pressgjuteri, som grundades av Robert och sonen G\u00f6sta Lundberg. Efter G\u00f6stas bortg\u00e5ng tog makan Valborg \u00f6ver ansvaret f\u00f6r verksamheten och hon intervjuas tillsammans med dottern Cajsa som idag \u00e4r vd f\u00f6r f\u00f6retaget.<\/p>\n<p><a href=\"https:\/\/media.vrigstadshembygdsforening.se\/\/2015\/07\/A141120_1.jpg\"><img loading=\"lazy\" decoding=\"async\" class=\" size-full wp-image-334 alignleft\" src=\"https:\/\/media.vrigstadshembygdsforening.se\/\/2015\/07\/A141120_1.jpg\" alt=\"A141120_1\" width=\"350\" height=\"458\" srcset=\"https:\/\/media.vrigstadshembygdsforening.se\/2015\/07\/A141120_1.jpg 350w, https:\/\/media.vrigstadshembygdsforening.se\/2015\/07\/A141120_1-229x300.jpg 229w\" sizes=\"auto, (max-width: 350px) 100vw, 350px\" \/><\/a>P\u00e5 tematr\u00e4ffen presenterade Stig ocks\u00e5 sin nya bok &#8221;Med Vrigstademigranter \u00f6ver Atlanten&#8221; som kommer att premi\u00e4rf\u00f6rs\u00e4ljas i Gamla Bankg\u00e5rden samband med julskyltningen.<\/p>\n<p>&nbsp;<\/p>\n<p>&nbsp;<\/p>\n<p>&nbsp;<\/p>\n<p>&nbsp;<\/p>\n<p>&nbsp;<\/p>\n<p>&nbsp;<\/p>\n<p>&nbsp;<\/p>\n<p>&nbsp;<\/p>\n<p><strong><br \/>\nTorsdagen den 16 oktober<\/strong> anordnade f\u00f6reningen en temakv\u00e4ll d\u00e5 Thomas Stellrot, Riksarkivet vid Landsarkivet i Vadstena ber\u00e4ttade om vad som finns om v\u00e5r bygd i deras arkiv. I arkivet i Vadstena f\u00f6rvaras material fr\u00e5n Sm\u00e5land och \u00d6sterg\u00f6tland och h\u00e4r finns bl.a. kyrkoarkiven t.o.m. 199 och folkbokf\u00f6ringen fram t.o.m. halv\u00e5rsskiftet 1991.<\/p>\n<p><a href=\"https:\/\/media.vrigstadshembygdsforening.se\/\/2015\/07\/A141116.jpg\"><img loading=\"lazy\" decoding=\"async\" class=\" size-full wp-image-335 alignleft\" src=\"https:\/\/media.vrigstadshembygdsforening.se\/\/2015\/07\/A141116.jpg\" alt=\"A141116\" width=\"450\" height=\"363\" srcset=\"https:\/\/media.vrigstadshembygdsforening.se\/2015\/07\/A141116.jpg 450w, https:\/\/media.vrigstadshembygdsforening.se\/2015\/07\/A141116-300x242.jpg 300w\" sizes=\"auto, (max-width: 450px) 100vw, 450px\" \/><\/a>Thomas Stellrot gav m\u00e5nga exempel p\u00e5 fakta som finns i arkiven och visade bl.a. husf\u00f6rh\u00f6rs-l\u00e4ngder fr\u00e5n Vrigstad \u00e5ren 1841-46, f\u00f6delse- och dopbok fr\u00e5n Vrigstad 1689, b\u00e4nkl\u00e4ngder och sockenst\u00e4mmo-protokoll.<\/p>\n<p>&nbsp;<\/p>\n<p>&nbsp;<\/p>\n<p><strong><br \/>\nS\u00f6ndagen den 3 augusti<\/strong> h\u00f6ll f\u00f6reningen traditionsenligt \u00d6ppet hus p\u00e5 Gr\u00f6ndal. Ett drygt 70-tal personer hade samlats i det varma v\u00e4dret d\u00e4r de fick lyssna till Peter &#8221;Nille&#8221; Nilsson som underh\u00f6ll med ber\u00e4ttelser om P\u00e4lle N\u00e4ver och tonsatta dikter av P\u00e4lle. F\u00f6reningen visade \u00e4ven delar av det rika bildarkivet samt klipparkivet.<\/p>\n<p><a href=\"https:\/\/media.vrigstadshembygdsforening.se\/\/2015\/07\/A140803.jpg\"><img loading=\"lazy\" decoding=\"async\" class=\"alignnone size-full wp-image-336\" src=\"https:\/\/media.vrigstadshembygdsforening.se\/\/2015\/07\/A140803.jpg\" alt=\"A140803\" width=\"700\" height=\"494\" srcset=\"https:\/\/media.vrigstadshembygdsforening.se\/2015\/07\/A140803.jpg 700w, https:\/\/media.vrigstadshembygdsforening.se\/2015\/07\/A140803-300x212.jpg 300w\" sizes=\"auto, (max-width: 700px) 100vw, 700px\" \/><\/a><\/p>\n<p>N\u00e5gra valde att inta kaffe och ostkaka inomhus, d\u00e4r det var lite svalare \u00e4n utomhus i det gassande solskenet.<\/p>\n<p>Den <strong>12 maj<\/strong> v\u00e5rst\u00e4dade n\u00e5gra av styrelsens ledam\u00f6ter p\u00e5 Gr\u00f6ndal.<\/p>\n<p><a href=\"https:\/\/media.vrigstadshembygdsforening.se\/\/2015\/07\/A140512.jpg\"><img loading=\"lazy\" decoding=\"async\" class=\"alignnone size-full wp-image-337\" src=\"https:\/\/media.vrigstadshembygdsforening.se\/\/2015\/07\/A140512.jpg\" alt=\"A140512\" width=\"700\" height=\"494\" srcset=\"https:\/\/media.vrigstadshembygdsforening.se\/2015\/07\/A140512.jpg 700w, https:\/\/media.vrigstadshembygdsforening.se\/2015\/07\/A140512-300x212.jpg 300w\" sizes=\"auto, (max-width: 700px) 100vw, 700px\" \/><\/a><\/p>\n<p><strong>Torsdagen den 10 april<\/strong> h\u00f6ll hembygdsf\u00f6reningen sitt \u00e5rsm\u00f6te.<br \/>\nM\u00f6tet inleddes med ett f\u00f6redrag av Magnus Gustafsson under rubriken &#8221;N\u00e4r pr\u00e4sterna Wallman upptecknade dansmusik i Vrigstad sommaren 1819&#8221;. Magnus Gustafsson ber\u00e4ttade om hur br\u00f6derna Johan Haqvin och Daniel Wallman under \u00e5ren 1819 och 1820 f\u00f6retog vetenskapliga resor, p\u00e5 kronprins Oscars och Johan Adlerbeths bekostnad, genom landskapen i G\u00f6taland. Br\u00f6derna var flitiga samlare av folkvisor och folks\u00e4gner, men var framf\u00f6r allt fornminnesforskare. De stannade en l\u00e4ngre period i bl.a. Vrigstad och nedtecknade t.ex. s\u00e4gnen om G\u00e4llingens grav i Vrigstad.<\/p>\n<p><a href=\"https:\/\/media.vrigstadshembygdsforening.se\/\/2015\/07\/A140410.jpg\"><img loading=\"lazy\" decoding=\"async\" class=\" size-full wp-image-338 alignleft\" src=\"https:\/\/media.vrigstadshembygdsforening.se\/\/2015\/07\/A140410.jpg\" alt=\"A140410\" width=\"350\" height=\"496\" srcset=\"https:\/\/media.vrigstadshembygdsforening.se\/2015\/07\/A140410.jpg 350w, https:\/\/media.vrigstadshembygdsforening.se\/2015\/07\/A140410-212x300.jpg 212w\" sizes=\"auto, (max-width: 350px) 100vw, 350px\" \/><\/a>Magnus Gustafsson gav prov p\u00e5 flera musikstycken fr\u00e5n Vrigstad som br\u00f6derna Wallman tecknat ned, bl.a. Polska fr\u00e5n Vrigstad (som sedan spridits till flera andra l\u00e4nder) samt en gammal respektive en ny brudmarsch fr\u00e5n Vrigstad.<\/p>\n<p>I samband med \u00e5rsm\u00f6tet visade Stig Marz traditionsenligt f\u00f6reningens verksamhetsber\u00e4ttelse i ord och bild. Vid \u00e5rsm\u00f6tet avtackades G\u00f6ran och Eivor Lindblad f\u00f6r sina insatser f\u00f6r f\u00f6reningen och Kerstin Carlsson valdes in som ers\u00e4ttare f\u00f6r G\u00f6ran i styrelsen.<\/p>\n<p>&nbsp;<\/p>\n<p>&nbsp;<\/p>\n<p>&nbsp;<\/p>\n<p>&nbsp;<\/p>\n<p><strong><br \/>\nTorsdagen den 27 februari<\/strong> anordnade hembygdsf\u00f6reningen en temakv\u00e4ll under rubriken &#8221;Polisminnen&#8221;. Lennart Davidsson ber\u00e4ttade f\u00f6r ett fullsatt f\u00f6rsamlingshem minnen fr\u00e5n sin ungdoms- och skoltid i Vrigstad samt minnen fr\u00e5n sin tid som polis i Stockholm.<\/p>\n<p><a href=\"https:\/\/media.vrigstadshembygdsforening.se\/\/2015\/07\/A140227.jpg\"><img loading=\"lazy\" decoding=\"async\" class=\" size-full wp-image-339 alignright\" src=\"https:\/\/media.vrigstadshembygdsforening.se\/\/2015\/07\/A140227.jpg\" alt=\"A140227\" width=\"350\" height=\"409\" srcset=\"https:\/\/media.vrigstadshembygdsforening.se\/2015\/07\/A140227.jpg 350w, https:\/\/media.vrigstadshembygdsforening.se\/2015\/07\/A140227-257x300.jpg 257w\" sizes=\"auto, (max-width: 350px) 100vw, 350px\" \/><\/a>Lennart ber\u00e4ttade om sin v\u00e4g till polisbanan och om hur han efter endast tv\u00e5 m\u00e5naders utbildning direkt fick fotpatrullera i Stockholm. Under m\u00e5nga \u00e5r var Lennart engagerad i kampen mot droger och vi fick ta del av skurkhistorier bl.a. om en man med ett n\u00e4rmast obegr\u00e4nsat antal pass och identiteter. Som avslutning p\u00e5 kv\u00e4llen gjorde Lennart en genomg\u00e5ng av mordet p\u00e5 statsminister Olof Palme och den l\u00f6sning p\u00e5 mordet som han s\u00e5g som den r\u00e4tta.<\/p>\n","protected":false},"excerpt":{"rendered":"<p>Hembygdsf\u00f6reningens aktiviteter 2014 Torsdagen den 20 november h\u00f6ll f\u00f6reningen \u00e5rets sista temakv\u00e4ll. Stig Marz visade filmer fr\u00e5n Vrigstad. F\u00f6rst visades<\/p>\n","protected":false},"author":1,"featured_media":0,"parent":0,"menu_order":0,"comment_status":"closed","ping_status":"open","template":"","meta":{"footnotes":""},"class_list":["post-332","page","type-page","status-publish","hentry"],"_links":{"self":[{"href":"https:\/\/vrigstadshembygdsforening.se\/index.php?rest_route=\/wp\/v2\/pages\/332","targetHints":{"allow":["GET"]}}],"collection":[{"href":"https:\/\/vrigstadshembygdsforening.se\/index.php?rest_route=\/wp\/v2\/pages"}],"about":[{"href":"https:\/\/vrigstadshembygdsforening.se\/index.php?rest_route=\/wp\/v2\/types\/page"}],"author":[{"embeddable":true,"href":"https:\/\/vrigstadshembygdsforening.se\/index.php?rest_route=\/wp\/v2\/users\/1"}],"replies":[{"embeddable":true,"href":"https:\/\/vrigstadshembygdsforening.se\/index.php?rest_route=%2Fwp%2Fv2%2Fcomments&post=332"}],"version-history":[{"count":5,"href":"https:\/\/vrigstadshembygdsforening.se\/index.php?rest_route=\/wp\/v2\/pages\/332\/revisions"}],"predecessor-version":[{"id":4277,"href":"https:\/\/vrigstadshembygdsforening.se\/index.php?rest_route=\/wp\/v2\/pages\/332\/revisions\/4277"}],"wp:attachment":[{"href":"https:\/\/vrigstadshembygdsforening.se\/index.php?rest_route=%2Fwp%2Fv2%2Fmedia&parent=332"}],"curies":[{"name":"wp","href":"https:\/\/api.w.org\/{rel}","templated":true}]}}