{"id":329,"date":"2015-07-14T19:22:41","date_gmt":"2015-07-14T19:22:41","guid":{"rendered":"http:\/\/vrigstadshembygdsforening.se\/?page_id=329"},"modified":"2020-08-18T15:30:31","modified_gmt":"2020-08-18T15:30:31","slug":"tematraffar","status":"publish","type":"page","link":"https:\/\/vrigstadshembygdsforening.se\/?page_id=329","title":{"rendered":"Tematr\u00e4ffar 2015"},"content":{"rendered":"<p><strong>Vrigstads Hembygdsf\u00f6rening anordnar varje \u00e5r ett antal temakv\u00e4llar och andra aktiviteter.<\/strong><\/p>\n<p>Torsdagen den <strong>19 november<\/strong> ber\u00e4ttade Staffan Svensson&nbsp;om bryggeriet i Vrigstad.&nbsp;Staffan<br \/>\nber\u00e4ttade om bryggerin\u00e4ringen i allm\u00e4nhet och s\u00e4rskilt om bryggeriets historia i Vrigstad.<br \/>\n<strong><a href=\"https:\/\/media.vrigstadshembygdsforening.se\/\/151119.jpg\"><img loading=\"lazy\" decoding=\"async\" class=\"alignnone size-full wp-image-1212\" src=\"https:\/\/media.vrigstadshembygdsforening.se\/\/151119.jpg\" alt=\"151119\" width=\"569\" height=\"340\" srcset=\"https:\/\/media.vrigstadshembygdsforening.se\/151119.jpg 569w, https:\/\/media.vrigstadshembygdsforening.se\/151119-300x179.jpg 300w\" sizes=\"auto, (max-width: 569px) 100vw, 569px\" \/><\/a><br \/>\n<\/strong>Staffan som skaffat sig stor kunskap om bryggerin\u00e4ringen gav en ing\u00e5ende presentation av bryggeriet och&nbsp;dess utrustning.&nbsp;1849&nbsp;\u00f6vertog g\u00e4stgivaren Peter Daniel Tolf&nbsp;\u00f6lbryggeriet i Vrigstad, d\u00e5 med n\u00e4ra koppling till g\u00e4stgiveriet &#8211; som beh\u00f6vde \u00f6l till sina g\u00e4ster. Fr\u00e5n \u00e5r 1900, d\u00e5 det k\u00f6ptes av Johan Ek, var det ett svagdricksbryggeri. Staffans farfar Johan Viktor Svensson \u00f6vertog bryggeriet 1906 och i k\u00f6peavtalet fanns det d\u00e5 inskrivet att k\u00f6paren&nbsp;&#8221;f\u00f6rbinder sig att ej tillverka eller inom l\u00e4genheten ej f\u00f6rs\u00e4lja starkare drycker \u00e4n svagdricka&#8221;. 1946 tog&nbsp;sonen Simon \u00f6ver bryggeriet som&nbsp; drevs till 1970. Svagdricksf\u00f6rs\u00e4ljningen var omfattande men Simon var ocks\u00e5 del\u00e4gare i F\u00f6rbundsbryggeriet i Skruv, d\u00e4r man tillverkade l\u00e4skedrycker och \u00f6l, vilket gjorde att Simon kunde erbjuda ett fullst\u00e4ndigt sortiment till sina kunder.<strong>&nbsp;<\/strong><\/p>\n<p>Den <strong>24 september<\/strong> anordnade f\u00f6reningen en&nbsp;temakv\u00e4ll&nbsp;d\u00e4r&nbsp;Stig Marz&nbsp;visade en&nbsp;dokument\u00e4r om &#8221;Dansbaneel\u00e4ndet&#8221; &#8211; en dokument\u00e4r om festplatsen Lunden\/Gubbakulan.<br \/>\n<a href=\"https:\/\/media.vrigstadshembygdsforening.se\/\/150924_SM.jpg\"><img loading=\"lazy\" decoding=\"async\" class=\"alignnone size-full wp-image-1074\" src=\"https:\/\/media.vrigstadshembygdsforening.se\/\/150924_SM.jpg\" alt=\"150924_SM\" width=\"700\" height=\"411\" srcset=\"https:\/\/media.vrigstadshembygdsforening.se\/150924_SM.jpg 700w, https:\/\/media.vrigstadshembygdsforening.se\/150924_SM-300x176.jpg 300w\" sizes=\"auto, (max-width: 700px) 100vw, 700px\" \/><\/a><\/p>\n<p>Ett 90-tal personer hade s\u00f6kt sig till f\u00f6rsamlingshemmet f\u00f6r att ta del av Stigs film. Det var redan 1934 som Vrigstad IF beslutade att anordna fester\/danser i Lunden. Fr\u00e5n starten hade man en mobil dansbana som \u00e4ven anv\u00e4ndes vid idrottsplatsen. D\u00e5, liksom nu, var inte ungdomens utsv\u00e4vningar popul\u00e4ra bland de \u00e4ldre. Framf\u00f6r allt inom kyrkan och frikyrkorna f\u00f6rfasades man i hela landet \u00f6ver det s.k. dansbaneel\u00e4ndet och det syndiga leverne som det ledde till. Ett radikalt f\u00f6rslag kom fr\u00e5n en pastor p\u00e5 annan ort &#8211; bygg tv\u00e5 dansbanor, en f\u00f6r m\u00e4n och en f\u00f6r kvinnor.<\/p>\n<p>\u00c4ven v\u00e5ra &#8221;kommungubbar&#8221; opponerade sig mot danserna. 1943 st\u00e4llde man d\u00e4rf\u00f6r en fr\u00e5ga till VIF hur stort bidrag man \u00e5rligen skulle ha f\u00f6r att slopa danserna. VIF f\u00f6reslog 4000 kronor per \u00e5r, men f\u00f6rslaget mottogs inte positivt av kommunen.<\/p>\n<p><a href=\"https:\/\/media.vrigstadshembygdsforening.se\/\/150924_GL.jpg\"><img loading=\"lazy\" decoding=\"async\" class=\"alignnone size-full wp-image-1072\" src=\"https:\/\/media.vrigstadshembygdsforening.se\/\/150924_GL.jpg\" alt=\"150924_GL\" width=\"700\" height=\"418\" srcset=\"https:\/\/media.vrigstadshembygdsforening.se\/150924_GL.jpg 700w, https:\/\/media.vrigstadshembygdsforening.se\/150924_GL-300x179.jpg 300w\" sizes=\"auto, (max-width: 700px) 100vw, 700px\" \/><\/a><\/p>\n<p>Under \u00e5ren 1965 till 1985&nbsp;tog G\u00f6ran Lundin och Garvis orkester \u00f6ver ansvaret f\u00f6r festplatsen och d\u00f6pte om den till Gubbakulan. Det var nu festplatsen fick sina gyllene \u00e5r med bes\u00f6k av landets fr\u00e4msta och mest popul\u00e4ra artister. G\u00f6ran Lundin hade p\u00e5passligt nog uppm\u00e4rksammat hembygdsf\u00f6reningens arrangemang och kom p\u00e5 bes\u00f6k tillsammans med sin hustru. G\u00f6ran ber\u00e4ttade kortfattat om de framg\u00e5ngsrika \u00e5ren i Vrigstad och det mycket goda samarbete som de haft med VIF och de ideella krafter som jobbat i Gubbakulan.<\/p>\n<p style=\"text-align: left;\"><a href=\"https:\/\/media.vrigstadshembygdsforening.se\/\/150924_SI.jpg\"><img loading=\"lazy\" decoding=\"async\" class=\"size-full wp-image-1073 alignright\" src=\"https:\/\/media.vrigstadshembygdsforening.se\/\/150924_SI.jpg\" alt=\"150924_SI\" width=\"350\" height=\"328\" srcset=\"https:\/\/media.vrigstadshembygdsforening.se\/150924_SI.jpg 350w, https:\/\/media.vrigstadshembygdsforening.se\/150924_SI-300x281.jpg 300w\" sizes=\"auto, (max-width: 350px) 100vw, 350px\" \/><\/a>Stig Marz visar upp en affisch med en av de popul\u00e4ra grupper som upptr\u00e4tt i Gubbakulan. Landets stora dansband upptr\u00e4dde h\u00e4r liksom stj\u00e4rnor fr\u00e5n b\u00e5de d\u00e5tid och nutid &#8211; Lill-Babs, Sonja Stiernqvist, Jerry Williams, Ted G\u00e4rdestad, Bj\u00f6rn Skifs och naturligtvis \u00e4ven Carola, d\u00e5 mer \u00e4n 5000 bes\u00f6kare tr\u00e4ngdes p\u00e5 festplatsen.<\/p>\n<p>Den<strong> 7 augusti <\/strong>tr\u00e4ffades representanter f\u00f6r hembygdsf\u00f6reningen och kyrkan p\u00e5 kyrkog\u00e5rden i Vrigstad. Tillsammans gjorde man en inventering av vilka gravstenar som \u00e4r av&nbsp;stort kulturhistoriskt intresse att bevara. Fr. v. B\u00f6rje Cronvall, Stig Marz, Sara Ax\u00e9den, Jan Johansson och Anna Green.<br \/>\n<a href=\"https:\/\/media.vrigstadshembygdsforening.se\/\/A150807gravvard.jpg\"><img loading=\"lazy\" decoding=\"async\" class=\"alignnone size-full wp-image-1050\" src=\"https:\/\/media.vrigstadshembygdsforening.se\/\/A150807gravvard.jpg\" alt=\"A150807gravvard\" width=\"700\" height=\"472\" srcset=\"https:\/\/media.vrigstadshembygdsforening.se\/A150807gravvard.jpg 700w, https:\/\/media.vrigstadshembygdsforening.se\/A150807gravvard-300x202.jpg 300w\" sizes=\"auto, (max-width: 700px) 100vw, 700px\" \/><\/a><strong><br \/>\n<\/strong><\/p>\n<p><strong>S\u00f6ndagen den 2 augusti&nbsp;<\/strong>h\u00f6ll hembygdsf\u00f6reningen&nbsp;\u00d6ppet hus p\u00e5 Gr\u00f6ndal. Mats Sturesson underh\u00f6ll med uppskattad s\u00e5ng, musik och&nbsp;historier.&nbsp;Bild- och&nbsp;klipparkivet visades.<br \/>\n<a href=\"https:\/\/media.vrigstadshembygdsforening.se\/\/A150802_MS.jpg\"><img loading=\"lazy\" decoding=\"async\" class=\"alignnone size-full wp-image-1039\" src=\"https:\/\/media.vrigstadshembygdsforening.se\/\/A150802_MS.jpg\" alt=\"A150802_MS\" width=\"700\" height=\"435\" srcset=\"https:\/\/media.vrigstadshembygdsforening.se\/A150802_MS.jpg 700w, https:\/\/media.vrigstadshembygdsforening.se\/A150802_MS-300x186.jpg 300w\" sizes=\"auto, (max-width: 700px) 100vw, 700px\" \/><\/a><\/p>\n<p>Traditionsenligt serverades kaffe och ostkaka till bes\u00f6karna.<br \/>\n<a href=\"https:\/\/media.vrigstadshembygdsforening.se\/\/A150802_fika.jpg\"><img loading=\"lazy\" decoding=\"async\" class=\"alignnone size-full wp-image-1040\" src=\"https:\/\/media.vrigstadshembygdsforening.se\/\/A150802_fika.jpg\" alt=\"A150802_fika\" width=\"700\" height=\"441\" srcset=\"https:\/\/media.vrigstadshembygdsforening.se\/A150802_fika.jpg 700w, https:\/\/media.vrigstadshembygdsforening.se\/A150802_fika-300x189.jpg 300w\" sizes=\"auto, (max-width: 700px) 100vw, 700px\" \/><\/a> <a href=\"https:\/\/media.vrigstadshembygdsforening.se\/\/A150802_servering.jpg\"><img loading=\"lazy\" decoding=\"async\" class=\"alignnone size-full wp-image-1041\" src=\"https:\/\/media.vrigstadshembygdsforening.se\/\/A150802_servering.jpg\" alt=\"A150802_servering\" width=\"700\" height=\"444\" srcset=\"https:\/\/media.vrigstadshembygdsforening.se\/A150802_servering.jpg 700w, https:\/\/media.vrigstadshembygdsforening.se\/A150802_servering-300x190.jpg 300w\" sizes=\"auto, (max-width: 700px) 100vw, 700px\" \/><\/a><\/p>\n<p><strong>Onsdagen den 24 juni<\/strong> anordnades en kyrkog\u00e5rdsvandring i anslutning till en konsert i kyrkan. Stig Marz och Carl-Gustaf Liew svarade, som vanligt, f\u00f6r presentationerna.<\/p>\n<p>Carl-Gustaf Liew inledde med att ge en presentation och historiebeskrivning av Daniel St\u00e5lhammar och Fredrik Runstedt.<\/p>\n<p><a href=\"https:\/\/media.vrigstadshembygdsforening.se\/\/2015\/07\/A150624_CG.jpg\"><img loading=\"lazy\" decoding=\"async\" class=\"alignnone size-full wp-image-344\" src=\"https:\/\/media.vrigstadshembygdsforening.se\/\/2015\/07\/A150624_CG.jpg\" alt=\"A150624_CG\" width=\"700\" height=\"474\" srcset=\"https:\/\/media.vrigstadshembygdsforening.se\/2015\/07\/A150624_CG.jpg 700w, https:\/\/media.vrigstadshembygdsforening.se\/2015\/07\/A150624_CG-300x203.jpg 300w\" sizes=\"auto, (max-width: 700px) 100vw, 700px\" \/><\/a><br \/>\nStig Marz fortsatte d\u00e4refter med Peder Fredrik Bjelke och Ernst Jansson (Jotson).<\/p>\n<p><a href=\"https:\/\/media.vrigstadshembygdsforening.se\/\/2015\/07\/A150624_SM.jpg\"><img loading=\"lazy\" decoding=\"async\" class=\"alignnone size-full wp-image-345\" src=\"https:\/\/media.vrigstadshembygdsforening.se\/\/2015\/07\/A150624_SM.jpg\" alt=\"A150624_SM\" width=\"700\" height=\"465\" srcset=\"https:\/\/media.vrigstadshembygdsforening.se\/2015\/07\/A150624_SM.jpg 700w, https:\/\/media.vrigstadshembygdsforening.se\/2015\/07\/A150624_SM-300x199.jpg 300w\" sizes=\"auto, (max-width: 700px) 100vw, 700px\" \/><\/a><\/p>\n<p><strong>Onsdagen den 6 maj<\/strong> samlades delar av styrelsen f\u00f6r den traditionsenliga st\u00e4dningen p\u00e5 Gr\u00f6ndal. P\u00e5 bilden syns Rune K\u00e4ll\u00e5sen, Margareta Vink, Olle Lagerkvist och Andreas Ljung.<\/p>\n<p><a href=\"https:\/\/media.vrigstadshembygdsforening.se\/\/2015\/07\/A150506.jpg\"><img loading=\"lazy\" decoding=\"async\" class=\"alignnone size-full wp-image-346\" src=\"https:\/\/media.vrigstadshembygdsforening.se\/\/2015\/07\/A150506.jpg\" alt=\"A150506\" width=\"700\" height=\"445\" srcset=\"https:\/\/media.vrigstadshembygdsforening.se\/2015\/07\/A150506.jpg 700w, https:\/\/media.vrigstadshembygdsforening.se\/2015\/07\/A150506-300x191.jpg 300w\" sizes=\"auto, (max-width: 700px) 100vw, 700px\" \/><\/a><\/p>\n<p>Under v\u00e5ren har hembygdsf\u00f6reningens traditionsenligt hj\u00e4lp till i samband med skolan hembygdsvecka. Bl.a. har Margareta Vink guidat p\u00e5 Gr\u00f6ndal och Kerstin Carlsson har ber\u00e4ttat om Vrigstads marknad.<\/p>\n<p><strong>Torsdagen den 9 april<\/strong> h\u00f6lls hembygdsf\u00f6reningens \u00e5rsm\u00f6te. Ut\u00f6ver de sedvanliga valen m.m. medverkade Stig Marz som visade \u00e5rets verksamhetsber\u00e4ttelse i ord och bild. H\u00e4r fick vi bl.a. se filmer och foton fr\u00e5n f\u00f6reningens aktiviteter, kyrkog\u00e5rdsvandring, utst\u00e4llning i Gamla Bankg\u00e5rden m.m. Som avslutning p\u00e5 tr\u00e4ffen visade Stig Marz en film om stormen Gudrun, som drabbade oss f\u00f6r tio \u00e5r sedan.<\/p>\n<p><a href=\"https:\/\/media.vrigstadshembygdsforening.se\/\/2015\/07\/A150409.jpg\"><img loading=\"lazy\" decoding=\"async\" class=\"alignnone size-full wp-image-347\" src=\"https:\/\/media.vrigstadshembygdsforening.se\/\/2015\/07\/A150409.jpg\" alt=\"A150409\" width=\"700\" height=\"458\" srcset=\"https:\/\/media.vrigstadshembygdsforening.se\/2015\/07\/A150409.jpg 700w, https:\/\/media.vrigstadshembygdsforening.se\/2015\/07\/A150409-300x196.jpg 300w\" sizes=\"auto, (max-width: 700px) 100vw, 700px\" \/><\/a><\/p>\n<p><strong>Torsdagen den 26 februari<\/strong> var Nils Fabiansson inbjuden f\u00f6r att bl.a. presentera sin nya bok &#8221;Historien om v\u00e4stfronten: I sp\u00e5ren av f\u00f6rsta v\u00e4rldskriget&#8221; och dess kopplingar till Vrigstad.<\/p>\n<p><a href=\"https:\/\/media.vrigstadshembygdsforening.se\/\/2015\/07\/A150226.jpg\"><img loading=\"lazy\" decoding=\"async\" class=\"alignnone size-full wp-image-348\" src=\"https:\/\/media.vrigstadshembygdsforening.se\/\/2015\/07\/A150226.jpg\" alt=\"A150226\" width=\"700\" height=\"375\" srcset=\"https:\/\/media.vrigstadshembygdsforening.se\/2015\/07\/A150226.jpg 700w, https:\/\/media.vrigstadshembygdsforening.se\/2015\/07\/A150226-300x161.jpg 300w\" sizes=\"auto, (max-width: 700px) 100vw, 700px\" \/><\/a><\/p>\n<p>F\u00f6rsamlingshemmet var v\u00e4lfyllt och Nils gav en tillbakablick av sin uppv\u00e4xt i Vrigstad och av sin far, konstn\u00e4ren Ture Fabiansson, som ocks\u00e5 inspirerat Nils till hans intresse f\u00f6r Frankrike.<\/p>\n<p><a href=\"https:\/\/media.vrigstadshembygdsforening.se\/\/2015\/07\/A150226_1.jpg\"><img loading=\"lazy\" decoding=\"async\" class=\" size-full wp-image-350 alignleft\" src=\"https:\/\/media.vrigstadshembygdsforening.se\/\/2015\/07\/A150226_1.jpg\" alt=\"A150226_1\" width=\"350\" height=\"458\" srcset=\"https:\/\/media.vrigstadshembygdsforening.se\/2015\/07\/A150226_1.jpg 350w, https:\/\/media.vrigstadshembygdsforening.se\/2015\/07\/A150226_1-229x300.jpg 229w\" sizes=\"auto, (max-width: 350px) 100vw, 350px\" \/><\/a>Nils har intresserat sig f\u00f6r f\u00f6rsta v\u00e4rldskriget under m\u00e5nga \u00e5r och har tidigare publicerat en bok p\u00e5 tyska. Vi fick ta del av b\u00e5de historier och bildmaterial fr\u00e5n f\u00f6rsta v\u00e4rldskriget &#8211; som, enligt Nils, var en katastrof, men d\u00e4r andra v\u00e4rldskriget var tio g\u00e5nger v\u00e4rre.<\/p>\n<p>Nils efterlyste ocks\u00e5 sl\u00e4kt till stridande svenskamerikaner. De som emigrerade till Amerika fick g\u00f6ra sin v\u00e4rnplikt d\u00e4r och kanske finns det n\u00e5gon sl\u00e4kting som lever och som kan ge nya fakta i Nils s\u00f6kande.<\/p>\n","protected":false},"excerpt":{"rendered":"<p>Vrigstads Hembygdsf\u00f6rening anordnar varje \u00e5r ett antal temakv\u00e4llar och andra aktiviteter. Torsdagen den 19 november ber\u00e4ttade Staffan Svensson&nbsp;om bryggeriet i<\/p>\n","protected":false},"author":1,"featured_media":0,"parent":0,"menu_order":0,"comment_status":"closed","ping_status":"open","template":"","meta":{"footnotes":""},"class_list":["post-329","page","type-page","status-publish","hentry"],"_links":{"self":[{"href":"https:\/\/vrigstadshembygdsforening.se\/index.php?rest_route=\/wp\/v2\/pages\/329","targetHints":{"allow":["GET"]}}],"collection":[{"href":"https:\/\/vrigstadshembygdsforening.se\/index.php?rest_route=\/wp\/v2\/pages"}],"about":[{"href":"https:\/\/vrigstadshembygdsforening.se\/index.php?rest_route=\/wp\/v2\/types\/page"}],"author":[{"embeddable":true,"href":"https:\/\/vrigstadshembygdsforening.se\/index.php?rest_route=\/wp\/v2\/users\/1"}],"replies":[{"embeddable":true,"href":"https:\/\/vrigstadshembygdsforening.se\/index.php?rest_route=%2Fwp%2Fv2%2Fcomments&post=329"}],"version-history":[{"count":3,"href":"https:\/\/vrigstadshembygdsforening.se\/index.php?rest_route=\/wp\/v2\/pages\/329\/revisions"}],"predecessor-version":[{"id":4278,"href":"https:\/\/vrigstadshembygdsforening.se\/index.php?rest_route=\/wp\/v2\/pages\/329\/revisions\/4278"}],"wp:attachment":[{"href":"https:\/\/vrigstadshembygdsforening.se\/index.php?rest_route=%2Fwp%2Fv2%2Fmedia&parent=329"}],"curies":[{"name":"wp","href":"https:\/\/api.w.org\/{rel}","templated":true}]}}