{"id":3281,"date":"2019-02-17T10:37:54","date_gmt":"2019-02-17T10:37:54","guid":{"rendered":"http:\/\/vrigstadshembygdsforening.se\/?page_id=3281"},"modified":"2019-02-17T10:37:54","modified_gmt":"2019-02-17T10:37:54","slug":"perssons-blomster","status":"publish","type":"page","link":"https:\/\/vrigstadshembygdsforening.se\/?page_id=3281","title":{"rendered":"Perssons Blomster"},"content":{"rendered":"<p dir=\"LTR\" style=\"text-align: left;\" align=\"JUSTIFY\">1925 startade Gustav Persson en firma i Stockaryd med ett v\u00e4xthus. D\u00e5 \u00e5kte han runt i bygden med lastbil och s\u00e5lde blommor. 1929 byggde han aff\u00e4r i Stockaryd och 1934 byggdes aff\u00e4ren i Vrigstad,<br \/>\nutmed J\u00f6nk\u00f6pingsv\u00e4gen, bredvid \u00e5n.<\/p>\n<p dir=\"LTR\" style=\"text-align: left;\" align=\"JUSTIFY\">Under tr\u00e4dg\u00e5rdsm\u00e4stare Gustav Persson ledning ansvarade bl.a. Verner L\u00f6nnblad, Jenny Cronvall och Knut K\u00e4llstr\u00f6m f\u00f6r aff\u00e4ren. 1946 hette den Gustav Perssons Blomster- &amp; Pappershandel. 1947 byggdes den om och moderniserades.<\/p>\n<p dir=\"LTR\" style=\"text-align: left;\" align=\"JUSTIFY\">1963 tog sonen Sven Persson \u00f6ver efter sin far. Han hade d\u00e5 g\u00e5tt binderiskola och var mogen f\u00f6r \u00f6vertagandet. Han drev sedan butikerna i Stockaryd och Vrigstad fram till 1975. Anst\u00e4llda har varit: Ulla-Britt Ekstr\u00f6m Coll\u00e9n 1953-57, Gertie Weilund Carlsson 1957-64, Inger Hellkert Carlsson 1964-67, Monica Carlson H\u00f6gberg 1967-?<\/p>\n<p dir=\"LTR\" style=\"text-align: left;\" align=\"JUSTIFY\">Den 1 maj 1975 bytte f\u00f6retaget \u00e4gare. Blomsteraff\u00e4ren \u00f6vertogs d\u00e5 av de anst\u00e4llda i butikerna i Stockaryd och Vrigstad: Sonja Olsson, Birgitta Olsson, Inger Salomonsson, Jeanette Edlund och Ros-Marie Pettersson (Lundberg).<\/p>\n<p dir=\"LTR\" style=\"text-align: left;\" align=\"JUSTIFY\">De drev butikerna fram till 1991. D\u00e5 s\u00e5lde de till Eddie B\u00f6rjesson som hade butikerna till 1994.<\/p>\n<p style=\"text-align: left;\">1994 k\u00f6pte RosMari Lundberg butiken i Vrigstad och driver den fortfarande under namnet Vrigstad Blomsterhandel.<\/p>\n<p>&nbsp;<\/p>\n","protected":false},"excerpt":{"rendered":"<p>1925 startade Gustav Persson en firma i Stockaryd med ett v\u00e4xthus. D\u00e5 \u00e5kte han runt i bygden med lastbil och<\/p>\n","protected":false},"author":1,"featured_media":0,"parent":0,"menu_order":0,"comment_status":"closed","ping_status":"closed","template":"","meta":{"footnotes":""},"class_list":["post-3281","page","type-page","status-publish","hentry"],"_links":{"self":[{"href":"https:\/\/vrigstadshembygdsforening.se\/index.php?rest_route=\/wp\/v2\/pages\/3281","targetHints":{"allow":["GET"]}}],"collection":[{"href":"https:\/\/vrigstadshembygdsforening.se\/index.php?rest_route=\/wp\/v2\/pages"}],"about":[{"href":"https:\/\/vrigstadshembygdsforening.se\/index.php?rest_route=\/wp\/v2\/types\/page"}],"author":[{"embeddable":true,"href":"https:\/\/vrigstadshembygdsforening.se\/index.php?rest_route=\/wp\/v2\/users\/1"}],"replies":[{"embeddable":true,"href":"https:\/\/vrigstadshembygdsforening.se\/index.php?rest_route=%2Fwp%2Fv2%2Fcomments&post=3281"}],"version-history":[{"count":1,"href":"https:\/\/vrigstadshembygdsforening.se\/index.php?rest_route=\/wp\/v2\/pages\/3281\/revisions"}],"predecessor-version":[{"id":3282,"href":"https:\/\/vrigstadshembygdsforening.se\/index.php?rest_route=\/wp\/v2\/pages\/3281\/revisions\/3282"}],"wp:attachment":[{"href":"https:\/\/vrigstadshembygdsforening.se\/index.php?rest_route=%2Fwp%2Fv2%2Fmedia&parent=3281"}],"curies":[{"name":"wp","href":"https:\/\/api.w.org\/{rel}","templated":true}]}}