{"id":3250,"date":"2019-02-17T09:47:17","date_gmt":"2019-02-17T09:47:17","guid":{"rendered":"http:\/\/vrigstadshembygdsforening.se\/?page_id=3250"},"modified":"2019-02-17T09:47:17","modified_gmt":"2019-02-17T09:47:17","slug":"maxxtuning-ab","status":"publish","type":"page","link":"https:\/\/vrigstadshembygdsforening.se\/?page_id=3250","title":{"rendered":"Maxxtuning AB"},"content":{"rendered":"<p dir=\"LTR\" style=\"text-align: left;\" align=\"JUSTIFY\">F\u00f6retaget startades 2007 av br\u00f6derna Samuel och Natanel Yngvesson (numera Ceder). \u00c5r 2011 k\u00f6pte Natanael Ceder ut brodern och driver det sedan dess sj\u00e4lv.<\/p>\n<p dir=\"LTR\" style=\"text-align: left;\" align=\"JUSTIFY\">Bolaget finns p\u00e5 G\u00e4stgivaregatan 17 och utf\u00f6r mappning av bilar, effektm\u00e4tning, f\u00f6rs\u00e4ljning av bildelar m.m.<\/p>\n<figure id=\"attachment_3251\" aria-describedby=\"caption-attachment-3251\" style=\"width: 700px\" class=\"wp-caption alignnone\"><a href=\"https:\/\/media.vrigstadshembygdsforening.se\/\/W_Maxxtuning.jpg\"><img loading=\"lazy\" decoding=\"async\" class=\"size-full wp-image-3251\" src=\"https:\/\/media.vrigstadshembygdsforening.se\/\/W_Maxxtuning.jpg\" alt=\"\" width=\"700\" height=\"521\" srcset=\"https:\/\/media.vrigstadshembygdsforening.se\/W_Maxxtuning.jpg 700w, https:\/\/media.vrigstadshembygdsforening.se\/W_Maxxtuning-300x223.jpg 300w\" sizes=\"auto, (max-width: 700px) 100vw, 700px\" \/><\/a><figcaption id=\"caption-attachment-3251\" class=\"wp-caption-text\">Natanael Ceder i sin anl\u00e4ggning.<\/figcaption><\/figure>\n<p>&nbsp;<\/p>\n","protected":false},"excerpt":{"rendered":"<p>F\u00f6retaget startades 2007 av br\u00f6derna Samuel och Natanel Yngvesson (numera Ceder). \u00c5r 2011 k\u00f6pte Natanael Ceder ut brodern och driver<\/p>\n","protected":false},"author":1,"featured_media":0,"parent":0,"menu_order":0,"comment_status":"closed","ping_status":"closed","template":"","meta":{"footnotes":""},"class_list":["post-3250","page","type-page","status-publish","hentry"],"_links":{"self":[{"href":"https:\/\/vrigstadshembygdsforening.se\/index.php?rest_route=\/wp\/v2\/pages\/3250","targetHints":{"allow":["GET"]}}],"collection":[{"href":"https:\/\/vrigstadshembygdsforening.se\/index.php?rest_route=\/wp\/v2\/pages"}],"about":[{"href":"https:\/\/vrigstadshembygdsforening.se\/index.php?rest_route=\/wp\/v2\/types\/page"}],"author":[{"embeddable":true,"href":"https:\/\/vrigstadshembygdsforening.se\/index.php?rest_route=\/wp\/v2\/users\/1"}],"replies":[{"embeddable":true,"href":"https:\/\/vrigstadshembygdsforening.se\/index.php?rest_route=%2Fwp%2Fv2%2Fcomments&post=3250"}],"version-history":[{"count":1,"href":"https:\/\/vrigstadshembygdsforening.se\/index.php?rest_route=\/wp\/v2\/pages\/3250\/revisions"}],"predecessor-version":[{"id":3252,"href":"https:\/\/vrigstadshembygdsforening.se\/index.php?rest_route=\/wp\/v2\/pages\/3250\/revisions\/3252"}],"wp:attachment":[{"href":"https:\/\/vrigstadshembygdsforening.se\/index.php?rest_route=%2Fwp%2Fv2%2Fmedia&parent=3250"}],"curies":[{"name":"wp","href":"https:\/\/api.w.org\/{rel}","templated":true}]}}