{"id":3088,"date":"2019-02-15T11:39:28","date_gmt":"2019-02-15T11:39:28","guid":{"rendered":"http:\/\/vrigstadshembygdsforening.se\/?page_id=3088"},"modified":"2019-02-15T11:39:28","modified_gmt":"2019-02-15T11:39:28","slug":"apotek","status":"publish","type":"page","link":"https:\/\/vrigstadshembygdsforening.se\/?page_id=3088","title":{"rendered":"Apotek"},"content":{"rendered":"<p dir=\"LTR\" style=\"text-align: left;\" align=\"JUSTIFY\">I Sverige har det funnits offentliga apotek sedan b\u00f6rjan av 1500-talet. De svenska apoteken drevs av enskilda apotekare, som hade s\u00e4rskilda privilegiebrev fr\u00e5n kronan (apoteksprivilegium), vilka var \u00e4rftliga men brukade \u00f6verl\u00e5tas genom k\u00f6p (privilegiehandel).<\/p>\n<p dir=\"LTR\" style=\"text-align: left;\" align=\"JUSTIFY\">1970 f\u00f6rstatligades hela apoteksr\u00f6relsen och Apoteksbolaget (numera Apoteket AB) tog \u00f6ver verksamheten. I enlighet med avtal med svenska staten hade Apoteket AB monopol p\u00e5 detaljhandel med l\u00e4kemedel. \u00c5r 2009 upph\u00f6rde apoteksmonopolet och det var \u00e5ter till\u00e5tet med privat\u00e4gda apotek.<\/p>\n<p dir=\"LTR\" style=\"text-align: left;\" align=\"JUSTIFY\">N\u00e4r apotek f\u00f6rst b\u00f6rjade uppr\u00e4ttas i Sverige var\u00a0r\u00f6relsen starkt begr\u00e4nsad. Inget apotek fick anl\u00e4ggas i Sverige utan kronans tillst\u00e5nd, &#8221;V\u00e5r allern\u00e5digste vocation och best\u00e4llning&#8221;, som det heter i 1688 \u00e5rs medicinalordningar.<\/p>\n<p dir=\"LTR\" align=\"JUSTIFY\">Detta tillst\u00e5nd, privilegium, meddelades f\u00f6r visst, p\u00e5 best\u00e4md ort bel\u00e4get apotek, s\u00e4rskilt f\u00f6r varje ny apotekare. (K\u00e4lla: Wikipedia)<\/p>\n<p dir=\"LTR\" align=\"JUSTIFY\"><strong>Historik \u00f6ver apoteksr\u00f6relsen i Vrigstad<\/strong><br \/>\nF\u00f6re 1822 kunde man i Vrigstad inte f\u00e5 medicin p\u00e5 n\u00e4rmare h\u00e5ll \u00e4n fr\u00e5n J\u00f6nk\u00f6ping, Eksj\u00f6 eller V\u00e4xj\u00f6. Med d\u00e5tidens l\u00e5ngsamma kommunikationer innebar detta stora risker f\u00f6r de sjuka. P\u00e5 initiativ av\u00a0baronen och hovj\u00e4gm\u00e4staren Falkenberg p\u00e5\u00a0Biskopsbo, inr\u00e4ttades d\u00e4rf\u00f6r ett sockenapotek i Vrigstad, som den 1 oktober 1822 stod klart och d\u00e4r de vanligaste l\u00e4kemedlen kunde f\u00e5s. Baronen hade ink\u00f6pt flaskor fr\u00e5n Kosta Glasbruk och medikamenter fr\u00e5n apotekaren Winding i Varberg f\u00f6r 48 riksdaler.<\/p>\n<p dir=\"LTR\" align=\"JUSTIFY\">Till att b\u00f6rja med sk\u00f6ttes sockenapoteket av baronen sj\u00e4lv. D\u00e5 det visade sig att det var sv\u00e5rt att f\u00e5 folk att betala st\u00e4llde han som villkor, att om han forts\u00e4ttningsvis skulle sk\u00f6ta apoteket, s\u00e5 ville han slippa uppb\u00e4ra betalningen eller ocks\u00e5 att beh\u00f6vande skulle f\u00e5 sin medicin gratis.<\/p>\n<p dir=\"LTR\" align=\"JUSTIFY\">Att dela ut gratismedicin kunde inte sockenm\u00e4nnen g\u00e5 med p\u00e5. Kanske var det i detta l\u00e4get den f\u00f6rste apotekaren anst\u00e4lldes. Det var apotekare Wettervik, f\u00f6dd 1788, var \u00e4r ej angivet, och n\u00e4r han kom till Vrigstad \u00e4r ocks\u00e5 oklart, men han flyttar fr\u00e5n Vrigstad 1833.<\/p>\n<p dir=\"LTR\" align=\"JUSTIFY\">S\u00f6kande till tj\u00e4nsten efter Wettervik var apotekaren Ekstr\u00f6m fr\u00e5n Gr\u00e4nna. D\u00e5 baron Falkenberg gjort sig underr\u00e4ttad om att Ekstr\u00f6m var fattig och hade hustru och flera barn &#8221;och d\u00e5 nu f\u00f6rsamlingen undsluppit Wettervik, skulle socknen taga sig tillvara f\u00f6r slik inkvartering&#8221;, tyckte Falkenberg. Under 20 \u00e5r verkade sockenapoteket p\u00e5 Biskopsbo tills det 1842 blev &#8221;en f\u00f6rfattningsenlig filial under apoteket i J\u00f6nk\u00f6ping&#8221;. Det har allts\u00e5 funnits apotek i Vrigstad sedan dess.<\/p>\n<p dir=\"LTR\" align=\"JUSTIFY\">Apoteket Hygiea, som det hette fr\u00e5n b\u00f6rjan, var inrymt i olika fastigheter tills det i mitten av 1850-talet fick lokaler i Bolagsg\u00e5rden, nuvarande Bankmuseets, v\u00e4stra del. Under \u00e5ren 1889-1924 var Vrigstad Apotek placerat i M\u00f6rkedala. 1924 byggde kommunen ett nytt Apotek p\u00e5 J\u00f6nk\u00f6pingsv\u00e4gen 3, till en kostnad av 28 200 kronor.<\/p>\n<p dir=\"LTR\" align=\"JUSTIFY\">Sedan 2013 \u00e4r apoteket i Marknadshuset i\u00a0direkt anslutning till v\u00e5rdcentralen.<\/p>\n<p dir=\"LTR\" style=\"text-align: left;\" align=\"JUSTIFY\">N\u00e5gra apotekare i Vrigstad:<br \/>\nCarl J. Lejdenfrost 1842-1852.<br \/>\nM\u00e5rten Wetterberg 1852-1861.<br \/>\nThure G. Reenstjerna 1861-1867.<br \/>\nPehr Adolf Wistr\u00f6m, 1867-1868.<br \/>\nJohan Alfred Wing\u00e5rd 1868-1869.<br \/>\nAxel Pontus Sj\u00f6stedt 1869-1880. Under Sj\u00f6stedts tid \u00f6ppnar Vrigstad-apoteket en filial i N\u00e4ssj\u00f6. Filialen blir sj\u00e4lvst\u00e4ndigt apotek efter Sj\u00f6stedts bortg\u00e5ng. Axel Pontus Sj\u00f6stedt g\u00e5r ur tiden 1880, d\u00e5 han d\u00f6r i kallbrand.<br \/>\nOskar Fredrik Mellgren 1880-1882. Han d\u00f6r i hj\u00e4rtf\u00f6rlamning 1882.<br \/>\nKarl August Hellstr\u00f6m 1882-1889.<br \/>\nPer August Pont\u00e9n 1889-1895. Det var tydligen riskabelt att vara apotekare, \u00e4ven han dog av hj\u00e4rtf\u00f6rlamning. Han fick sitt sista vilorum p\u00e5 Vrigstads kyrkog\u00e5rd.<br \/>\nBernt Rudolf Berggren 1896-1908. Under hans ledning \u00f6ppnade apoteket i Vrigstad en filial i S\u00e4vsj\u00f6.<br \/>\nClaes Johan Persson 1908-1912.<br \/>\nErnst Oskar Englund 1912-1917. Han hittade sin livsledsagarinna i Vrigstad. Han gifte sig 1915 med folkskoll\u00e4rare K.A. Hultqvists dotter Ellen.<br \/>\nKarl Erik Paulus Karlsson 1917-1920. Strax efter ankomsten till Vrigstad 1917, d\u00f6r deras tre-\u00e5rige son i lunginflammation och begravs p\u00e5 Vrigstads kyrkog\u00e5rd. D\u00e5 f\u00f6r\u00e4ldrarna avled, han 1958 och hon 1955, var de bosatta i Gr\u00e4nna, men begravdes i\u00a0sonens grav i Vrigstad.<br \/>\nKarl Filip Andersson 1920-1936? 1920 \u00f6vergick ansvaret f\u00f6r apoteket i Vrigstad till S\u00e4vsj\u00f6 municipalsamh\u00e4lle.<br \/>\nLotten Malmsten.<br \/>\nFru Wallsten mitten 40-talet.<br \/>\nDan Nilsson mitten 1940-talet-1956.<br \/>\nBrita Fabiansson 1956-1989.<\/p>\n<p dir=\"LTR\" style=\"text-align: left;\" align=\"JUSTIFY\">1970 f\u00f6rstatligades apoteken i Sverige.<br \/>\nN\u00e4r apoteksmonopolet upph\u00e4vdes i landet 2009 \u00f6ppnade Apoteket Hj\u00e4rtat i Vrigstad.<\/p>\n<figure id=\"attachment_3090\" aria-describedby=\"caption-attachment-3090\" style=\"width: 700px\" class=\"wp-caption alignnone\"><a href=\"https:\/\/media.vrigstadshembygdsforening.se\/\/W_1979.523.jpg\"><img loading=\"lazy\" decoding=\"async\" class=\"size-full wp-image-3090\" src=\"https:\/\/media.vrigstadshembygdsforening.se\/\/W_1979.523.jpg\" alt=\"\" width=\"700\" height=\"482\" srcset=\"https:\/\/media.vrigstadshembygdsforening.se\/W_1979.523.jpg 700w, https:\/\/media.vrigstadshembygdsforening.se\/W_1979.523-300x207.jpg 300w\" sizes=\"auto, (max-width: 700px) 100vw, 700px\" \/><\/a><figcaption id=\"caption-attachment-3090\" class=\"wp-caption-text\">M\u00f6rkedala byggdes 1850 av patronen Adolf M\u00f6rk. \u00c5r 1889 flyttade Apoteket hit fr\u00e5n Bolagsg\u00e5rden.Det fanns sedan h\u00e4r till 1924, d\u00e5 det nya Apoteket byggdes. Foto fr\u00e5n cirka 1900.<\/figcaption><\/figure>\n<figure id=\"attachment_3089\" aria-describedby=\"caption-attachment-3089\" style=\"width: 400px\" class=\"wp-caption alignnone\"><a href=\"https:\/\/media.vrigstadshembygdsforening.se\/\/W_1979.254.png\"><img loading=\"lazy\" decoding=\"async\" class=\"size-full wp-image-3089\" src=\"https:\/\/media.vrigstadshembygdsforening.se\/\/W_1979.254.png\" alt=\"\" width=\"400\" height=\"565\" srcset=\"https:\/\/media.vrigstadshembygdsforening.se\/W_1979.254.png 400w, https:\/\/media.vrigstadshembygdsforening.se\/W_1979.254-212x300.png 212w\" sizes=\"auto, (max-width: 400px) 100vw, 400px\" \/><\/a><figcaption id=\"caption-attachment-3089\" class=\"wp-caption-text\">Claes Persson var apotekare i M\u00f6rkedala 1908-1912. P\u00e5 bilden syns hans assistent, som dock blev avskedad p.g.a. tablettmissbruk. Foto fr\u00e5n 1910.<\/figcaption><\/figure>\n<figure id=\"attachment_3092\" aria-describedby=\"caption-attachment-3092\" style=\"width: 700px\" class=\"wp-caption alignnone\"><a href=\"https:\/\/media.vrigstadshembygdsforening.se\/\/W_1998.081.png\"><img loading=\"lazy\" decoding=\"async\" class=\"size-full wp-image-3092\" src=\"https:\/\/media.vrigstadshembygdsforening.se\/\/W_1998.081.png\" alt=\"\" width=\"700\" height=\"476\" srcset=\"https:\/\/media.vrigstadshembygdsforening.se\/W_1998.081.png 700w, https:\/\/media.vrigstadshembygdsforening.se\/W_1998.081-300x204.png 300w\" sizes=\"auto, (max-width: 700px) 100vw, 700px\" \/><\/a><figcaption id=\"caption-attachment-3092\" class=\"wp-caption-text\">Apoteket byggdes av kommunen 1924.<\/figcaption><\/figure>\n<figure id=\"attachment_3091\" aria-describedby=\"caption-attachment-3091\" style=\"width: 700px\" class=\"wp-caption alignnone\"><a href=\"https:\/\/media.vrigstadshembygdsforening.se\/\/W_1983.1026A.png\"><img loading=\"lazy\" decoding=\"async\" class=\"size-full wp-image-3091\" src=\"https:\/\/media.vrigstadshembygdsforening.se\/\/W_1983.1026A.png\" alt=\"\" width=\"700\" height=\"499\" srcset=\"https:\/\/media.vrigstadshembygdsforening.se\/W_1983.1026A.png 700w, https:\/\/media.vrigstadshembygdsforening.se\/W_1983.1026A-300x214.png 300w\" sizes=\"auto, (max-width: 700px) 100vw, 700px\" \/><\/a><figcaption id=\"caption-attachment-3091\" class=\"wp-caption-text\">Brita Fabiansson och Alice Nilsson var trotj\u00e4nare p\u00e5 Apoteket under m\u00e5nga \u00e5r. P\u00e5 bilden expedierar de Edvin Svensson 1983.<\/figcaption><\/figure>\n","protected":false},"excerpt":{"rendered":"<p>I Sverige har det funnits offentliga apotek sedan b\u00f6rjan av 1500-talet. De svenska apoteken drevs av enskilda apotekare, som hade<\/p>\n","protected":false},"author":1,"featured_media":0,"parent":0,"menu_order":0,"comment_status":"closed","ping_status":"closed","template":"","meta":{"footnotes":""},"class_list":["post-3088","page","type-page","status-publish","hentry"],"_links":{"self":[{"href":"https:\/\/vrigstadshembygdsforening.se\/index.php?rest_route=\/wp\/v2\/pages\/3088","targetHints":{"allow":["GET"]}}],"collection":[{"href":"https:\/\/vrigstadshembygdsforening.se\/index.php?rest_route=\/wp\/v2\/pages"}],"about":[{"href":"https:\/\/vrigstadshembygdsforening.se\/index.php?rest_route=\/wp\/v2\/types\/page"}],"author":[{"embeddable":true,"href":"https:\/\/vrigstadshembygdsforening.se\/index.php?rest_route=\/wp\/v2\/users\/1"}],"replies":[{"embeddable":true,"href":"https:\/\/vrigstadshembygdsforening.se\/index.php?rest_route=%2Fwp%2Fv2%2Fcomments&post=3088"}],"version-history":[{"count":1,"href":"https:\/\/vrigstadshembygdsforening.se\/index.php?rest_route=\/wp\/v2\/pages\/3088\/revisions"}],"predecessor-version":[{"id":3093,"href":"https:\/\/vrigstadshembygdsforening.se\/index.php?rest_route=\/wp\/v2\/pages\/3088\/revisions\/3093"}],"wp:attachment":[{"href":"https:\/\/vrigstadshembygdsforening.se\/index.php?rest_route=%2Fwp%2Fv2%2Fmedia&parent=3088"}],"curies":[{"name":"wp","href":"https:\/\/api.w.org\/{rel}","templated":true}]}}