{"id":3052,"date":"2019-02-15T11:02:02","date_gmt":"2019-02-15T11:02:02","guid":{"rendered":"http:\/\/vrigstadshembygdsforening.se\/?page_id=3052"},"modified":"2019-02-15T11:02:02","modified_gmt":"2019-02-15T11:02:02","slug":"rshb-rolf-sjoo-handelsbolag","status":"publish","type":"page","link":"https:\/\/vrigstadshembygdsforening.se\/?page_id=3052","title":{"rendered":"RSHB \u2013 Rolf Sj\u00f6\u00f6 Handelsbolag"},"content":{"rendered":"<p dir=\"LTR\" style=\"text-align: left;\" align=\"JUSTIFY\">Rolf Sj\u00f6\u00f6 startade 1993 ett bolag, vars verksamhet var husf\u00f6rs\u00e4ljning, snickeri- och byggf\u00f6retag.<\/p>\n<p>&nbsp;<\/p>\n","protected":false},"excerpt":{"rendered":"<p>Rolf Sj\u00f6\u00f6 startade 1993 ett bolag, vars verksamhet var husf\u00f6rs\u00e4ljning, snickeri- och byggf\u00f6retag. &nbsp;<\/p>\n","protected":false},"author":1,"featured_media":0,"parent":0,"menu_order":0,"comment_status":"closed","ping_status":"closed","template":"","meta":{"footnotes":""},"class_list":["post-3052","page","type-page","status-publish","hentry"],"_links":{"self":[{"href":"https:\/\/vrigstadshembygdsforening.se\/index.php?rest_route=\/wp\/v2\/pages\/3052","targetHints":{"allow":["GET"]}}],"collection":[{"href":"https:\/\/vrigstadshembygdsforening.se\/index.php?rest_route=\/wp\/v2\/pages"}],"about":[{"href":"https:\/\/vrigstadshembygdsforening.se\/index.php?rest_route=\/wp\/v2\/types\/page"}],"author":[{"embeddable":true,"href":"https:\/\/vrigstadshembygdsforening.se\/index.php?rest_route=\/wp\/v2\/users\/1"}],"replies":[{"embeddable":true,"href":"https:\/\/vrigstadshembygdsforening.se\/index.php?rest_route=%2Fwp%2Fv2%2Fcomments&post=3052"}],"version-history":[{"count":1,"href":"https:\/\/vrigstadshembygdsforening.se\/index.php?rest_route=\/wp\/v2\/pages\/3052\/revisions"}],"predecessor-version":[{"id":3053,"href":"https:\/\/vrigstadshembygdsforening.se\/index.php?rest_route=\/wp\/v2\/pages\/3052\/revisions\/3053"}],"wp:attachment":[{"href":"https:\/\/vrigstadshembygdsforening.se\/index.php?rest_route=%2Fwp%2Fv2%2Fmedia&parent=3052"}],"curies":[{"name":"wp","href":"https:\/\/api.w.org\/{rel}","templated":true}]}}