{"id":3048,"date":"2019-02-15T11:01:25","date_gmt":"2019-02-15T11:01:25","guid":{"rendered":"http:\/\/vrigstadshembygdsforening.se\/?page_id=3048"},"modified":"2019-02-15T11:01:25","modified_gmt":"2019-02-15T11:01:25","slug":"hus-och-tomter-i-vrigstad-ab","status":"publish","type":"page","link":"https:\/\/vrigstadshembygdsforening.se\/?page_id=3048","title":{"rendered":"Hus och Tomter i Vrigstad AB"},"content":{"rendered":"<p dir=\"LTR\" style=\"text-align: left;\" align=\"JUSTIFY\">Curth Hj\u00e4lmefjord och Eivor Hj\u00e4lmefjord drev\u00a0f\u00f6retaget som s\u00e5lde och byggde monteringsf\u00e4rdiga hus. F\u00f6retaget var verksamt under \u00e5ren 1981-2003. D\u00e4refter s\u00e5ldes det till k\u00f6pare i Karlstad.<\/p>\n<p dir=\"LTR\" style=\"text-align: left;\" align=\"JUSTIFY\">Det geografiska omr\u00e5det man jobbade inom var stort: Sverige, Norge, Tyskland, Schweiz, \u00d6sterrike, Holland och Israel.<\/p>\n<figure id=\"attachment_3049\" aria-describedby=\"caption-attachment-3049\" style=\"width: 700px\" class=\"wp-caption alignnone\"><a href=\"https:\/\/media.vrigstadshembygdsforening.se\/\/W_Hus-o-tomter_Israel_med-lok-snickare.png\"><img loading=\"lazy\" decoding=\"async\" class=\"size-full wp-image-3049\" src=\"https:\/\/media.vrigstadshembygdsforening.se\/\/W_Hus-o-tomter_Israel_med-lok-snickare.png\" alt=\"\" width=\"700\" height=\"503\" srcset=\"https:\/\/media.vrigstadshembygdsforening.se\/W_Hus-o-tomter_Israel_med-lok-snickare.png 700w, https:\/\/media.vrigstadshembygdsforening.se\/W_Hus-o-tomter_Israel_med-lok-snickare-300x216.png 300w\" sizes=\"auto, (max-width: 700px) 100vw, 700px\" \/><\/a><figcaption id=\"caption-attachment-3049\" class=\"wp-caption-text\">Curth Hj\u00e4lmefjord arbetar tillsammans med lokala snickare p\u00e5 ett hus i Israel.<\/figcaption><\/figure>\n<figure id=\"attachment_3050\" aria-describedby=\"caption-attachment-3050\" style=\"width: 700px\" class=\"wp-caption alignnone\"><a href=\"https:\/\/media.vrigstadshembygdsforening.se\/\/W_Hus-o-tomter_Schweiz.png\"><img loading=\"lazy\" decoding=\"async\" class=\"size-full wp-image-3050\" src=\"https:\/\/media.vrigstadshembygdsforening.se\/\/W_Hus-o-tomter_Schweiz.png\" alt=\"\" width=\"700\" height=\"361\" srcset=\"https:\/\/media.vrigstadshembygdsforening.se\/W_Hus-o-tomter_Schweiz.png 700w, https:\/\/media.vrigstadshembygdsforening.se\/W_Hus-o-tomter_Schweiz-300x155.png 300w\" sizes=\"auto, (max-width: 700px) 100vw, 700px\" \/><\/a><figcaption id=\"caption-attachment-3050\" class=\"wp-caption-text\">F\u00f6retaget byggde \u00e4ven hus i Schweiz.<\/figcaption><\/figure>\n","protected":false},"excerpt":{"rendered":"<p>Curth Hj\u00e4lmefjord och Eivor Hj\u00e4lmefjord drev\u00a0f\u00f6retaget som s\u00e5lde och byggde monteringsf\u00e4rdiga hus. F\u00f6retaget var verksamt under \u00e5ren 1981-2003. D\u00e4refter s\u00e5ldes<\/p>\n","protected":false},"author":1,"featured_media":0,"parent":0,"menu_order":0,"comment_status":"closed","ping_status":"closed","template":"","meta":{"footnotes":""},"class_list":["post-3048","page","type-page","status-publish","hentry"],"_links":{"self":[{"href":"https:\/\/vrigstadshembygdsforening.se\/index.php?rest_route=\/wp\/v2\/pages\/3048","targetHints":{"allow":["GET"]}}],"collection":[{"href":"https:\/\/vrigstadshembygdsforening.se\/index.php?rest_route=\/wp\/v2\/pages"}],"about":[{"href":"https:\/\/vrigstadshembygdsforening.se\/index.php?rest_route=\/wp\/v2\/types\/page"}],"author":[{"embeddable":true,"href":"https:\/\/vrigstadshembygdsforening.se\/index.php?rest_route=\/wp\/v2\/users\/1"}],"replies":[{"embeddable":true,"href":"https:\/\/vrigstadshembygdsforening.se\/index.php?rest_route=%2Fwp%2Fv2%2Fcomments&post=3048"}],"version-history":[{"count":1,"href":"https:\/\/vrigstadshembygdsforening.se\/index.php?rest_route=\/wp\/v2\/pages\/3048\/revisions"}],"predecessor-version":[{"id":3051,"href":"https:\/\/vrigstadshembygdsforening.se\/index.php?rest_route=\/wp\/v2\/pages\/3048\/revisions\/3051"}],"wp:attachment":[{"href":"https:\/\/vrigstadshembygdsforening.se\/index.php?rest_route=%2Fwp%2Fv2%2Fmedia&parent=3048"}],"curies":[{"name":"wp","href":"https:\/\/api.w.org\/{rel}","templated":true}]}}