{"id":3046,"date":"2019-02-15T10:58:11","date_gmt":"2019-02-15T10:58:11","guid":{"rendered":"http:\/\/vrigstadshembygdsforening.se\/?page_id=3046"},"modified":"2019-02-15T10:58:11","modified_gmt":"2019-02-15T10:58:11","slug":"c-h-e-bygg-ab","status":"publish","type":"page","link":"https:\/\/vrigstadshembygdsforening.se\/?page_id=3046","title":{"rendered":"C H E Bygg AB"},"content":{"rendered":"<p dir=\"LTR\" align=\"JUSTIFY\">Curth Hj\u00e4lmefjord \u00e4gde och drev f\u00f6retaget under \u00e5ren 1981-1992. Helmer Andersson var anst\u00e4lld i bolaget.<\/p>\n<p dir=\"LTR\" align=\"JUSTIFY\">F\u00f6retaget s\u00e5lde monteringsf\u00e4rdiga hus med inriktning p\u00e5 hyresfastigheter och servicehus f\u00f6r gruppboende. Geografiskt arbetade man i s\u00f6dra Sverige fr\u00e5n Stockholm till Malm\u00f6.<\/p>\n<p>1992 s\u00e5ldes f\u00f6retaget till H C F i Nybro.<\/p>\n<p>&nbsp;<\/p>\n","protected":false},"excerpt":{"rendered":"<p>Curth Hj\u00e4lmefjord \u00e4gde och drev f\u00f6retaget under \u00e5ren 1981-1992. Helmer Andersson var anst\u00e4lld i bolaget. F\u00f6retaget s\u00e5lde monteringsf\u00e4rdiga hus med<\/p>\n","protected":false},"author":1,"featured_media":0,"parent":0,"menu_order":0,"comment_status":"closed","ping_status":"closed","template":"","meta":{"footnotes":""},"class_list":["post-3046","page","type-page","status-publish","hentry"],"_links":{"self":[{"href":"https:\/\/vrigstadshembygdsforening.se\/index.php?rest_route=\/wp\/v2\/pages\/3046","targetHints":{"allow":["GET"]}}],"collection":[{"href":"https:\/\/vrigstadshembygdsforening.se\/index.php?rest_route=\/wp\/v2\/pages"}],"about":[{"href":"https:\/\/vrigstadshembygdsforening.se\/index.php?rest_route=\/wp\/v2\/types\/page"}],"author":[{"embeddable":true,"href":"https:\/\/vrigstadshembygdsforening.se\/index.php?rest_route=\/wp\/v2\/users\/1"}],"replies":[{"embeddable":true,"href":"https:\/\/vrigstadshembygdsforening.se\/index.php?rest_route=%2Fwp%2Fv2%2Fcomments&post=3046"}],"version-history":[{"count":1,"href":"https:\/\/vrigstadshembygdsforening.se\/index.php?rest_route=\/wp\/v2\/pages\/3046\/revisions"}],"predecessor-version":[{"id":3047,"href":"https:\/\/vrigstadshembygdsforening.se\/index.php?rest_route=\/wp\/v2\/pages\/3046\/revisions\/3047"}],"wp:attachment":[{"href":"https:\/\/vrigstadshembygdsforening.se\/index.php?rest_route=%2Fwp%2Fv2%2Fmedia&parent=3046"}],"curies":[{"name":"wp","href":"https:\/\/api.w.org\/{rel}","templated":true}]}}