{"id":3038,"date":"2019-02-15T10:49:07","date_gmt":"2019-02-15T10:49:07","guid":{"rendered":"http:\/\/vrigstadshembygdsforening.se\/?page_id=3038"},"modified":"2019-02-15T10:49:07","modified_gmt":"2019-02-15T10:49:07","slug":"vrigstad-bil-ab","status":"publish","type":"page","link":"https:\/\/vrigstadshembygdsforening.se\/?page_id=3038","title":{"rendered":"Vrigstad Bil AB"},"content":{"rendered":"<p dir=\"LTR\" style=\"text-align: left;\" align=\"JUSTIFY\">N\u00e4r Vrigstads nuvarande Missionskyrka byggdes 1931, blev det gamla huset ledigt. Det s\u00e5ldes d\u00e5 till Karl Karlsson, som startade Vrigstads Smides- &amp; Motorverkstad, d.v.s. bilverkstad och byggnadssmide i lokalerna p\u00e5 V\u00e4xj\u00f6v\u00e4gen 25. Karlsson sk\u00f6tte sj\u00e4lv bilverkstaden och anst\u00e4llde John Lindberg, allm\u00e4nt kallad &#8221;Musse&#8221;, till byggnadssmidet.<\/p>\n<p dir=\"LTR\" style=\"text-align: left;\" align=\"JUSTIFY\">Huset brann ned till grunden 1943 och en ny modern verkstad uppf\u00f6rdes p\u00e5 samma plats.<\/p>\n<p dir=\"LTR\" style=\"text-align: left;\" align=\"JUSTIFY\">1949 flyttade Karlsson fr\u00e5n Vrigstad och Olle Andersson, Hagalund, och Rudolf Claesson \u00f6vertog bilverkstaden och &#8221;Musse&#8221; byggnadssmidet. Sven Nilsson var f\u00f6rst anst\u00e4llde och sedan kom Sigge Lindsten. Som mest hade f\u00f6retaget ett tiotal anst\u00e4llda.<\/p>\n<p dir=\"LTR\" style=\"text-align: left;\" align=\"JUSTIFY\">De flesta jobben var rundsm\u00f6rjning av person-bilar, som skulle g\u00f6ras var 500:de mil. Senare b\u00f6rjade man \u00e4ven reparera lastbilar och traktorer.<\/p>\n<p dir=\"LTR\" style=\"text-align: left;\" align=\"JUSTIFY\">Omkring 1969-70 k\u00f6pte Rudolf Claesson Svanbergs fastighet p\u00e5 Stockarydsv\u00e4gen 4. I den del som tidigare hade varit biograf blev det nu verkstad och lackering. I b\u00f6rjan riktades bilar som skadats i sm\u00e5krockar och senare lackerade han m\u00e5nga bilar. Verksamheten p\u00e5gick till omkring 1983.<\/p>\n<p dir=\"LTR\" style=\"text-align: left;\" align=\"JUSTIFY\">1972 byggde man en ny anl\u00e4ggning l\u00e4ngre\u00a0s\u00f6derut, p\u00e5 V\u00e4xj\u00f6v\u00e4gen 33, d\u00e4r man hade plats f\u00f6r b\u00e5de person- och lastbilar.<\/p>\n<p dir=\"LTR\" style=\"text-align: left;\" align=\"JUSTIFY\">Olle Andersson och Rudolf Claesson \u00f6verl\u00e4t 1983 f\u00f6retaget till Bj\u00f6rn Berencreutz, Vetlanda.<\/p>\n<p dir=\"LTR\" style=\"text-align: left;\" align=\"JUSTIFY\">I augusti 1985 bildade Per-Arne Karlsson \u00c5keri AB, Vetlanda, Alf Johansson, Nils Nordberg och Sigge Lindsten ett aktiebolag som tog \u00f6ver verksamheten. Man drev f\u00f6retaget vidare i cirka tv\u00e5 \u00e5r och s\u00e5lde det sedan till Allan Andersson, S\u00e4vsj\u00f6. Han drev det i 3-4 \u00e5r innan det gick i konkurs. Under alla dessa \u00e5r fortsatte verksamheten med personbilar och lastbilar som tidigare.<\/p>\n<p dir=\"LTR\" style=\"text-align: left;\" align=\"JUSTIFY\">Lokalerna \u00f6vertogs av ett G\u00f6teborgsf\u00f6retag som hade ett avtal om att reparera krockskadade bilar i Volvos tj\u00e4nstebilsflotta. Man transporterade n\u00e4stan nya Volvobilar p\u00e5 trailer till Vrigstad d\u00e4r de reparerades.<\/p>\n<p dir=\"LTR\" style=\"text-align: left;\" align=\"JUSTIFY\">Lokalerna stod sedan troligen tomma en period innan de s\u00e5ldes 1995. Det var Svenssons \u00c5keri AB som f\u00f6rv\u00e4rvade lokalerna p\u00e5 en exekutiv auktion. Sedan 2008 \u00e4ger Christer Karlssons \u00c5keri AB fastigheten.<\/p>\n<p dir=\"LTR\" style=\"text-align: left;\" align=\"JUSTIFY\"><strong>Rudolf Claesson minns<\/strong>: Det h\u00e4nde att det ringde folk nattetid som ville ha hj\u00e4lp med trilskande bilar efter v\u00e4garna bl.a. fr\u00e5n Esso-macken vid Smedstorp.<\/p>\n<p dir=\"LTR\" style=\"text-align: left;\" align=\"JUSTIFY\">Jag fick be dom d\u00e4r att inte h\u00e4nvisa till mig nattetid. Vi hade bara en telefon i huset och den var p\u00e5 nedre v\u00e5ningen d\u00e4r mina gamla f\u00f6r\u00e4ldrar bodde och d\u00e5 v\u00e4cktes.<\/p>\n<p style=\"text-align: left;\">Jag minns en speciell h\u00e4ndelse 1950, n\u00e4r jag blev engagerad som f\u00e4rdmekaniker till BB i V\u00e4rnamo. F\u00e4rden gick med Mandli Svenssons gamla gengasbil som jag hade servat och d\u00e4rf\u00f6r var v\u00e4l bekant med. V\u00e4garna var inte s\u00e5 bra p\u00e5 den tiden och bilarna inte s\u00e5 tillf\u00f6rlitliga heller. Resan gick dock utan problem och den nyf\u00f6dde fick namnet B\u00f6rje Cronvall.<\/p>\n<figure id=\"attachment_3040\" aria-describedby=\"caption-attachment-3040\" style=\"width: 700px\" class=\"wp-caption alignnone\"><a href=\"https:\/\/media.vrigstadshembygdsforening.se\/\/W_Bilverkstan_42.jpg\"><img loading=\"lazy\" decoding=\"async\" class=\"size-full wp-image-3040\" src=\"https:\/\/media.vrigstadshembygdsforening.se\/\/W_Bilverkstan_42.jpg\" alt=\"\" width=\"700\" height=\"421\" srcset=\"https:\/\/media.vrigstadshembygdsforening.se\/W_Bilverkstan_42.jpg 700w, https:\/\/media.vrigstadshembygdsforening.se\/W_Bilverkstan_42-300x180.jpg 300w\" sizes=\"auto, (max-width: 700px) 100vw, 700px\" \/><\/a><figcaption id=\"caption-attachment-3040\" class=\"wp-caption-text\">Vrigstad Bil AB p\u00e5 V\u00e4xj\u00f6v\u00e4gen 25. Foto fr\u00e5n 1942.<\/figcaption><\/figure>\n<figure id=\"attachment_3041\" aria-describedby=\"caption-attachment-3041\" style=\"width: 500px\" class=\"wp-caption alignnone\"><a href=\"https:\/\/media.vrigstadshembygdsforening.se\/\/W_Vrigstad-Bil_Rudolf-C.jpg\"><img loading=\"lazy\" decoding=\"async\" class=\"size-full wp-image-3041\" src=\"https:\/\/media.vrigstadshembygdsforening.se\/\/W_Vrigstad-Bil_Rudolf-C.jpg\" alt=\"\" width=\"500\" height=\"500\" srcset=\"https:\/\/media.vrigstadshembygdsforening.se\/W_Vrigstad-Bil_Rudolf-C.jpg 500w, https:\/\/media.vrigstadshembygdsforening.se\/W_Vrigstad-Bil_Rudolf-C-150x150.jpg 150w, https:\/\/media.vrigstadshembygdsforening.se\/W_Vrigstad-Bil_Rudolf-C-300x300.jpg 300w\" sizes=\"auto, (max-width: 500px) 100vw, 500px\" \/><\/a><figcaption id=\"caption-attachment-3041\" class=\"wp-caption-text\">Rudolf Claesson reparerar en bil p\u00e5 bilverkstaden.<\/figcaption><\/figure>\n<figure id=\"attachment_3039\" aria-describedby=\"caption-attachment-3039\" style=\"width: 700px\" class=\"wp-caption alignnone\"><a href=\"https:\/\/media.vrigstadshembygdsforening.se\/\/W_Bilverkstan-Berencreutz-8212.jpg\"><img loading=\"lazy\" decoding=\"async\" class=\"size-full wp-image-3039\" src=\"https:\/\/media.vrigstadshembygdsforening.se\/\/W_Bilverkstan-Berencreutz-8212.jpg\" alt=\"\" width=\"700\" height=\"479\" srcset=\"https:\/\/media.vrigstadshembygdsforening.se\/W_Bilverkstan-Berencreutz-8212.jpg 700w, https:\/\/media.vrigstadshembygdsforening.se\/W_Bilverkstan-Berencreutz-8212-300x205.jpg 300w\" sizes=\"auto, (max-width: 700px) 100vw, 700px\" \/><\/a><figcaption id=\"caption-attachment-3039\" class=\"wp-caption-text\">Bj\u00f6rn Berencreutz \u00f6vertog bilverkstaden vid \u00e5rsskiftet 1982-83.<\/figcaption><\/figure>\n","protected":false},"excerpt":{"rendered":"<p>N\u00e4r Vrigstads nuvarande Missionskyrka byggdes 1931, blev det gamla huset ledigt. Det s\u00e5ldes d\u00e5 till Karl Karlsson, som startade Vrigstads<\/p>\n","protected":false},"author":1,"featured_media":0,"parent":0,"menu_order":0,"comment_status":"closed","ping_status":"closed","template":"","meta":{"footnotes":""},"class_list":["post-3038","page","type-page","status-publish","hentry"],"_links":{"self":[{"href":"https:\/\/vrigstadshembygdsforening.se\/index.php?rest_route=\/wp\/v2\/pages\/3038","targetHints":{"allow":["GET"]}}],"collection":[{"href":"https:\/\/vrigstadshembygdsforening.se\/index.php?rest_route=\/wp\/v2\/pages"}],"about":[{"href":"https:\/\/vrigstadshembygdsforening.se\/index.php?rest_route=\/wp\/v2\/types\/page"}],"author":[{"embeddable":true,"href":"https:\/\/vrigstadshembygdsforening.se\/index.php?rest_route=\/wp\/v2\/users\/1"}],"replies":[{"embeddable":true,"href":"https:\/\/vrigstadshembygdsforening.se\/index.php?rest_route=%2Fwp%2Fv2%2Fcomments&post=3038"}],"version-history":[{"count":1,"href":"https:\/\/vrigstadshembygdsforening.se\/index.php?rest_route=\/wp\/v2\/pages\/3038\/revisions"}],"predecessor-version":[{"id":3042,"href":"https:\/\/vrigstadshembygdsforening.se\/index.php?rest_route=\/wp\/v2\/pages\/3038\/revisions\/3042"}],"wp:attachment":[{"href":"https:\/\/vrigstadshembygdsforening.se\/index.php?rest_route=%2Fwp%2Fv2%2Fmedia&parent=3038"}],"curies":[{"name":"wp","href":"https:\/\/api.w.org\/{rel}","templated":true}]}}