{"id":3036,"date":"2019-02-15T10:43:14","date_gmt":"2019-02-15T10:43:14","guid":{"rendered":"http:\/\/vrigstadshembygdsforening.se\/?page_id=3036"},"modified":"2019-02-15T10:43:14","modified_gmt":"2019-02-15T10:43:14","slug":"vribo","status":"publish","type":"page","link":"https:\/\/vrigstadshembygdsforening.se\/?page_id=3036","title":{"rendered":"Vribo"},"content":{"rendered":"<p dir=\"LTR\" style=\"text-align: left;\" align=\"JUSTIFY\">Bo Karlsson k\u00f6pte Svanbergs tidigare verkstad och hus och hade lackeringsverkstad h\u00e4r. Rudolf Claesson hade haft lackering h\u00e4r sedan 1969\/70 fram till 1983. Bos verksamhet p\u00e5gick under ett par \u00e5r.<\/p>\n<p>&nbsp;<\/p>\n","protected":false},"excerpt":{"rendered":"<p>Bo Karlsson k\u00f6pte Svanbergs tidigare verkstad och hus och hade lackeringsverkstad h\u00e4r. Rudolf Claesson hade haft lackering h\u00e4r sedan 1969\/70<\/p>\n","protected":false},"author":1,"featured_media":0,"parent":0,"menu_order":0,"comment_status":"closed","ping_status":"closed","template":"","meta":{"footnotes":""},"class_list":["post-3036","page","type-page","status-publish","hentry"],"_links":{"self":[{"href":"https:\/\/vrigstadshembygdsforening.se\/index.php?rest_route=\/wp\/v2\/pages\/3036","targetHints":{"allow":["GET"]}}],"collection":[{"href":"https:\/\/vrigstadshembygdsforening.se\/index.php?rest_route=\/wp\/v2\/pages"}],"about":[{"href":"https:\/\/vrigstadshembygdsforening.se\/index.php?rest_route=\/wp\/v2\/types\/page"}],"author":[{"embeddable":true,"href":"https:\/\/vrigstadshembygdsforening.se\/index.php?rest_route=\/wp\/v2\/users\/1"}],"replies":[{"embeddable":true,"href":"https:\/\/vrigstadshembygdsforening.se\/index.php?rest_route=%2Fwp%2Fv2%2Fcomments&post=3036"}],"version-history":[{"count":1,"href":"https:\/\/vrigstadshembygdsforening.se\/index.php?rest_route=\/wp\/v2\/pages\/3036\/revisions"}],"predecessor-version":[{"id":3037,"href":"https:\/\/vrigstadshembygdsforening.se\/index.php?rest_route=\/wp\/v2\/pages\/3036\/revisions\/3037"}],"wp:attachment":[{"href":"https:\/\/vrigstadshembygdsforening.se\/index.php?rest_route=%2Fwp%2Fv2%2Fmedia&parent=3036"}],"curies":[{"name":"wp","href":"https:\/\/api.w.org\/{rel}","templated":true}]}}