{"id":3034,"date":"2019-02-15T10:42:44","date_gmt":"2019-02-15T10:42:44","guid":{"rendered":"http:\/\/vrigstadshembygdsforening.se\/?page_id=3034"},"modified":"2019-02-15T10:42:44","modified_gmt":"2019-02-15T10:42:44","slug":"sag-motortjanst-i-vrigstad","status":"publish","type":"page","link":"https:\/\/vrigstadshembygdsforening.se\/?page_id=3034","title":{"rendered":"S\u00e5g &#038; Motortj\u00e4nst i Vrigstad"},"content":{"rendered":"<p dir=\"LTR\" style=\"text-align: left;\" align=\"JUSTIFY\">Nils-G\u00f6ran Hellkert startarde firman 1983. 1986 s\u00e5ldes inkr\u00e5met och lager till Rune Olofsson. Nils-G\u00f6ran fortsatte med verkstad- och motors\u00e5gsdelen i bostaden p\u00e5 H\u00e4ggv\u00e4gen 11.<\/p>\n<p dir=\"LTR\" style=\"text-align: left;\" align=\"JUSTIFY\">Han avvecklade verksamheten 1989-90.<\/p>\n<p>&nbsp;<\/p>\n","protected":false},"excerpt":{"rendered":"<p>Nils-G\u00f6ran Hellkert startarde firman 1983. 1986 s\u00e5ldes inkr\u00e5met och lager till Rune Olofsson. Nils-G\u00f6ran fortsatte med verkstad- och motors\u00e5gsdelen i<\/p>\n","protected":false},"author":1,"featured_media":0,"parent":0,"menu_order":0,"comment_status":"closed","ping_status":"closed","template":"","meta":{"footnotes":""},"class_list":["post-3034","page","type-page","status-publish","hentry"],"_links":{"self":[{"href":"https:\/\/vrigstadshembygdsforening.se\/index.php?rest_route=\/wp\/v2\/pages\/3034","targetHints":{"allow":["GET"]}}],"collection":[{"href":"https:\/\/vrigstadshembygdsforening.se\/index.php?rest_route=\/wp\/v2\/pages"}],"about":[{"href":"https:\/\/vrigstadshembygdsforening.se\/index.php?rest_route=\/wp\/v2\/types\/page"}],"author":[{"embeddable":true,"href":"https:\/\/vrigstadshembygdsforening.se\/index.php?rest_route=\/wp\/v2\/users\/1"}],"replies":[{"embeddable":true,"href":"https:\/\/vrigstadshembygdsforening.se\/index.php?rest_route=%2Fwp%2Fv2%2Fcomments&post=3034"}],"version-history":[{"count":1,"href":"https:\/\/vrigstadshembygdsforening.se\/index.php?rest_route=\/wp\/v2\/pages\/3034\/revisions"}],"predecessor-version":[{"id":3035,"href":"https:\/\/vrigstadshembygdsforening.se\/index.php?rest_route=\/wp\/v2\/pages\/3034\/revisions\/3035"}],"wp:attachment":[{"href":"https:\/\/vrigstadshembygdsforening.se\/index.php?rest_route=%2Fwp%2Fv2%2Fmedia&parent=3034"}],"curies":[{"name":"wp","href":"https:\/\/api.w.org\/{rel}","templated":true}]}}