{"id":3030,"date":"2019-02-15T10:42:03","date_gmt":"2019-02-15T10:42:03","guid":{"rendered":"http:\/\/vrigstadshembygdsforening.se\/?page_id=3030"},"modified":"2019-02-15T10:42:03","modified_gmt":"2019-02-15T10:42:03","slug":"svanbergs-motorcykelverkstad","status":"publish","type":"page","link":"https:\/\/vrigstadshembygdsforening.se\/?page_id=3030","title":{"rendered":"Svanbergs Motorcykelverkstad"},"content":{"rendered":"<p dir=\"LTR\" style=\"text-align: left;\" align=\"JUSTIFY\">Einar Svanberg b\u00f6rjade 1947-48 i ett uthus hos\u00a0Arvid &#8221;Bussarvid&#8221; Karlsson, Bj\u00f6rk\u00e4ngsv\u00e4gen 1. H\u00e4r arbetade ocks\u00e5 Olle Andersson. Inledningsvis\u00a0reparerade de cyklar, motorcyklar och bilar.<br \/>\nEfterhand blev det allt mer motors\u00e5gar samt \u00e4ven reparationer p\u00e5 maskiner och annat \u00e5t industrierna i Vrigstad.<\/p>\n<p dir=\"LTR\" style=\"text-align: left;\" align=\"JUSTIFY\">1954 byggdes en f\u00f6rl\u00e4ngning p\u00e5 biografen p\u00e5 Stockarydsv\u00e4gen 4, som blev verkstad. Einar Svanberg omkom vid en trafikolycka i februari 1969.<\/p>\n<p dir=\"LTR\" style=\"text-align: left;\" align=\"JUSTIFY\">Rudolf Claesson hade senare lackeringsverkstad i lokalen.<\/p>\n<p dir=\"LTR\" style=\"text-align: left;\" align=\"JUSTIFY\"><strong>Irene Persson minns<\/strong>: Min pappa Einar Svanberg arbetade fr\u00e5n slutet av 1920-talet p\u00e5 skofabriken. Jag minns hur han klagade \u00f6ver det enformiga arbetet p\u00e5 fabriken. Han var mycket intresserad av speedway och motorcyklar och hade hyrt ett uthus av busschauff\u00f6r Arvid Karlsson.<\/p>\n<p dir=\"LTR\" style=\"text-align: left;\" align=\"JUSTIFY\">D\u00e4r b\u00f6rjade han reparera motorcyklar p\u00e5 fritiden och startade s\u00e5 sm\u00e5ningom en verkstad p\u00e5 heltid.<\/p>\n<figure id=\"attachment_3031\" aria-describedby=\"caption-attachment-3031\" style=\"width: 700px\" class=\"wp-caption alignnone\"><a href=\"https:\/\/media.vrigstadshembygdsforening.se\/\/W_2015.026.png\"><img loading=\"lazy\" decoding=\"async\" class=\"size-full wp-image-3031\" src=\"https:\/\/media.vrigstadshembygdsforening.se\/\/W_2015.026.png\" alt=\"\" width=\"700\" height=\"432\" srcset=\"https:\/\/media.vrigstadshembygdsforening.se\/W_2015.026.png 700w, https:\/\/media.vrigstadshembygdsforening.se\/W_2015.026-300x185.png 300w\" sizes=\"auto, (max-width: 700px) 100vw, 700px\" \/><\/a><figcaption id=\"caption-attachment-3031\" class=\"wp-caption-text\">Karl Svanberg, Nils Edvardsson, Herbert Karlsson och Einar Svanberg framf\u00f6r verkstaden 1958.<\/figcaption><\/figure>\n<figure id=\"attachment_3032\" aria-describedby=\"caption-attachment-3032\" style=\"width: 700px\" class=\"wp-caption alignnone\"><a href=\"https:\/\/media.vrigstadshembygdsforening.se\/\/W_Svanbergs-motorcykel_Annons_1955.jpg\"><img loading=\"lazy\" decoding=\"async\" class=\"size-full wp-image-3032\" src=\"https:\/\/media.vrigstadshembygdsforening.se\/\/W_Svanbergs-motorcykel_Annons_1955.jpg\" alt=\"\" width=\"700\" height=\"567\" srcset=\"https:\/\/media.vrigstadshembygdsforening.se\/W_Svanbergs-motorcykel_Annons_1955.jpg 700w, https:\/\/media.vrigstadshembygdsforening.se\/W_Svanbergs-motorcykel_Annons_1955-300x243.jpg 300w\" sizes=\"auto, (max-width: 700px) 100vw, 700px\" \/><\/a><figcaption id=\"caption-attachment-3032\" class=\"wp-caption-text\">Annons fr\u00e5n 1955.<\/figcaption><\/figure>\n","protected":false},"excerpt":{"rendered":"<p>Einar Svanberg b\u00f6rjade 1947-48 i ett uthus hos\u00a0Arvid &#8221;Bussarvid&#8221; Karlsson, Bj\u00f6rk\u00e4ngsv\u00e4gen 1. H\u00e4r arbetade ocks\u00e5 Olle Andersson. Inledningsvis\u00a0reparerade de cyklar,<\/p>\n","protected":false},"author":1,"featured_media":0,"parent":0,"menu_order":0,"comment_status":"closed","ping_status":"closed","template":"","meta":{"footnotes":""},"class_list":["post-3030","page","type-page","status-publish","hentry"],"_links":{"self":[{"href":"https:\/\/vrigstadshembygdsforening.se\/index.php?rest_route=\/wp\/v2\/pages\/3030","targetHints":{"allow":["GET"]}}],"collection":[{"href":"https:\/\/vrigstadshembygdsforening.se\/index.php?rest_route=\/wp\/v2\/pages"}],"about":[{"href":"https:\/\/vrigstadshembygdsforening.se\/index.php?rest_route=\/wp\/v2\/types\/page"}],"author":[{"embeddable":true,"href":"https:\/\/vrigstadshembygdsforening.se\/index.php?rest_route=\/wp\/v2\/users\/1"}],"replies":[{"embeddable":true,"href":"https:\/\/vrigstadshembygdsforening.se\/index.php?rest_route=%2Fwp%2Fv2%2Fcomments&post=3030"}],"version-history":[{"count":1,"href":"https:\/\/vrigstadshembygdsforening.se\/index.php?rest_route=\/wp\/v2\/pages\/3030\/revisions"}],"predecessor-version":[{"id":3033,"href":"https:\/\/vrigstadshembygdsforening.se\/index.php?rest_route=\/wp\/v2\/pages\/3030\/revisions\/3033"}],"wp:attachment":[{"href":"https:\/\/vrigstadshembygdsforening.se\/index.php?rest_route=%2Fwp%2Fv2%2Fmedia&parent=3030"}],"curies":[{"name":"wp","href":"https:\/\/api.w.org\/{rel}","templated":true}]}}