{"id":3027,"date":"2019-02-15T10:38:32","date_gmt":"2019-02-15T10:38:32","guid":{"rendered":"http:\/\/vrigstadshembygdsforening.se\/?page_id=3027"},"modified":"2019-02-15T10:38:32","modified_gmt":"2019-02-15T10:38:32","slug":"cmf-bilservice-ab","status":"publish","type":"page","link":"https:\/\/vrigstadshembygdsforening.se\/?page_id=3027","title":{"rendered":"CMF Bilservice AB"},"content":{"rendered":"<p dir=\"LTR\" style=\"text-align: left;\" align=\"JUSTIFY\">1988 startade Christer Filipsson en bilverkstad i ett hyrt garage p\u00e5 h\u00f6ger sida av v\u00e4gen mot Blommedala. 1990 k\u00f6pte han fastigheten d\u00e4r ett boningshus och garaget fanns, rev det gamla huset och byggde ett nytt tillsammans med Majvor Holgersson.<\/p>\n<p dir=\"LTR\" style=\"text-align: left;\" align=\"JUSTIFY\">1993 ink\u00f6ptes grannfastigheten mot \u00f6ster, d\u00e4r konstn\u00e4ren Ture Fabiansson haft sin atelj\u00e9. Garaget b\u00f6rjade bli f\u00f6r litet och tr\u00e5ngt. 1997-98 byggdes en ny verkstad i anslutning till den gamla atelj\u00e9n, som d\u00e5 blev kontor, personalutrymmen och lager.<\/p>\n<p dir=\"LTR\" style=\"text-align: left;\" align=\"JUSTIFY\">CMF Bilservice \u00e4r en Mekonomen-bilverkstad fr\u00e5n \u00e5r 1999. Dessa verkst\u00e4der \u00e4r professionella bilverkst\u00e4der som servar och reparerar alla bilm\u00e4rken och har kunskap och utrustning f\u00f6r att klara den moderna avancerade tekniken.<\/p>\n<p dir=\"LTR\" style=\"text-align: left;\" align=\"JUSTIFY\">Christer drev firman ensam tillsammans med Majvor, som sk\u00f6ter kontor\/administration, fram till 2005, d\u00e5 en bilreparat\u00f6r anst\u00e4lldes p\u00e5 heltid. Idag finns ytterligare en anst\u00e4lld p\u00e5 verkstaden.<\/p>\n<p dir=\"LTR\" style=\"text-align: left;\" align=\"JUSTIFY\">F\u00f6retaget har ocks\u00e5 en lokal f\u00f6r omfattande d\u00e4ckservice och lager av sommar- och vinterd\u00e4ck p\u00e5 K\u00e4llebergsv\u00e4gen.<\/p>\n<figure id=\"attachment_3028\" aria-describedby=\"caption-attachment-3028\" style=\"width: 700px\" class=\"wp-caption alignnone\"><a href=\"https:\/\/media.vrigstadshembygdsforening.se\/\/W_CMF.jpg\"><img loading=\"lazy\" decoding=\"async\" class=\"size-full wp-image-3028\" src=\"https:\/\/media.vrigstadshembygdsforening.se\/\/W_CMF.jpg\" alt=\"\" width=\"700\" height=\"465\" srcset=\"https:\/\/media.vrigstadshembygdsforening.se\/W_CMF.jpg 700w, https:\/\/media.vrigstadshembygdsforening.se\/W_CMF-300x199.jpg 300w\" sizes=\"auto, (max-width: 700px) 100vw, 700px\" \/><\/a><figcaption id=\"caption-attachment-3028\" class=\"wp-caption-text\">Tobias Gustafsson, Christer Filipsson och Teddy Allansson p\u00e5 CMF Bilservice.<\/figcaption><\/figure>\n<p>&nbsp;<\/p>\n","protected":false},"excerpt":{"rendered":"<p>1988 startade Christer Filipsson en bilverkstad i ett hyrt garage p\u00e5 h\u00f6ger sida av v\u00e4gen mot Blommedala. 1990 k\u00f6pte han<\/p>\n","protected":false},"author":1,"featured_media":0,"parent":0,"menu_order":0,"comment_status":"closed","ping_status":"closed","template":"","meta":{"footnotes":""},"class_list":["post-3027","page","type-page","status-publish","hentry"],"_links":{"self":[{"href":"https:\/\/vrigstadshembygdsforening.se\/index.php?rest_route=\/wp\/v2\/pages\/3027","targetHints":{"allow":["GET"]}}],"collection":[{"href":"https:\/\/vrigstadshembygdsforening.se\/index.php?rest_route=\/wp\/v2\/pages"}],"about":[{"href":"https:\/\/vrigstadshembygdsforening.se\/index.php?rest_route=\/wp\/v2\/types\/page"}],"author":[{"embeddable":true,"href":"https:\/\/vrigstadshembygdsforening.se\/index.php?rest_route=\/wp\/v2\/users\/1"}],"replies":[{"embeddable":true,"href":"https:\/\/vrigstadshembygdsforening.se\/index.php?rest_route=%2Fwp%2Fv2%2Fcomments&post=3027"}],"version-history":[{"count":1,"href":"https:\/\/vrigstadshembygdsforening.se\/index.php?rest_route=\/wp\/v2\/pages\/3027\/revisions"}],"predecessor-version":[{"id":3029,"href":"https:\/\/vrigstadshembygdsforening.se\/index.php?rest_route=\/wp\/v2\/pages\/3027\/revisions\/3029"}],"wp:attachment":[{"href":"https:\/\/vrigstadshembygdsforening.se\/index.php?rest_route=%2Fwp%2Fv2%2Fmedia&parent=3027"}],"curies":[{"name":"wp","href":"https:\/\/api.w.org\/{rel}","templated":true}]}}