{"id":3024,"date":"2019-02-15T10:36:36","date_gmt":"2019-02-15T10:36:36","guid":{"rendered":"http:\/\/vrigstadshembygdsforening.se\/?page_id=3024"},"modified":"2019-02-15T10:36:36","modified_gmt":"2019-02-15T10:36:36","slug":"bodefalts-bilservice","status":"publish","type":"page","link":"https:\/\/vrigstadshembygdsforening.se\/?page_id=3024","title":{"rendered":"Bodef\u00e4lts bilservice"},"content":{"rendered":"<p dir=\"LTR\" style=\"text-align: left;\" align=\"JUSTIFY\">Gunnar Bodef\u00e4lt startade sitt f\u00f6retag i Horveryd 1985. F\u00f6retaget erbjuder service och reparationer p\u00e5 de flesta bilm\u00e4rken samt p\u00e5 traktorer och jordbruksredskap m.m.<\/p>\n<p dir=\"LTR\" style=\"text-align: left;\" align=\"JUSTIFY\">1992 anst\u00e4lldes G\u00f6ran Karlsson. G\u00f6ran har sedan slutat och Gunnars son Andreas b\u00f6rjade i f\u00f6retaget 2011. Sedan\u00a02013 \u00e4r \u00e4ven Markus Karlsson\u00a0anst\u00e4lld.<\/p>\n<p dir=\"LTR\" style=\"text-align: left;\" align=\"JUSTIFY\">F\u00f6retaget \u00e4r anslutet till den rikst\u00e4ckande\u00a0MECA-organisationen.<\/p>\n<p dir=\"LTR\" style=\"text-align: left;\" align=\"JUSTIFY\"><strong>Gunnar Bodef\u00e4lt minns<\/strong>: Jag har skruvat med bilar sedan jag gick i skolan. Verkstaden byggde jag p\u00e5 min f\u00f6r\u00e4ldrag\u00e5rd i Horveryd, d\u00e4r vi har bott sedan 1982.<\/p>\n<p dir=\"LTR\" style=\"text-align: left;\" align=\"JUSTIFY\">Jag var r\u00e4tt k\u00e4nd av mina kunder efter att ha arbetat p\u00e5 verkstaden Vrigstad Bil i 13 \u00e5r, men trots det fick jag till en b\u00f6rjan jobba n\u00e4stan dag och natt f\u00f6r att f\u00e5 en oms\u00e4ttning s\u00e5 att jag kunde anst\u00e4lla n\u00e5gon.<\/p>\n<p dir=\"LTR\" style=\"text-align: left;\" align=\"JUSTIFY\">1993 fick jag underlag nog f\u00f6r att anst\u00e4lla G\u00f6ran. N\u00e4r han slutade b\u00f6rjade Andreas h\u00e4r och tanken \u00e4r att han ska ta \u00f6ver n\u00e4r jag g\u00e5r i pension.<\/p>\n<p dir=\"LTR\" style=\"text-align: left;\" align=\"JUSTIFY\">Nu har vi ytterligare en anst\u00e4lld i bolaget och dessutom arbetar min fru, Kerstin, halvtid med att sk\u00f6ta f\u00f6retagets ekonomi.<\/p>\n<figure id=\"attachment_3025\" aria-describedby=\"caption-attachment-3025\" style=\"width: 700px\" class=\"wp-caption alignnone\"><a href=\"https:\/\/media.vrigstadshembygdsforening.se\/\/W_Bodefalt.jpg\"><img loading=\"lazy\" decoding=\"async\" class=\"size-full wp-image-3025\" src=\"https:\/\/media.vrigstadshembygdsforening.se\/\/W_Bodefalt.jpg\" alt=\"\" width=\"700\" height=\"465\" srcset=\"https:\/\/media.vrigstadshembygdsforening.se\/W_Bodefalt.jpg 700w, https:\/\/media.vrigstadshembygdsforening.se\/W_Bodefalt-300x199.jpg 300w\" sizes=\"auto, (max-width: 700px) 100vw, 700px\" \/><\/a><figcaption id=\"caption-attachment-3025\" class=\"wp-caption-text\">Bodef\u00e4lts Bilservice med Markus Karlsson samt Andreas och Gunnar Bodef\u00e4lt.<\/figcaption><\/figure>\n<p>&nbsp;<\/p>\n","protected":false},"excerpt":{"rendered":"<p>Gunnar Bodef\u00e4lt startade sitt f\u00f6retag i Horveryd 1985. F\u00f6retaget erbjuder service och reparationer p\u00e5 de flesta bilm\u00e4rken samt p\u00e5 traktorer<\/p>\n","protected":false},"author":1,"featured_media":0,"parent":0,"menu_order":0,"comment_status":"closed","ping_status":"closed","template":"","meta":{"footnotes":""},"class_list":["post-3024","page","type-page","status-publish","hentry"],"_links":{"self":[{"href":"https:\/\/vrigstadshembygdsforening.se\/index.php?rest_route=\/wp\/v2\/pages\/3024","targetHints":{"allow":["GET"]}}],"collection":[{"href":"https:\/\/vrigstadshembygdsforening.se\/index.php?rest_route=\/wp\/v2\/pages"}],"about":[{"href":"https:\/\/vrigstadshembygdsforening.se\/index.php?rest_route=\/wp\/v2\/types\/page"}],"author":[{"embeddable":true,"href":"https:\/\/vrigstadshembygdsforening.se\/index.php?rest_route=\/wp\/v2\/users\/1"}],"replies":[{"embeddable":true,"href":"https:\/\/vrigstadshembygdsforening.se\/index.php?rest_route=%2Fwp%2Fv2%2Fcomments&post=3024"}],"version-history":[{"count":1,"href":"https:\/\/vrigstadshembygdsforening.se\/index.php?rest_route=\/wp\/v2\/pages\/3024\/revisions"}],"predecessor-version":[{"id":3026,"href":"https:\/\/vrigstadshembygdsforening.se\/index.php?rest_route=\/wp\/v2\/pages\/3024\/revisions\/3026"}],"wp:attachment":[{"href":"https:\/\/vrigstadshembygdsforening.se\/index.php?rest_route=%2Fwp%2Fv2%2Fmedia&parent=3024"}],"curies":[{"name":"wp","href":"https:\/\/api.w.org\/{rel}","templated":true}]}}