{"id":3019,"date":"2019-02-15T10:22:53","date_gmt":"2019-02-15T10:22:53","guid":{"rendered":"http:\/\/vrigstadshembygdsforening.se\/?page_id=3019"},"modified":"2019-02-15T10:22:53","modified_gmt":"2019-02-15T10:22:53","slug":"bilhallen-i-vrigstad-ab","status":"publish","type":"page","link":"https:\/\/vrigstadshembygdsforening.se\/?page_id=3019","title":{"rendered":"Bilhallen i Vrigstad AB"},"content":{"rendered":"<p dir=\"LTR\" style=\"text-align: left;\" align=\"JUSTIFY\">I juni 1984 invigdes en ny bilaff\u00e4r, \u00e4gd av Bj\u00f6rn Berencreutz med Rolf Sj\u00f6\u00f6 som f\u00f6rs\u00e4ljare. Man var under\u00e5terf\u00f6rs\u00e4ljare till Atteviks Bil AB i J\u00f6nk\u00f6ping. Berencreutz slog igen firman efter ett halv\u00e5r och\u00a0Atteviks drev sedan anl\u00e4ggningen vidare som en filial under flera \u00e5r.<\/p>\n<figure id=\"attachment_3020\" aria-describedby=\"caption-attachment-3020\" style=\"width: 700px\" class=\"wp-caption alignnone\"><a href=\"https:\/\/media.vrigstadshembygdsforening.se\/\/W_Vrigstad-Bilhall-8403.jpg\"><img loading=\"lazy\" decoding=\"async\" class=\"size-full wp-image-3020\" src=\"https:\/\/media.vrigstadshembygdsforening.se\/\/W_Vrigstad-Bilhall-8403.jpg\" alt=\"\" width=\"700\" height=\"484\" srcset=\"https:\/\/media.vrigstadshembygdsforening.se\/W_Vrigstad-Bilhall-8403.jpg 700w, https:\/\/media.vrigstadshembygdsforening.se\/W_Vrigstad-Bilhall-8403-300x207.jpg 300w\" sizes=\"auto, (max-width: 700px) 100vw, 700px\" \/><\/a><figcaption id=\"caption-attachment-3020\" class=\"wp-caption-text\">Rolf Sj\u00f6\u00f6 och Bj\u00f6rn Berencreutz i mars 1984.<\/figcaption><\/figure>\n<p>&nbsp;<\/p>\n","protected":false},"excerpt":{"rendered":"<p>I juni 1984 invigdes en ny bilaff\u00e4r, \u00e4gd av Bj\u00f6rn Berencreutz med Rolf Sj\u00f6\u00f6 som f\u00f6rs\u00e4ljare. Man var under\u00e5terf\u00f6rs\u00e4ljare till<\/p>\n","protected":false},"author":1,"featured_media":0,"parent":0,"menu_order":0,"comment_status":"closed","ping_status":"closed","template":"","meta":{"footnotes":""},"class_list":["post-3019","page","type-page","status-publish","hentry"],"_links":{"self":[{"href":"https:\/\/vrigstadshembygdsforening.se\/index.php?rest_route=\/wp\/v2\/pages\/3019","targetHints":{"allow":["GET"]}}],"collection":[{"href":"https:\/\/vrigstadshembygdsforening.se\/index.php?rest_route=\/wp\/v2\/pages"}],"about":[{"href":"https:\/\/vrigstadshembygdsforening.se\/index.php?rest_route=\/wp\/v2\/types\/page"}],"author":[{"embeddable":true,"href":"https:\/\/vrigstadshembygdsforening.se\/index.php?rest_route=\/wp\/v2\/users\/1"}],"replies":[{"embeddable":true,"href":"https:\/\/vrigstadshembygdsforening.se\/index.php?rest_route=%2Fwp%2Fv2%2Fcomments&post=3019"}],"version-history":[{"count":1,"href":"https:\/\/vrigstadshembygdsforening.se\/index.php?rest_route=\/wp\/v2\/pages\/3019\/revisions"}],"predecessor-version":[{"id":3021,"href":"https:\/\/vrigstadshembygdsforening.se\/index.php?rest_route=\/wp\/v2\/pages\/3019\/revisions\/3021"}],"wp:attachment":[{"href":"https:\/\/vrigstadshembygdsforening.se\/index.php?rest_route=%2Fwp%2Fv2%2Fmedia&parent=3019"}],"curies":[{"name":"wp","href":"https:\/\/api.w.org\/{rel}","templated":true}]}}