{"id":3016,"date":"2019-02-15T10:19:53","date_gmt":"2019-02-15T10:19:53","guid":{"rendered":"http:\/\/vrigstadshembygdsforening.se\/?page_id=3016"},"modified":"2019-02-15T10:20:06","modified_gmt":"2019-02-15T10:20:06","slug":"antoni-antek-chlapowski","status":"publish","type":"page","link":"https:\/\/vrigstadshembygdsforening.se\/?page_id=3016","title":{"rendered":"Antoni \u201d Antek\u201d Chlapowski"},"content":{"rendered":"<p dir=\"LTR\" style=\"text-align: left;\" align=\"JUSTIFY\">&#8221;Antek&#8221; drev en bilverkstad och s\u00e5lde Triumph i &#8221;Musses&#8221; gamla lokaler p\u00e5 G\u00e4stgivaregatan. Verksamheten p\u00e5gick fr\u00e5n slutet p\u00e5 60-talet och en bit in p\u00e5 70-talet.<\/p>\n<p>&nbsp;<\/p>\n","protected":false},"excerpt":{"rendered":"<p>&#8221;Antek&#8221; drev en bilverkstad och s\u00e5lde Triumph i &#8221;Musses&#8221; gamla lokaler p\u00e5 G\u00e4stgivaregatan. Verksamheten p\u00e5gick fr\u00e5n slutet p\u00e5 60-talet och<\/p>\n","protected":false},"author":1,"featured_media":0,"parent":0,"menu_order":0,"comment_status":"closed","ping_status":"closed","template":"","meta":{"footnotes":""},"class_list":["post-3016","page","type-page","status-publish","hentry"],"_links":{"self":[{"href":"https:\/\/vrigstadshembygdsforening.se\/index.php?rest_route=\/wp\/v2\/pages\/3016","targetHints":{"allow":["GET"]}}],"collection":[{"href":"https:\/\/vrigstadshembygdsforening.se\/index.php?rest_route=\/wp\/v2\/pages"}],"about":[{"href":"https:\/\/vrigstadshembygdsforening.se\/index.php?rest_route=\/wp\/v2\/types\/page"}],"author":[{"embeddable":true,"href":"https:\/\/vrigstadshembygdsforening.se\/index.php?rest_route=\/wp\/v2\/users\/1"}],"replies":[{"embeddable":true,"href":"https:\/\/vrigstadshembygdsforening.se\/index.php?rest_route=%2Fwp%2Fv2%2Fcomments&post=3016"}],"version-history":[{"count":2,"href":"https:\/\/vrigstadshembygdsforening.se\/index.php?rest_route=\/wp\/v2\/pages\/3016\/revisions"}],"predecessor-version":[{"id":3018,"href":"https:\/\/vrigstadshembygdsforening.se\/index.php?rest_route=\/wp\/v2\/pages\/3016\/revisions\/3018"}],"wp:attachment":[{"href":"https:\/\/vrigstadshembygdsforening.se\/index.php?rest_route=%2Fwp%2Fv2%2Fmedia&parent=3016"}],"curies":[{"name":"wp","href":"https:\/\/api.w.org\/{rel}","templated":true}]}}