{"id":3001,"date":"2019-02-14T20:59:59","date_gmt":"2019-02-14T20:59:59","guid":{"rendered":"http:\/\/vrigstadshembygdsforening.se\/?page_id=3001"},"modified":"2019-02-14T20:59:59","modified_gmt":"2019-02-14T20:59:59","slug":"maleri","status":"publish","type":"page","link":"https:\/\/vrigstadshembygdsforening.se\/?page_id=3001","title":{"rendered":"M\u00e5leri"},"content":{"rendered":"<p dir=\"LTR\" align=\"LEFT\"><a href=\"https:\/\/vrigstadshembygdsforening.se\/?page_id=2977\">Carl Hammarstr\u00f6m<\/a><br \/>\n<a href=\"https:\/\/vrigstadshembygdsforening.se\/?page_id=2980\">Ekel\u00f6fs m\u00e5leri<\/a><br \/>\n<a href=\"https:\/\/vrigstadshembygdsforening.se\/?page_id=2985\">Per Nilssons m\u00e5leri<\/a><br \/>\n<a href=\"https:\/\/vrigstadshembygdsforening.se\/?page_id=2989\">Lindblads M\u00e5leri<\/a><br \/>\n<a href=\"https:\/\/vrigstadshembygdsforening.se\/?page_id=2998\">Vrigstad Byggm\u00e5leri<\/a><\/p>\n<p dir=\"LTR\" align=\"LEFT\">\n<p>&nbsp;<\/p>\n","protected":false},"excerpt":{"rendered":"<p>Carl Hammarstr\u00f6m Ekel\u00f6fs m\u00e5leri Per Nilssons m\u00e5leri Lindblads M\u00e5leri Vrigstad Byggm\u00e5leri &nbsp;<\/p>\n","protected":false},"author":1,"featured_media":0,"parent":0,"menu_order":0,"comment_status":"closed","ping_status":"closed","template":"","meta":{"footnotes":""},"class_list":["post-3001","page","type-page","status-publish","hentry"],"_links":{"self":[{"href":"https:\/\/vrigstadshembygdsforening.se\/index.php?rest_route=\/wp\/v2\/pages\/3001","targetHints":{"allow":["GET"]}}],"collection":[{"href":"https:\/\/vrigstadshembygdsforening.se\/index.php?rest_route=\/wp\/v2\/pages"}],"about":[{"href":"https:\/\/vrigstadshembygdsforening.se\/index.php?rest_route=\/wp\/v2\/types\/page"}],"author":[{"embeddable":true,"href":"https:\/\/vrigstadshembygdsforening.se\/index.php?rest_route=\/wp\/v2\/users\/1"}],"replies":[{"embeddable":true,"href":"https:\/\/vrigstadshembygdsforening.se\/index.php?rest_route=%2Fwp%2Fv2%2Fcomments&post=3001"}],"version-history":[{"count":1,"href":"https:\/\/vrigstadshembygdsforening.se\/index.php?rest_route=\/wp\/v2\/pages\/3001\/revisions"}],"predecessor-version":[{"id":3002,"href":"https:\/\/vrigstadshembygdsforening.se\/index.php?rest_route=\/wp\/v2\/pages\/3001\/revisions\/3002"}],"wp:attachment":[{"href":"https:\/\/vrigstadshembygdsforening.se\/index.php?rest_route=%2Fwp%2Fv2%2Fmedia&parent=3001"}],"curies":[{"name":"wp","href":"https:\/\/api.w.org\/{rel}","templated":true}]}}