{"id":2998,"date":"2019-02-14T20:57:19","date_gmt":"2019-02-14T20:57:19","guid":{"rendered":"http:\/\/vrigstadshembygdsforening.se\/?page_id=2998"},"modified":"2019-02-14T20:57:19","modified_gmt":"2019-02-14T20:57:19","slug":"vrigstad-byggmaleri","status":"publish","type":"page","link":"https:\/\/vrigstadshembygdsforening.se\/?page_id=2998","title":{"rendered":"Vrigstad Byggm\u00e5leri"},"content":{"rendered":"<p dir=\"LTR\" style=\"text-align: left;\" align=\"JUSTIFY\">F\u00f6retaget startades 1961 av Reiner Eriksson. Efter Reiners bortg\u00e5ng var f\u00f6retaget vilande i tio \u00e5r. 1990 \u00f6vertog Glenn Eriksson namnet p\u00e5 sin nystartade firma. Glenn har idag sex anst\u00e4llda.<\/p>\n<figure id=\"attachment_2999\" aria-describedby=\"caption-attachment-2999\" style=\"width: 700px\" class=\"wp-caption alignnone\"><a href=\"https:\/\/media.vrigstadshembygdsforening.se\/\/W_Vrigstad-byggmaleri_93.jpg\"><img loading=\"lazy\" decoding=\"async\" class=\"size-full wp-image-2999\" src=\"https:\/\/media.vrigstadshembygdsforening.se\/\/W_Vrigstad-byggmaleri_93.jpg\" alt=\"\" width=\"700\" height=\"396\" srcset=\"https:\/\/media.vrigstadshembygdsforening.se\/W_Vrigstad-byggmaleri_93.jpg 700w, https:\/\/media.vrigstadshembygdsforening.se\/W_Vrigstad-byggmaleri_93-300x170.jpg 300w\" sizes=\"auto, (max-width: 700px) 100vw, 700px\" \/><\/a><figcaption id=\"caption-attachment-2999\" class=\"wp-caption-text\">Tidningsklipp fr\u00e5n 1993.<\/figcaption><\/figure>\n<p>&nbsp;<\/p>\n","protected":false},"excerpt":{"rendered":"<p>F\u00f6retaget startades 1961 av Reiner Eriksson. Efter Reiners bortg\u00e5ng var f\u00f6retaget vilande i tio \u00e5r. 1990 \u00f6vertog Glenn Eriksson namnet<\/p>\n","protected":false},"author":1,"featured_media":0,"parent":0,"menu_order":0,"comment_status":"closed","ping_status":"closed","template":"","meta":{"footnotes":""},"class_list":["post-2998","page","type-page","status-publish","hentry"],"_links":{"self":[{"href":"https:\/\/vrigstadshembygdsforening.se\/index.php?rest_route=\/wp\/v2\/pages\/2998","targetHints":{"allow":["GET"]}}],"collection":[{"href":"https:\/\/vrigstadshembygdsforening.se\/index.php?rest_route=\/wp\/v2\/pages"}],"about":[{"href":"https:\/\/vrigstadshembygdsforening.se\/index.php?rest_route=\/wp\/v2\/types\/page"}],"author":[{"embeddable":true,"href":"https:\/\/vrigstadshembygdsforening.se\/index.php?rest_route=\/wp\/v2\/users\/1"}],"replies":[{"embeddable":true,"href":"https:\/\/vrigstadshembygdsforening.se\/index.php?rest_route=%2Fwp%2Fv2%2Fcomments&post=2998"}],"version-history":[{"count":1,"href":"https:\/\/vrigstadshembygdsforening.se\/index.php?rest_route=\/wp\/v2\/pages\/2998\/revisions"}],"predecessor-version":[{"id":3000,"href":"https:\/\/vrigstadshembygdsforening.se\/index.php?rest_route=\/wp\/v2\/pages\/2998\/revisions\/3000"}],"wp:attachment":[{"href":"https:\/\/vrigstadshembygdsforening.se\/index.php?rest_route=%2Fwp%2Fv2%2Fmedia&parent=2998"}],"curies":[{"name":"wp","href":"https:\/\/api.w.org\/{rel}","templated":true}]}}