{"id":2985,"date":"2019-02-14T20:41:33","date_gmt":"2019-02-14T20:41:33","guid":{"rendered":"http:\/\/vrigstadshembygdsforening.se\/?page_id=2985"},"modified":"2019-02-14T20:41:33","modified_gmt":"2019-02-14T20:41:33","slug":"per-nilssons-maleri","status":"publish","type":"page","link":"https:\/\/vrigstadshembygdsforening.se\/?page_id=2985","title":{"rendered":"Per Nilssons m\u00e5leri"},"content":{"rendered":"<p dir=\"LTR\" style=\"text-align: left;\" align=\"JUSTIFY\">Per Nilsson, f\u00f6dd 1906 i Drev socken, Kronobergs l\u00e4n, kom 1925 till Vrigstad med f\u00f6r\u00e4ldrarna, Vilhelm och Vilhelmina Nilsson. De bosatte sig p\u00e5 Lundholmen, d\u00e4r fadern hade f\u00e5tt arbete som ladug\u00e5rdskarl. Fadern blev senare skomakare.<\/p>\n<p dir=\"LTR\" style=\"text-align: left;\" align=\"JUSTIFY\">Per fick f\u00f6rst anst\u00e4llning som dr\u00e4ng p\u00e5 G\u00e4stgivarg\u00e5rden en kort tid. D\u00e4refter kom han till John Lindblad som m\u00e5larl\u00e4rling. H\u00e4r fick han l\u00e4ra sig att sp\u00e4nna och krita tak, m\u00e5la och tapetsera. Det f\u00f6rsta hus han m\u00e5lade var fastigheten Bj\u00f6rkeborg, nuvarande adress Stockarydsv\u00e4gen 10.<\/p>\n<p dir=\"LTR\" style=\"text-align: left;\" align=\"JUSTIFY\">Han startade s\u00e5 sm\u00e5ningom eget m\u00e5leri. Fastigheten Solgl\u00e4ntan, som byggdes 1931, var ett objekt som Per \u00e5tog sig att m\u00e5la genom sitt eget f\u00f6retag. Huset brann ned till grunden v\u00e5rmarknaden 1991.<\/p>\n<p dir=\"LTR\" style=\"text-align: left;\" align=\"JUSTIFY\">P\u00e5 vintrarna n\u00e4r det var d\u00e5ligt med m\u00e5larjobb\u00a0arbetade Per som lastare hos Axel Bloms \u00e5keri i Stockaryd. Pers systerson, Sven Nilsson, arbetade hos Per n\u00e5gra \u00e5r under 1950-talet. I \u00f6vrigt arbetade han mest sj\u00e4lv. Per hade mycket arbete utanf\u00f6r Vrigstad, bl.a. i Nydala med omnejd. P\u00e5 fritiden var Per en\u00a0ivrig j\u00e4gare. Av Oskar p\u00e5 H\u00f6gavadet arrenderade han jaktmarken. Han var ocks\u00e5 speleman och spelade dragspel.<\/p>\n<p dir=\"LTR\" style=\"text-align: left;\" align=\"JUSTIFY\">Han spelade p\u00e5 en dansbana som l\u00e5g i &#8221;Ekedals f\u00e5rahage&#8221;, p\u00e5 det som idag kallas Gulfomr\u00e5det. Ers\u00e4ttningen till spelemannen togs upp genom att n\u00e5gon gick runt med en keps. N\u00e4r de kom med kepsen f\u00f6rsvann folket, s\u00e5 jag h\u00f6ll p\u00e5 att bli ensam, har Per ber\u00e4ttat.<\/p>\n<p dir=\"LTR\" style=\"text-align: left;\" align=\"JUSTIFY\">Per avled 1995 i Vrigstad. Han var gift med M\u00e4rta, f\u00f6dd Sandberg. Hon gick ur tiden \u00e5r 2002.<\/p>\n<figure id=\"attachment_2987\" aria-describedby=\"caption-attachment-2987\" style=\"width: 400px\" class=\"wp-caption alignnone\"><a href=\"https:\/\/media.vrigstadshembygdsforening.se\/\/W_Per-Nilsson1.jpg\"><img loading=\"lazy\" decoding=\"async\" class=\"size-full wp-image-2987\" src=\"https:\/\/media.vrigstadshembygdsforening.se\/\/W_Per-Nilsson1.jpg\" alt=\"\" width=\"400\" height=\"472\" srcset=\"https:\/\/media.vrigstadshembygdsforening.se\/W_Per-Nilsson1.jpg 400w, https:\/\/media.vrigstadshembygdsforening.se\/W_Per-Nilsson1-254x300.jpg 254w\" sizes=\"auto, (max-width: 400px) 100vw, 400px\" \/><\/a><figcaption id=\"caption-attachment-2987\" class=\"wp-caption-text\">Per Nilsson med sitt dragspel.<\/figcaption><\/figure>\n<figure id=\"attachment_2986\" aria-describedby=\"caption-attachment-2986\" style=\"width: 400px\" class=\"wp-caption alignnone\"><a href=\"https:\/\/media.vrigstadshembygdsforening.se\/\/W_Per-Nilsson.jpg\"><img loading=\"lazy\" decoding=\"async\" class=\"size-full wp-image-2986\" src=\"https:\/\/media.vrigstadshembygdsforening.se\/\/W_Per-Nilsson.jpg\" alt=\"\" width=\"400\" height=\"1079\" srcset=\"https:\/\/media.vrigstadshembygdsforening.se\/W_Per-Nilsson.jpg 400w, https:\/\/media.vrigstadshembygdsforening.se\/W_Per-Nilsson-111x300.jpg 111w, https:\/\/media.vrigstadshembygdsforening.se\/W_Per-Nilsson-380x1024.jpg 380w\" sizes=\"auto, (max-width: 400px) 100vw, 400px\" \/><\/a><figcaption id=\"caption-attachment-2986\" class=\"wp-caption-text\">Per Nilsson hade till sin hj\u00e4lp h\u00e4ften f\u00f6r att g\u00f6ra r\u00e4tt f\u00e4rgval. H\u00e4r fanns ett stort antal olika l\u00e4mpliga f\u00e4rgkombinationer &#8211; f\u00f6r att underl\u00e4tta val av tyger, m\u00f6bler, snickerier m.m.<\/figcaption><\/figure>\n","protected":false},"excerpt":{"rendered":"<p>Per Nilsson, f\u00f6dd 1906 i Drev socken, Kronobergs l\u00e4n, kom 1925 till Vrigstad med f\u00f6r\u00e4ldrarna, Vilhelm och Vilhelmina Nilsson. De<\/p>\n","protected":false},"author":1,"featured_media":0,"parent":0,"menu_order":0,"comment_status":"closed","ping_status":"closed","template":"","meta":{"footnotes":""},"class_list":["post-2985","page","type-page","status-publish","hentry"],"_links":{"self":[{"href":"https:\/\/vrigstadshembygdsforening.se\/index.php?rest_route=\/wp\/v2\/pages\/2985","targetHints":{"allow":["GET"]}}],"collection":[{"href":"https:\/\/vrigstadshembygdsforening.se\/index.php?rest_route=\/wp\/v2\/pages"}],"about":[{"href":"https:\/\/vrigstadshembygdsforening.se\/index.php?rest_route=\/wp\/v2\/types\/page"}],"author":[{"embeddable":true,"href":"https:\/\/vrigstadshembygdsforening.se\/index.php?rest_route=\/wp\/v2\/users\/1"}],"replies":[{"embeddable":true,"href":"https:\/\/vrigstadshembygdsforening.se\/index.php?rest_route=%2Fwp%2Fv2%2Fcomments&post=2985"}],"version-history":[{"count":1,"href":"https:\/\/vrigstadshembygdsforening.se\/index.php?rest_route=\/wp\/v2\/pages\/2985\/revisions"}],"predecessor-version":[{"id":2988,"href":"https:\/\/vrigstadshembygdsforening.se\/index.php?rest_route=\/wp\/v2\/pages\/2985\/revisions\/2988"}],"wp:attachment":[{"href":"https:\/\/vrigstadshembygdsforening.se\/index.php?rest_route=%2Fwp%2Fv2%2Fmedia&parent=2985"}],"curies":[{"name":"wp","href":"https:\/\/api.w.org\/{rel}","templated":true}]}}