{"id":2980,"date":"2019-02-14T20:37:40","date_gmt":"2019-02-14T20:37:40","guid":{"rendered":"http:\/\/vrigstadshembygdsforening.se\/?page_id=2980"},"modified":"2019-02-14T20:37:40","modified_gmt":"2019-02-14T20:37:40","slug":"ekelofs-maleri","status":"publish","type":"page","link":"https:\/\/vrigstadshembygdsforening.se\/?page_id=2980","title":{"rendered":"Ekel\u00f6fs m\u00e5leri"},"content":{"rendered":"<p dir=\"LTR\" style=\"text-align: left;\" align=\"JUSTIFY\">M\u00e5larem\u00e4stare Sven Ekel\u00f6f, V\u00e4xj\u00f6v\u00e4gen 3, var verksam i Vrigstad fram till 1950-talet. Sven tog \u00f6ver<br \/>\nfaderns m\u00e5lerir\u00f6relse som han hade i B\u00e4ckadal.<\/p>\n<p dir=\"LTR\" style=\"text-align: left;\" align=\"JUSTIFY\">Fadern Carl Ekel\u00f6f,1864-1933, k\u00f6pte 1911, p\u00e5 auktion, ladug\u00e5rden p\u00e5 Gr\u00f6nemad under M\u00f6lnarp, f\u00f6r 25 kronor. Den plockades ner och flyttades fram till B\u00e4ckadal i Vrigstad, d\u00e4r den uppmonterades igen och blev Ekel\u00f6fs m\u00e5larverkstad. Verkstaden \u00e4r\u00a0numera riven. Sven Ekel\u00f6f dog 1959.<\/p>\n<figure id=\"attachment_2981\" aria-describedby=\"caption-attachment-2981\" style=\"width: 700px\" class=\"wp-caption alignnone\"><a href=\"https:\/\/media.vrigstadshembygdsforening.se\/\/W_1979.609.png\"><img loading=\"lazy\" decoding=\"async\" class=\"size-full wp-image-2981\" src=\"https:\/\/media.vrigstadshembygdsforening.se\/\/W_1979.609.png\" alt=\"\" width=\"700\" height=\"429\" srcset=\"https:\/\/media.vrigstadshembygdsforening.se\/W_1979.609.png 700w, https:\/\/media.vrigstadshembygdsforening.se\/W_1979.609-300x184.png 300w\" sizes=\"auto, (max-width: 700px) 100vw, 700px\" \/><\/a><figcaption id=\"caption-attachment-2981\" class=\"wp-caption-text\">M\u00e5larm\u00e4stare Carl Ekel\u00f6f med dottern Gerda, hustrun Olivia samt s\u00f6nerna Sven och Gottfrid framf\u00f6r huset p\u00e5 V\u00e4xj\u00f6v\u00e4gen 3. N\u00e4r bilden togs, omkring 1910, fanns i huset f\u00f6rutom Ekel\u00f6fs m\u00e5leri \u00e4ven Karl Sandbergs skoaff\u00e4r och Selma Bolanders Hembageri.<\/figcaption><\/figure>\n<figure id=\"attachment_2982\" aria-describedby=\"caption-attachment-2982\" style=\"width: 400px\" class=\"wp-caption alignnone\"><a href=\"https:\/\/media.vrigstadshembygdsforening.se\/\/W_2001.010.png\"><img loading=\"lazy\" decoding=\"async\" class=\"size-full wp-image-2982\" src=\"https:\/\/media.vrigstadshembygdsforening.se\/\/W_2001.010.png\" alt=\"\" width=\"400\" height=\"572\" srcset=\"https:\/\/media.vrigstadshembygdsforening.se\/W_2001.010.png 400w, https:\/\/media.vrigstadshembygdsforening.se\/W_2001.010-210x300.png 210w\" sizes=\"auto, (max-width: 400px) 100vw, 400px\" \/><\/a><figcaption id=\"caption-attachment-2982\" class=\"wp-caption-text\">Carl Ekel\u00f6f tillsammans hustrun Olivia i m\u00e5larverkstaden cirka 1910.<\/figcaption><\/figure>\n<figure id=\"attachment_2983\" aria-describedby=\"caption-attachment-2983\" style=\"width: 400px\" class=\"wp-caption alignnone\"><a href=\"https:\/\/media.vrigstadshembygdsforening.se\/\/W_2006.138.png\"><img loading=\"lazy\" decoding=\"async\" class=\"size-full wp-image-2983\" src=\"https:\/\/media.vrigstadshembygdsforening.se\/\/W_2006.138.png\" alt=\"\" width=\"400\" height=\"453\" srcset=\"https:\/\/media.vrigstadshembygdsforening.se\/W_2006.138.png 400w, https:\/\/media.vrigstadshembygdsforening.se\/W_2006.138-265x300.png 265w\" sizes=\"auto, (max-width: 400px) 100vw, 400px\" \/><\/a><figcaption id=\"caption-attachment-2983\" class=\"wp-caption-text\">Sven Ekel\u00f6f, sittande, tillsammans med brodern<br \/>Gottfrid 1919.<\/figcaption><\/figure>\n","protected":false},"excerpt":{"rendered":"<p>M\u00e5larem\u00e4stare Sven Ekel\u00f6f, V\u00e4xj\u00f6v\u00e4gen 3, var verksam i Vrigstad fram till 1950-talet. Sven tog \u00f6ver faderns m\u00e5lerir\u00f6relse som han hade<\/p>\n","protected":false},"author":1,"featured_media":0,"parent":0,"menu_order":0,"comment_status":"closed","ping_status":"closed","template":"","meta":{"footnotes":""},"class_list":["post-2980","page","type-page","status-publish","hentry"],"_links":{"self":[{"href":"https:\/\/vrigstadshembygdsforening.se\/index.php?rest_route=\/wp\/v2\/pages\/2980","targetHints":{"allow":["GET"]}}],"collection":[{"href":"https:\/\/vrigstadshembygdsforening.se\/index.php?rest_route=\/wp\/v2\/pages"}],"about":[{"href":"https:\/\/vrigstadshembygdsforening.se\/index.php?rest_route=\/wp\/v2\/types\/page"}],"author":[{"embeddable":true,"href":"https:\/\/vrigstadshembygdsforening.se\/index.php?rest_route=\/wp\/v2\/users\/1"}],"replies":[{"embeddable":true,"href":"https:\/\/vrigstadshembygdsforening.se\/index.php?rest_route=%2Fwp%2Fv2%2Fcomments&post=2980"}],"version-history":[{"count":1,"href":"https:\/\/vrigstadshembygdsforening.se\/index.php?rest_route=\/wp\/v2\/pages\/2980\/revisions"}],"predecessor-version":[{"id":2984,"href":"https:\/\/vrigstadshembygdsforening.se\/index.php?rest_route=\/wp\/v2\/pages\/2980\/revisions\/2984"}],"wp:attachment":[{"href":"https:\/\/vrigstadshembygdsforening.se\/index.php?rest_route=%2Fwp%2Fv2%2Fmedia&parent=2980"}],"curies":[{"name":"wp","href":"https:\/\/api.w.org\/{rel}","templated":true}]}}