{"id":2977,"date":"2019-02-14T20:32:32","date_gmt":"2019-02-14T20:32:32","guid":{"rendered":"http:\/\/vrigstadshembygdsforening.se\/?page_id=2977"},"modified":"2019-02-14T20:32:32","modified_gmt":"2019-02-14T20:32:32","slug":"carl-hammarstrom","status":"publish","type":"page","link":"https:\/\/vrigstadshembygdsforening.se\/?page_id=2977","title":{"rendered":"Carl Hammarstr\u00f6m"},"content":{"rendered":"<p dir=\"LTR\" align=\"JUSTIFY\">M\u00e5lare Hammarstr\u00f6m bodde p\u00e5 Amalielund, V\u00e4xj\u00f6v\u00e4gen 5. Hela familjen, utom en son, omkom d\u00e5 fastigheten brann ner 1909. John Lindblad b\u00f6rjade praktisera som m\u00e5lare hos Hammarstr\u00f6m.<\/p>\n<figure id=\"attachment_2978\" aria-describedby=\"caption-attachment-2978\" style=\"width: 700px\" class=\"wp-caption alignnone\"><a href=\"https:\/\/media.vrigstadshembygdsforening.se\/\/W_1984.004.png\"><img loading=\"lazy\" decoding=\"async\" class=\"size-full wp-image-2978\" src=\"https:\/\/media.vrigstadshembygdsforening.se\/\/W_1984.004.png\" alt=\"\" width=\"700\" height=\"493\" srcset=\"https:\/\/media.vrigstadshembygdsforening.se\/W_1984.004.png 700w, https:\/\/media.vrigstadshembygdsforening.se\/W_1984.004-300x211.png 300w\" sizes=\"auto, (max-width: 700px) 100vw, 700px\" \/><\/a><figcaption id=\"caption-attachment-2978\" class=\"wp-caption-text\">M\u00e5laren Carl Hammarstr\u00f6m, t.h., tillsammans med en ges\u00e4ll i verkstaden p\u00e5 g\u00e5rden till fastigheten Amalielund, V\u00e4xj\u00f6v\u00e4gen 5. Foto fr\u00e5n 1905. Familjen Hammarstr\u00f6m, utom en son, omkom d\u00e5 deras villa brann ner till grunden 1909.<\/figcaption><\/figure>\n<p>&nbsp;<\/p>\n","protected":false},"excerpt":{"rendered":"<p>M\u00e5lare Hammarstr\u00f6m bodde p\u00e5 Amalielund, V\u00e4xj\u00f6v\u00e4gen 5. Hela familjen, utom en son, omkom d\u00e5 fastigheten brann ner 1909. John Lindblad<\/p>\n","protected":false},"author":1,"featured_media":0,"parent":0,"menu_order":0,"comment_status":"closed","ping_status":"closed","template":"","meta":{"footnotes":""},"class_list":["post-2977","page","type-page","status-publish","hentry"],"_links":{"self":[{"href":"https:\/\/vrigstadshembygdsforening.se\/index.php?rest_route=\/wp\/v2\/pages\/2977","targetHints":{"allow":["GET"]}}],"collection":[{"href":"https:\/\/vrigstadshembygdsforening.se\/index.php?rest_route=\/wp\/v2\/pages"}],"about":[{"href":"https:\/\/vrigstadshembygdsforening.se\/index.php?rest_route=\/wp\/v2\/types\/page"}],"author":[{"embeddable":true,"href":"https:\/\/vrigstadshembygdsforening.se\/index.php?rest_route=\/wp\/v2\/users\/1"}],"replies":[{"embeddable":true,"href":"https:\/\/vrigstadshembygdsforening.se\/index.php?rest_route=%2Fwp%2Fv2%2Fcomments&post=2977"}],"version-history":[{"count":1,"href":"https:\/\/vrigstadshembygdsforening.se\/index.php?rest_route=\/wp\/v2\/pages\/2977\/revisions"}],"predecessor-version":[{"id":2979,"href":"https:\/\/vrigstadshembygdsforening.se\/index.php?rest_route=\/wp\/v2\/pages\/2977\/revisions\/2979"}],"wp:attachment":[{"href":"https:\/\/vrigstadshembygdsforening.se\/index.php?rest_route=%2Fwp%2Fv2%2Fmedia&parent=2977"}],"curies":[{"name":"wp","href":"https:\/\/api.w.org\/{rel}","templated":true}]}}