{"id":2971,"date":"2019-02-14T17:56:30","date_gmt":"2019-02-14T17:56:30","guid":{"rendered":"http:\/\/vrigstadshembygdsforening.se\/?page_id=2971"},"modified":"2019-02-14T17:56:30","modified_gmt":"2019-02-14T17:56:30","slug":"p-o-johnsson-ror-ab","status":"publish","type":"page","link":"https:\/\/vrigstadshembygdsforening.se\/?page_id=2971","title":{"rendered":"P-O Johnsson R\u00f6r AB"},"content":{"rendered":"<p dir=\"LTR\" style=\"text-align: left;\" align=\"JUSTIFY\">Per-Olof Vincent Johnsson, f\u00f6dd 1934, \u00e4r uppvuxen p\u00e5 V\u00e4xj\u00f6v\u00e4gen 22. Huset hette d\u00e5 Tillbo. Fadern Per Johnsson var murare p\u00e5 somrarna och skogsarbetare under vintrarna.<\/p>\n<p dir=\"LTR\" style=\"text-align: left;\" align=\"JUSTIFY\">\u00c5ren 1947-54 arbetade P-O i j\u00e4rnaff\u00e4ren som \u00e4gdes av \u00c5ke Lindholm. Efter milit\u00e4rtj\u00e4nstg\u00f6ringen blev det arbete p\u00e5 bilverkstaden med Olle Andersson och Rudolf Claesson som chefer.<\/p>\n<p dir=\"LTR\" style=\"text-align: left;\" align=\"JUSTIFY\">1957-64 drev P-O firman J\u00e4rn och Smide handelsbolag tillsammans med barndomskamraten Lennart Karlsson. (Se J\u00e4rn och Smide). 1964 s\u00e5lde P-O sin del i firman till Lennart.<\/p>\n<p dir=\"LTR\" style=\"text-align: left;\" align=\"JUSTIFY\">I st\u00e4llet b\u00f6rjade P-O svetsa oljetankar i k\u00e4llarna i f\u00e4rdigbyggda hus i Vrigstad och i n\u00e4romr\u00e5det. Till nybyggda hus svetsades tanken p\u00e5 verkstaden och lyftes sedan ner i pannrummen. En oljetank var<br \/>\noftast p\u00e5 tre m<sup><span style=\"font-size: small;\">3<\/span><\/sup>, den st\u00f6rsta var p\u00e5 20 m<sup><span style=\"font-size: small;\">3<\/span><\/sup>.<\/p>\n<p dir=\"LTR\" style=\"text-align: left;\" align=\"JUSTIFY\">Efter n\u00e5gra \u00e5r ut\u00f6kades arbetet med att \u00e4ven installera oljeeldningsaggregat i vedpannor. Oljan var d\u00e5 mycket billig, 140 kr m<sup><span style=\"font-size: small;\">3<\/span><\/sup>. Det innebar att det \u00e4ven p\u00e5 landsbygden blev olja ist\u00e4llet f\u00f6r ved i m\u00e5nga hus. Ytterligare en bidragande orsak till det var att de som hade egen skog blev f\u00f6rm\u00e5nsbeskattade f\u00f6r veden de eldade med.<\/p>\n<p dir=\"LTR\" style=\"text-align: left;\" align=\"JUSTIFY\">P-O var tidigt i ungdomen intresserad av r\u00f6rmokeri. Han byggde sj\u00e4lv en varmvattenanl\u00e4ggning och varmvattentank till den befintliga k\u00f6ksspisen i f\u00f6r\u00e4ldrahemmet. 1967-68 blev det mer och mer VVS-arbeten, firman blev d\u00e5 P-O Johnssons R\u00f6r.<\/p>\n<p dir=\"LTR\" style=\"text-align: left;\" align=\"JUSTIFY\">F\u00f6retaget gjorde VVS-arbetet n\u00e4r skolan byggde de nya l\u00e4rosalspaviljongerna i slutet av 1960-talet. D\u00e5 anst\u00e4lldes Svante Str\u00f6mqvist och Allan Karlsson, som blev firman trogna i m\u00e5nga \u00e5r.<\/p>\n<p dir=\"LTR\" style=\"text-align: left;\" align=\"JUSTIFY\">Samma \u00e5r byggde P-O ett nytt stort lager och kontor p\u00e5 K\u00e4llebergsv\u00e4gen 5, dessf\u00f6rinnan hade han hyrt lager av Lennart Karlsson p\u00e5 Stockarydsv\u00e4gen. I b\u00f6rjan p\u00e5 2000-talet trappades verksamheten ner. D\u00e5 hade P-O servat Vrigstadborna inom VVS i mer \u00e4n 35 \u00e5r. Men helt avslutad \u00e4r inte verksamheten 2016.<\/p>\n<p dir=\"LTR\" style=\"text-align: left;\" align=\"JUSTIFY\">Lagerbyggnaden hyrdes ut till biodlaren Lars-G\u00f6ran Sj\u00f6stedt, som senare k\u00f6pte fastigheten. Lagret finns nu i Valk\u00f6, Nydala, d\u00e4r frun Marianne har sitt f\u00f6r\u00e4ldrahem. Marianne har varit delaktig i firman under \u00e5ren med kontorsg\u00f6rom\u00e5l m.m. och \u00e4ven som del\u00e4gare i aktiebolaget.<\/p>\n<p dir=\"LTR\" style=\"text-align: left;\" align=\"JUSTIFY\">Anst\u00e4llda hos P-O, f\u00f6rutom de tidigare n\u00e4mnda, var Lennart Arvidsson, Kjell Eriksson, Mats Karlsson och Per J\u00f6nsson.<\/p>\n<p dir=\"LTR\" style=\"text-align: left;\" align=\"JUSTIFY\"><strong>P-O Johnsson minns<\/strong>: Jag minns en h\u00e4ndelse fr\u00e5n barndomen p\u00e5 tal om &#8221;Musse&#8221;. P\u00e5 andra v\u00e5ningen i f\u00f6r\u00e4ldrahemmet bodde Karl Karlsson som drev bilverkstad och smidesarbete i gamla missionshuset p\u00e5 andra sidan V\u00e4xj\u00f6v\u00e4gen. &#8221;Musse&#8221; var anst\u00e4lld d\u00e4r och bodde i ett rum p\u00e5 v\u00e5ningen ovanf\u00f6r verkstaden.<\/p>\n<p dir=\"LTR\" style=\"text-align: left;\" align=\"JUSTIFY\">En natt b\u00f6rjade det brinna i verkstaden, Musse fick hoppa ut genom f\u00f6nstret f\u00f6r att r\u00e4dda sig och sprang sen \u00f6ver v\u00e4gen f\u00f6r att v\u00e4cka Kalle. &#8221;Musse&#8221; kastade d\u00e5 in en knytn\u00e4vsstor sten genom sovrumsf\u00f6nstret. Stenen hamnade i spj\u00e4ls\u00e4ngen, d\u00e4r den ett-\u00e5rige sonen sov, men ingen kom till skada. Jag vaknade av att det var ljust ute och trodde f\u00f6rst att jag f\u00f6rsovit mig. F\u00f6nsterrutorna blev s\u00e5 varma att man inte kunde l\u00e4gga handen mot dem.\u00a0Bilverkstaden brann ner till grunden och \u00e5ret var 1943.<\/p>\n<figure id=\"attachment_2972\" aria-describedby=\"caption-attachment-2972\" style=\"width: 400px\" class=\"wp-caption alignnone\"><a href=\"https:\/\/media.vrigstadshembygdsforening.se\/\/W_P_O.jpg\"><img loading=\"lazy\" decoding=\"async\" class=\"size-full wp-image-2972\" src=\"https:\/\/media.vrigstadshembygdsforening.se\/\/W_P_O.jpg\" alt=\"\" width=\"400\" height=\"451\" srcset=\"https:\/\/media.vrigstadshembygdsforening.se\/W_P_O.jpg 400w, https:\/\/media.vrigstadshembygdsforening.se\/W_P_O-266x300.jpg 266w\" sizes=\"auto, (max-width: 400px) 100vw, 400px\" \/><\/a><figcaption id=\"caption-attachment-2972\" class=\"wp-caption-text\">P-O Johnsson.<\/figcaption><\/figure>\n","protected":false},"excerpt":{"rendered":"<p>Per-Olof Vincent Johnsson, f\u00f6dd 1934, \u00e4r uppvuxen p\u00e5 V\u00e4xj\u00f6v\u00e4gen 22. Huset hette d\u00e5 Tillbo. Fadern Per Johnsson var murare p\u00e5<\/p>\n","protected":false},"author":1,"featured_media":0,"parent":0,"menu_order":0,"comment_status":"closed","ping_status":"closed","template":"","meta":{"footnotes":""},"class_list":["post-2971","page","type-page","status-publish","hentry"],"_links":{"self":[{"href":"https:\/\/vrigstadshembygdsforening.se\/index.php?rest_route=\/wp\/v2\/pages\/2971","targetHints":{"allow":["GET"]}}],"collection":[{"href":"https:\/\/vrigstadshembygdsforening.se\/index.php?rest_route=\/wp\/v2\/pages"}],"about":[{"href":"https:\/\/vrigstadshembygdsforening.se\/index.php?rest_route=\/wp\/v2\/types\/page"}],"author":[{"embeddable":true,"href":"https:\/\/vrigstadshembygdsforening.se\/index.php?rest_route=\/wp\/v2\/users\/1"}],"replies":[{"embeddable":true,"href":"https:\/\/vrigstadshembygdsforening.se\/index.php?rest_route=%2Fwp%2Fv2%2Fcomments&post=2971"}],"version-history":[{"count":1,"href":"https:\/\/vrigstadshembygdsforening.se\/index.php?rest_route=\/wp\/v2\/pages\/2971\/revisions"}],"predecessor-version":[{"id":2973,"href":"https:\/\/vrigstadshembygdsforening.se\/index.php?rest_route=\/wp\/v2\/pages\/2971\/revisions\/2973"}],"wp:attachment":[{"href":"https:\/\/vrigstadshembygdsforening.se\/index.php?rest_route=%2Fwp%2Fv2%2Fmedia&parent=2971"}],"curies":[{"name":"wp","href":"https:\/\/api.w.org\/{rel}","templated":true}]}}