{"id":2960,"date":"2019-02-14T17:47:33","date_gmt":"2019-02-14T17:47:33","guid":{"rendered":"http:\/\/vrigstadshembygdsforening.se\/?page_id=2960"},"modified":"2019-02-14T17:47:33","modified_gmt":"2019-02-14T17:47:33","slug":"arvidssons-ror","status":"publish","type":"page","link":"https:\/\/vrigstadshembygdsforening.se\/?page_id=2960","title":{"rendered":"Arvidssons R\u00f6r"},"content":{"rendered":"<p dir=\"LTR\" style=\"text-align: left;\" align=\"JUSTIFY\">Lennart Arvidsson jobbade under l\u00e5ng tid som\u00a0anst\u00e4lld hos P-O:s R\u00f6r och var med under glans\u00e5ren d\u00e5 Swed-Hus och Nordiska Tr\u00e4hus byggde m\u00e5nga sm\u00e5hus p\u00e5 slutet av 70-talet.<\/p>\n<p dir=\"LTR\" style=\"text-align: left;\" align=\"JUSTIFY\">1980 best\u00e4mde sig Lennart f\u00f6r att b\u00f6rja i egen regi och startade d\u00e5 Arvidssons R\u00f6r. I en liten lokal bakom Ostboden hade han sitt lager till att b\u00f6rja med. Efter hand blev det f\u00f6r litet och d\u00e5 flyttades verksamheten till lokaler bakom\u00a0nuvarande Erikshj\u00e4lpen. Mot slutet av 80-talet flyttade Lennart till Gislaved och d\u00e5 avyttrades firman.<\/p>\n<figure id=\"attachment_2961\" aria-describedby=\"caption-attachment-2961\" style=\"width: 700px\" class=\"wp-caption alignnone\"><a href=\"https:\/\/media.vrigstadshembygdsforening.se\/\/W_Arvidssons-r\u00f6r.jpg\"><img loading=\"lazy\" decoding=\"async\" class=\"size-full wp-image-2961\" src=\"https:\/\/media.vrigstadshembygdsforening.se\/\/W_Arvidssons-r\u00f6r.jpg\" alt=\"\" width=\"700\" height=\"788\" srcset=\"https:\/\/media.vrigstadshembygdsforening.se\/W_Arvidssons-r\u00f6r.jpg 700w, https:\/\/media.vrigstadshembygdsforening.se\/W_Arvidssons-r\u00f6r-266x300.jpg 266w\" sizes=\"auto, (max-width: 700px) 100vw, 700px\" \/><\/a><figcaption id=\"caption-attachment-2961\" class=\"wp-caption-text\">Lennart Arvidsson och kyrkoherde Sven-Erik Svensson efter att Lennart installerat en v\u00e4rmepump vid f\u00f6rsamlingshemmet.<\/figcaption><\/figure>\n<p>&nbsp;<\/p>\n","protected":false},"excerpt":{"rendered":"<p>Lennart Arvidsson jobbade under l\u00e5ng tid som\u00a0anst\u00e4lld hos P-O:s R\u00f6r och var med under glans\u00e5ren d\u00e5 Swed-Hus och Nordiska Tr\u00e4hus<\/p>\n","protected":false},"author":1,"featured_media":0,"parent":0,"menu_order":0,"comment_status":"closed","ping_status":"closed","template":"","meta":{"footnotes":""},"class_list":["post-2960","page","type-page","status-publish","hentry"],"_links":{"self":[{"href":"https:\/\/vrigstadshembygdsforening.se\/index.php?rest_route=\/wp\/v2\/pages\/2960","targetHints":{"allow":["GET"]}}],"collection":[{"href":"https:\/\/vrigstadshembygdsforening.se\/index.php?rest_route=\/wp\/v2\/pages"}],"about":[{"href":"https:\/\/vrigstadshembygdsforening.se\/index.php?rest_route=\/wp\/v2\/types\/page"}],"author":[{"embeddable":true,"href":"https:\/\/vrigstadshembygdsforening.se\/index.php?rest_route=\/wp\/v2\/users\/1"}],"replies":[{"embeddable":true,"href":"https:\/\/vrigstadshembygdsforening.se\/index.php?rest_route=%2Fwp%2Fv2%2Fcomments&post=2960"}],"version-history":[{"count":1,"href":"https:\/\/vrigstadshembygdsforening.se\/index.php?rest_route=\/wp\/v2\/pages\/2960\/revisions"}],"predecessor-version":[{"id":2962,"href":"https:\/\/vrigstadshembygdsforening.se\/index.php?rest_route=\/wp\/v2\/pages\/2960\/revisions\/2962"}],"wp:attachment":[{"href":"https:\/\/vrigstadshembygdsforening.se\/index.php?rest_route=%2Fwp%2Fv2%2Fmedia&parent=2960"}],"curies":[{"name":"wp","href":"https:\/\/api.w.org\/{rel}","templated":true}]}}