{"id":2924,"date":"2019-02-14T16:34:57","date_gmt":"2019-02-14T16:34:57","guid":{"rendered":"http:\/\/vrigstadshembygdsforening.se\/?page_id=2924"},"modified":"2019-02-14T16:34:57","modified_gmt":"2019-02-14T16:34:57","slug":"gustav-sjogren-och-sigfrid-axelsson","status":"publish","type":"page","link":"https:\/\/vrigstadshembygdsforening.se\/?page_id=2924","title":{"rendered":"Gustav Sj\u00f6gren och Sigfrid Axelsson"},"content":{"rendered":"<p dir=\"LTR\" style=\"text-align: left;\" align=\"JUSTIFY\">Kompanjonerna hade en byggfirma som bl.a. erh\u00f6ll uppdraget att uppf\u00f6ra en l\u00e4rarinnebostad i Vrigstad 1954.<\/p>\n<p>&nbsp;<\/p>\n","protected":false},"excerpt":{"rendered":"<p>Kompanjonerna hade en byggfirma som bl.a. erh\u00f6ll uppdraget att uppf\u00f6ra en l\u00e4rarinnebostad i Vrigstad 1954. &nbsp;<\/p>\n","protected":false},"author":1,"featured_media":0,"parent":0,"menu_order":0,"comment_status":"closed","ping_status":"closed","template":"","meta":{"footnotes":""},"class_list":["post-2924","page","type-page","status-publish","hentry"],"_links":{"self":[{"href":"https:\/\/vrigstadshembygdsforening.se\/index.php?rest_route=\/wp\/v2\/pages\/2924","targetHints":{"allow":["GET"]}}],"collection":[{"href":"https:\/\/vrigstadshembygdsforening.se\/index.php?rest_route=\/wp\/v2\/pages"}],"about":[{"href":"https:\/\/vrigstadshembygdsforening.se\/index.php?rest_route=\/wp\/v2\/types\/page"}],"author":[{"embeddable":true,"href":"https:\/\/vrigstadshembygdsforening.se\/index.php?rest_route=\/wp\/v2\/users\/1"}],"replies":[{"embeddable":true,"href":"https:\/\/vrigstadshembygdsforening.se\/index.php?rest_route=%2Fwp%2Fv2%2Fcomments&post=2924"}],"version-history":[{"count":1,"href":"https:\/\/vrigstadshembygdsforening.se\/index.php?rest_route=\/wp\/v2\/pages\/2924\/revisions"}],"predecessor-version":[{"id":2925,"href":"https:\/\/vrigstadshembygdsforening.se\/index.php?rest_route=\/wp\/v2\/pages\/2924\/revisions\/2925"}],"wp:attachment":[{"href":"https:\/\/vrigstadshembygdsforening.se\/index.php?rest_route=%2Fwp%2Fv2%2Fmedia&parent=2924"}],"curies":[{"name":"wp","href":"https:\/\/api.w.org\/{rel}","templated":true}]}}