{"id":291,"date":"2015-07-14T18:33:40","date_gmt":"2015-07-14T18:33:40","guid":{"rendered":"http:\/\/vrigstadshembygdsforening.se\/?page_id=291"},"modified":"2018-12-06T15:09:36","modified_gmt":"2018-12-06T15:09:36","slug":"2013-2","status":"publish","type":"page","link":"https:\/\/vrigstadshembygdsforening.se\/?page_id=291","title":{"rendered":"Medlemsskrift 2013"},"content":{"rendered":"<h1><strong>En h\u00e4lsning fr\u00e5n Vrigstads hembygdsf\u00f6rening 2013<\/strong><\/h1>\n<p><a href=\"https:\/\/media.vrigstadshembygdsforening.se\/\/2015\/07\/MS13_1.jpg\"><img loading=\"lazy\" decoding=\"async\" class=\"alignnone size-full wp-image-294\" src=\"https:\/\/media.vrigstadshembygdsforening.se\/\/2015\/07\/MS13_1.jpg\" alt=\"MS13_1\" width=\"700\" height=\"494\" srcset=\"https:\/\/media.vrigstadshembygdsforening.se\/2015\/07\/MS13_1.jpg 700w, https:\/\/media.vrigstadshembygdsforening.se\/2015\/07\/MS13_1-300x212.jpg 300w\" sizes=\"auto, (max-width: 700px) 100vw, 700px\" \/><\/a><\/p>\n<p>V\u00e5rt bildarkiv inneh\u00e5ller bilder fr\u00e5n 1865 och fram till idag. Totalt har vi \u00f6ver 5\u00a0000 bilder. Nykterhetslogen Klippan av IOGT i Vrigstad bildades 1909. Bilden \u00e4r fr\u00e5n 1913 p\u00e5 styrelsen som bestod av Sven Ekel\u00f6f, Edvin Karlsson, Axel Gustafsson, Gunnar K\u00e4llstr\u00f6m, Hjalmar Vink, John Lindblad, Hildur Ryd\u00e9n, Elsa \u201dG\u00f6dde\u201d, ok\u00e4nd, Henrik Vink, Karl Algotsson, Thure Gustafsson, Sigrid Gustafsson, Lennart Hallstr\u00f6m, Isidor Bjelke och Gustaf Karlsson.<\/p>\n<p><strong>Inneh\u00e5ll:<\/strong><br \/>\nInbjudan till Vrigstads Hembygdsf\u00f6renings \u00e5rsm\u00f6te<br \/>\nN\u00e5gra bilder fr\u00e5n Vrigstad \u2013 50 och 100 \u00e5r gamla (ur bildarkivet)<br \/>\nBildarkivet<br \/>\nEmigranterna<\/p>\n<p><strong>Inbjudan till \u00e5rsm\u00f6te med Vrigstads hembygdsf\u00f6rening<\/strong><br \/>\nV\u00e4lkommen till \u00e5rsm\u00f6te med Vrigstads Hembygdsf\u00f6rening torsdagen den 11 april, kl. 19.00 i F\u00f6rsamlingshemmet.<\/p>\n<p>Program:<br \/>\n\u2022\u00a0 \u00c5rsm\u00f6tesf\u00f6rhandlingar.<br \/>\n\u2022\u00a0 2012 \u00e5rs verksamhetsber\u00e4ttelse presenteras i ord och bild av Stig Marz.<br \/>\n\u2022\u00a0 Stig Marz visar videoklipp.<br \/>\n\u2022\u00a0 Servering och lotterier.<\/p>\n<p>Gamla och nya medlemmar h\u00e4lsas hj\u00e4rtligt v\u00e4lkomna!<\/p>\n<p><strong>En bild fr\u00e5n Vrigstad 1913<\/strong><\/p>\n<p><a href=\"https:\/\/media.vrigstadshembygdsforening.se\/\/2015\/07\/MS13_2.jpg\"><img loading=\"lazy\" decoding=\"async\" class=\"alignnone size-full wp-image-296\" src=\"https:\/\/media.vrigstadshembygdsforening.se\/\/2015\/07\/MS13_2.jpg\" alt=\"MS13_2\" width=\"700\" height=\"487\" srcset=\"https:\/\/media.vrigstadshembygdsforening.se\/2015\/07\/MS13_2.jpg 700w, https:\/\/media.vrigstadshembygdsforening.se\/2015\/07\/MS13_2-300x209.jpg 300w\" sizes=\"auto, (max-width: 700px) 100vw, 700px\" \/><\/a><\/p>\n<p>Holkaryds skola byggdes 1910. H\u00e4r \u00e4r 1913 \u00e5rs skolklass. L\u00e4rare var G.B. Andersson. St\u00e5ende: Albert i Sp\u00e5narp, Gunnar Eriksson, M\u00f6cklaberg, Artur i Kringelbr\u00e5ten, Ivar p\u00e5 S\u00e4vjedal, Ragnar Pettersson, Lundholmen, Agnes p\u00e5 Maden. Sittande: Elsa p\u00e5 K\u00e4lleryd, Axia Karlsson, Holkaryd, Viktoria p\u00e5 Vr\u00e5en, Elsa Hafstr\u00f6m, Martina Johansson, S\u00f6rag\u00e5rd, Olga i Sp\u00e5narp, Karin Fin\u00e9r, Kyrkarp.<br \/>\nByggnaden revs 1950 och flyttades till Vrigstad f\u00f6r att bli kommunalhus. Idag \u00e4r fastigheten privatbostad.<\/p>\n<p><strong>Bilder fr\u00e5n Vrigstad\u00a01963<\/strong><\/p>\n<p><a href=\"https:\/\/media.vrigstadshembygdsforening.se\/\/2015\/07\/MS13_3.jpg\"><img loading=\"lazy\" decoding=\"async\" class=\"alignnone size-full wp-image-297\" src=\"https:\/\/media.vrigstadshembygdsforening.se\/\/2015\/07\/MS13_3.jpg\" alt=\"MS13_3\" width=\"700\" height=\"455\" srcset=\"https:\/\/media.vrigstadshembygdsforening.se\/2015\/07\/MS13_3.jpg 700w, https:\/\/media.vrigstadshembygdsforening.se\/2015\/07\/MS13_3-300x195.jpg 300w\" sizes=\"auto, (max-width: 700px) 100vw, 700px\" \/><\/a><br \/>\nP\u00e5 60-talet var djurmarknaden fortfarande en stor del av Vrigstad marknad. I bakgrunden p\u00e5 bilden syns hembygdsf\u00f6reningens Gr\u00f6ndal.<\/p>\n<p><a href=\"https:\/\/media.vrigstadshembygdsforening.se\/\/2015\/07\/MS13_4.jpg\"><img loading=\"lazy\" decoding=\"async\" class=\"alignnone size-full wp-image-298\" src=\"https:\/\/media.vrigstadshembygdsforening.se\/\/2015\/07\/MS13_4.jpg\" alt=\"MS13_4\" width=\"700\" height=\"457\" srcset=\"https:\/\/media.vrigstadshembygdsforening.se\/2015\/07\/MS13_4.jpg 700w, https:\/\/media.vrigstadshembygdsforening.se\/2015\/07\/MS13_4-300x196.jpg 300w\" sizes=\"auto, (max-width: 700px) 100vw, 700px\" \/><\/a><\/p>\n<p>Herbert Karlsson, Prinsalunden, var en stor profil i Vrigstad. H\u00e4r en bild p\u00e5 Herbert p\u00e5 en auktion i Sp\u00e5narp \u00e5r 1963.<\/p>\n<p><strong>Bildarkivet<\/strong><br \/>\nVi f\u00f6rs\u00f6ker hela tiden fylla p\u00e5 med fler bilder till v\u00e5rt bildarkiv. Har du gamla eller nya bilder som du tycker \u00e4r en del av Vrigstads historia? L\u00e5na ut din bild till oss s\u00e5 vi kan skanna den. Du kan \u00e4ven k\u00f6pa de bilder vi har i bildarkivet. Vi levererar en fil med de bilder du vill ha (om vi har r\u00e4ttigheterna till den)\u00a0 \u2013 till din dator f\u00f6r endast 10 kr\/bild.<\/p>\n<p><strong>Emigranterna <\/strong><br \/>\nP\u00e5 1\/6 mantal M\u00f6lnarp i Vrigstad socken anstr\u00e4ngde sig \u00e4garen Alfrid Petersson och hans hustru Kajsa Maja till det yttersta f\u00f6r att f\u00f6rs\u00f6rja sig och de nio barnen. Trots att Alfrid \u00e4gde jorden var dock inte m\u00f6dan mindre f\u00f6r att skaffa b\u00e4rgning f\u00f6r sig och de sina.<br \/>\nG\u00e5rden l\u00e5g intill den gamla h\u00e4radsv\u00e4gen mot V\u00e4xj\u00f6. H\u00e4r kom forb\u00f6nder skramlande f\u00f6rbi varje dag med lufsiga bondh\u00e4star sp\u00e4nda f\u00f6r vagnarna. En och annan torpare masade sakta f\u00f6rbi med sin enda ko som dragare. Ibland kom det herrskapsdroskor dragna av blankryktade l\u00e5ngbenta h\u00e4star i trav, l\u00e4mnande ett dammoln efter sig. Det var dessa f\u00f6rbipasserande som gjorde barnen medvetna om att det fanns n\u00e5got ok\u00e4nt utanf\u00f6r g\u00e5rdens sn\u00e4va gr\u00e4nser. Tidigt vaknade lusten att f\u00e5 ge sig ut och uppt\u00e4cka v\u00e4rlden, vilket resulterade i att sex av de \u00e5tta barnen emigrerade. Ett barn hade d\u00f6tt endast elva dagar gammalt.<\/p>\n<p>F\u00f6rst att l\u00e4mna hemmet var dottern Maria Lovisa och sonen Carl Allgott. De emigrerade 1891. Sin 16-\u00e5rsdag fick Lovisa fira n\u00e5gra dagar efter ankomsten till det nya landet. Hon l\u00e4mnar G\u00f6teborg den 1 maj med biljett till Chicago p\u00e5 fickan. Carl Allgott reser senare p\u00e5 \u00e5ret. Han finns inte upptagen i passagerarlistan. Han hade f\u00e5tt sig tills\u00e4nd sin amerikabiljett av kusinen Per Johan Hafstr\u00f6m i Amerika, som emigrerat 1869 fr\u00e5n Hj\u00e4lmseryd och nu beh\u00f6vde hj\u00e4lp p\u00e5\u00a0 farmen i Beaver Township i Iroquois County, Illinois.<\/p>\n<p><a href=\"https:\/\/media.vrigstadshembygdsforening.se\/\/2015\/07\/MS13_5.jpg\"><img loading=\"lazy\" decoding=\"async\" class=\" size-full wp-image-301 alignleft\" src=\"https:\/\/media.vrigstadshembygdsforening.se\/\/2015\/07\/MS13_5.jpg\" alt=\"MS13_5\" width=\"350\" height=\"376\" srcset=\"https:\/\/media.vrigstadshembygdsforening.se\/2015\/07\/MS13_5.jpg 350w, https:\/\/media.vrigstadshembygdsforening.se\/2015\/07\/MS13_5-279x300.jpg 279w\" sizes=\"auto, (max-width: 350px) 100vw, 350px\" \/><\/a>I Chicago tr\u00e4ffar Lovisa v\u00e4rml\u00e4nningen Edvard Ljungdahl, tycke uppst\u00e5r och det blir gifterm\u00e5l. De bos\u00e4tter sig i Elk Grove, Cook County, Illinois, som farmare. H\u00e4r f\u00f6ds deras sju barn.\u00c5r 1914 k\u00f6per de en farm i Culdrum township, Morrison County, i n\u00e4rheten av Little Falls i Minnesota och flyttar dit. K\u00f6pet av farmen f\u00f6rmedlas av Carl Bolander, som utvandrat fr\u00e5n Holkaryd i Vrigstad 1892 och som nu etablerat sig som fastighetsm\u00e4klare i Little Falls.<\/p>\n<p>&nbsp;<\/p>\n<p>&nbsp;<\/p>\n<p>Senare k\u00f6per de en farm i Darling township, \u00e4ven den i Morrison County, som de brukar till sin bortg\u00e5ng. Edvard g\u00e5r ur tiden 1943 och Lovisa 1957. De fick sitt sista vilorum p\u00e5 Darling Cemetery.<\/p>\n<p><a href=\"https:\/\/media.vrigstadshembygdsforening.se\/\/2015\/07\/MS13_6.jpg\"><img loading=\"lazy\" decoding=\"async\" class=\" size-full wp-image-303 alignright\" src=\"https:\/\/media.vrigstadshembygdsforening.se\/\/2015\/07\/MS13_6.jpg\" alt=\"MS13_6\" width=\"350\" height=\"469\" srcset=\"https:\/\/media.vrigstadshembygdsforening.se\/2015\/07\/MS13_6.jpg 350w, https:\/\/media.vrigstadshembygdsforening.se\/2015\/07\/MS13_6-224x300.jpg 224w\" sizes=\"auto, (max-width: 350px) 100vw, 350px\" \/><\/a>Tre av Lovisas br\u00f6der tar arbete vid malmbanan i Kiruna f\u00f6re utvandringen, kanske f\u00f6r att pr\u00f6va p\u00e5 hur det k\u00e4ndes att vara borta fr\u00e5n det trygga hemmet.Brodern Per Ludvig utvandrar 1899, Frans Oscar och Gustaf Fredrik reser tillsammans 1903 och Klaes August 1904, samtliga med biljett till Chicago. Det blir flera brev fr\u00e5n barnen till mor Kajsa Maja i M\u00f6lnarp.N\u00e4r det tidigast bevarade brevet skrivs den 26 januari 1919 i Chicago, \u00e4r det sonen Klaes August som f\u00f6r pennan. Brevet \u00e4r st\u00e4llt till modern, som \u00e4r \u00e4nka sedan 1911. Systern Wilhelmina har gift sig och \u00f6vertagit g\u00e5rden. Klaes August skriver:<\/p>\n<p>&nbsp;<\/p>\n<p>&nbsp;<\/p>\n<p><a href=\"https:\/\/media.vrigstadshembygdsforening.se\/\/2015\/07\/MS13_7.jpg\"><img loading=\"lazy\" decoding=\"async\" class=\" size-full wp-image-305 alignleft\" src=\"https:\/\/media.vrigstadshembygdsforening.se\/\/2015\/07\/MS13_7.jpg\" alt=\"MS13_7\" width=\"350\" height=\"427\" srcset=\"https:\/\/media.vrigstadshembygdsforening.se\/2015\/07\/MS13_7.jpg 350w, https:\/\/media.vrigstadshembygdsforening.se\/2015\/07\/MS13_7-246x300.jpg 246w\" sizes=\"auto, (max-width: 350px) 100vw, 350px\" \/><\/a><em>&#8221;K\u00e4ra moder. Efter som tillf\u00e4lle gifves s\u00e5 vill jag skrifva n\u00e5gra rader och tacka eder f\u00f6r det till mig k\u00e4rkomna bref som jag f\u00e5tt emotaga f\u00f6r en liten tid sedan vari jag ser att i har hellsan vilket gl\u00e4der oss mycket att h\u00f6ra.&#8221; <\/em>I brevets forts\u00e4ttning ber\u00e4ttar han att b\u00e5de han och hustrun Matilda varit sjuka i influensa och att hustrun f\u00e5tt lunginflammation och sk\u00f6tts av tre l\u00e4kare och en sjuksk\u00f6terska. Ingen trodde att hon skulle klara krisen, men nu \u00e4r hon \u00e5ter frisk och glad. Matilda Tossberg var hans hustru sedan 1914, d\u00e5 de gifte sig i Chicago. Den 4 maj 1919 skriver August:<\/p>\n<p>&nbsp;<\/p>\n<p>&nbsp;<\/p>\n<p>\u201d<em>Jag skrifver n\u00e5gra rader nu f\u00f6r jag f\u00e5r l\u00e5ta eder veta jag var p\u00e5 postkontoret i g\u00e5r den tredje maj och s\u00e4nde hem 5 Dollars till eder, det blir 18 kr. 59 \u00f6re i svenska penningar s\u00e5 jag hoppas vell di g\u00e5r fram det blir vell till litet kaffe om det fins att k\u00f6pa i Sveden. Jag undra hur ni har det om ni lider n\u00e5gon n\u00f6d l\u00e5t mig veta det<\/em>\u201d.<\/p>\n<p>Han har verkningarna efter f\u00f6rsta v\u00e4rldskriget i tankarna. Brevet skrivs ju bara n\u00e5gra m\u00e5nader efter krigsslutet. Den 20 juli 1920 skriver August:<br \/>\n\u00c4lskade moder. Nu vill jag skrifva n\u00e5gra rader till eder ni f\u00e5r v\u00e4l urs\u00e4kta\u00a0mig f\u00f6r mitt l\u00e5nga dr\u00f6jsm\u00e5l med det f\u00f6rsta f\u00e5r jag underr\u00e4tta eder en s\u00f6rjslig nyhet att v\u00e5r broder Ludvig har f\u00e5tt sluta sina dagar h\u00e4r p\u00e5 denna jorden. Han var oppererad f\u00f6r Gallstons eller stenar i Gallen som hade till att tagas bort om ni har h\u00f6rt talas om s\u00e5dan sjukdom han lefde n\u00e4ra tio dagar efter han var oppererad han fick Lunginflammasjon strax efter han var oppererad s\u00e5\u00a0Docktorna sade de kan icke g\u00f6ra n\u00e5got f\u00f6r\u00a0honom n\u00e4r han fick den sjukdomen ocks\u00e5.<\/p>\n<p><a href=\"https:\/\/media.vrigstadshembygdsforening.se\/\/2015\/07\/MS13_8.jpg\"><img loading=\"lazy\" decoding=\"async\" class=\" size-full wp-image-307 alignright\" src=\"https:\/\/media.vrigstadshembygdsforening.se\/\/2015\/07\/MS13_8.jpg\" alt=\"MS13_8\" width=\"350\" height=\"485\" srcset=\"https:\/\/media.vrigstadshembygdsforening.se\/2015\/07\/MS13_8.jpg 350w, https:\/\/media.vrigstadshembygdsforening.se\/2015\/07\/MS13_8-216x300.jpg 216w\" sizes=\"auto, (max-width: 350px) 100vw, 350px\" \/><\/a>Han ber\u00e4ttar vidare att han sj\u00e4lv och brodern Oscar stod vid sjukb\u00e4dden n\u00e4r Ludvig dog. Han antar att systern Lovisa skrivit och ber\u00e4ttat om Ludvigs bortg\u00e5ng och begravning. Lovisa hade rest till Chicago fr\u00e5n Minnesota och stannat i tv\u00e5 veckor i samband med begravningen. Dottern Lovisa har ocks\u00e5 brevkontakt med hemmet i M\u00f6lnarp. Den 1 maj 1927 sitter hon p\u00e5 farmen i Minnesota och f\u00f6rs\u00f6ker att f\u00e5 ihop ett brev p\u00e5 svenska till modern: &#8221;<em>Min k\u00e4ra moder. Ja jag t\u00e4nkte inte p\u00e5 att jag f\u00e5r nu skriva svenska utan blaning. Wi har nu den f\u00f6rste maj s\u00e5 snart blir det somar.\u00a0Jag f\u00e5r nu tala om littet hur the m\u00e4st f\u00f6retagsama bondfruarna g\u00f6r sina spend pengar of wilken jag \u00e4r nomer ett.<\/em><\/p>\n<p><em>\u00a0<\/em><\/p>\n<p><em>Jag har tw\u00e5 eggkl\u00e4cknings maskiner i g\u00e5ng dessa \u00e4ro endast ibland the sm\u00e5 f\u00f6r jag har 2 och jag har satt dem \u00e4nda upp till fyra g\u00e5nger om v\u00e5ren, b\u00f6rjat i mitten p\u00e5 mars m\u00e5nad di h\u00e5lla ungef\u00e4r tw\u00e5hundra \u00e5tio egg som ni vet s\u00e5 tar det tre vickor for kl\u00e4ckningen det h\u00f6gsta tal skyklingar en can f\u00e5 \u00e4r ungef\u00e4r tw\u00e5 hundra utaf the egg som jag \u00f6van n\u00e4mner detta \u00e4r ett h\u00e5rt arbete att taga vara p\u00e5 dom skyklingarna men jag \u00e4r nu fulll\u00e4rd i det yrket s\u00e5 derf\u00f6r j\u00f6r jag mig littet spend pengar men det \u00e4r ej m\u00e5nga som kan. Mrs Bolander hon kl\u00e4cker skyklingar med mindre maskin 60 egg hon anoserade den i Little Falls paperet s\u00e5 kansk hon har sk\u00f6pt en st\u00f6re.&#8221;<\/em><\/p>\n<p>Mrs Bolander var den ovan omn\u00e4mnde Carl Bolanders hustru Helena Newman, f\u00f6dd av tyska f\u00f6r\u00e4ldrar i Detroit, Michigan. Lovisa har i ett brev fr\u00e5n modern meddelats att systern Wilhelmina (Mina), som \u00f6vertagit g\u00e5rden, inte \u00e4r riktigt bra. Hon forts\u00e4tter brevet:\u00a0\u201dJag \u00e4r ledsen att inte Mina \u00e4r rigtigt bra. Har hon huvud v\u00e4rk eller tand v\u00e4rk eller \u00e4r det ryggraden som v\u00e4rker. Jag hade s\u00e5dan f\u00f6rf\u00e4rlig huvud v\u00e4rk innan jag fick mina \u00f6vre t\u00e4nder utdragna men sedan har jag aldrig haft n\u00e5gon\u201d.\u00a0Det var tydligen lite si och s\u00e5 med tandhygienen d\u00e4r ute p\u00e5 pr\u00e4rien. Hon avslutar brevet:\u00a0\u201dDet \u00e4r s\u00f6ndag kv\u00e4ll och di har got ut att fiska s\u00e5 jag var ensam s\u00e5 jag anv\u00e4nde den tiden att skriva. H\u00e4lsa Mina och familj v\u00e4nligen Lowisa\u201d.<\/p>\n<p>Den 16 augusti 1931 skriver hon till systerdottern Ester i M\u00f6lnarp:<br \/>\n\u201d<strong>Ester fr\u00e5gar efter Carl Bolander han lever och har h\u00e4lsan och m\u00e5r bra men han b\u00f6rjar att bli till \u00e5ren han \u00e4r emot 65 \u00e5r s\u00e5 hans krafter \u00e4ro just inte vad de f\u00f6rr varit<\/strong>\u201d.<\/p>\n<p>I brevet ber\u00f6r hon ocks\u00e5 de h\u00e5rda tider 1930-talsdepressionen f\u00f6rde med sig:<br \/>\n\u201dW\u00e5r Oscar\u00a0(sonen f\u00f6dd 1906)\u00a0han \u00e4r i Minneapolis der han b\u00f6rjade sitt arbete f\u00f6r 4 eller mer \u00e5r sedan men det \u00e4r icke stadigt nu f\u00f6r dessa h\u00e5rda tider s\u00e5 en vicka blir di \u00e5lagda och n\u00e4sta f\u00e5r di arbeta, det \u00e4r ej l\u00e4nge sedan han var hemma en tid men det \u00e4r stort f\u00f6r det \u00e4r emot tw\u00e5 tusen p\u00e5 varje plats eller verkstad som s\u00f6ker arbete di som har yrke ej undantagna\u201d.\u00a0I ett till\u00e4gg skriver hon:\u00a0\u201dJag kan helsa fr\u00e5n v\u00e5r Agnes\u00a0(dottern f\u00f6dd 1898)\u00a0di bor som vanligt i Minneapolis hon sade hon \u00f6nskade att hon kunde skriva littet bettre svensk s\u00e5 skulle hon skriva till dig. N\u00e4r hon kommer hem skall jag jelpa henne eller Henning han kan\u00a0 skriva svenska\u201d.<\/p>\n<p>Det sista bevarade brevet \u00e4r fr\u00e5n August i Chicago och daterat den 26 februari 1933. Hela brevet inneh\u00e5ller bara\u00a0\u201dS\u00f6rjsliga nyheter\u201d. Den 21 januari 1933 har brodern Gustaf Fredrik avlidit. Han har sedan tretton \u00e5r vistats p\u00e5 ett v\u00e5rdhem i Kankakee, Manteno Township, Illimois, sydv\u00e4st om Chicago. Samtidigt har August n\u00e5tts av ett brev fr\u00e5n systern Wilhelmina i M\u00f6lnarp, att modern avlidit. August svarar omg\u00e5ende p\u00e5 brevet: &#8221;<em>K\u00e4ra syster och sv\u00e5ger med familj.\u00a0Tusende tack f\u00f6r brefvet Ester\u00a0(systerdottern),\u00a0vilket jag ser att v\u00e5r k\u00e4ra moder har f\u00e5tt flyttat i fr\u00e5n denna jemmerdalen till ett b\u00e4ttre land d\u00e4r ofvan det var ju mycket ledsamt att det skulle h\u00e4nda s\u00e5 p\u00e5 en g\u00e5ng med mor och broder Fred\u00a0(Gustaf Fredrik),\u00a0det blef ju dubbell s\u00f6rger f\u00f6r oss men p\u00e5 samma g\u00e5ng s\u00e5 f\u00e5r vi tenka det blef en letnad f\u00f6r oss efterlevande. Jag har ju t\u00e4nkt p\u00e5 min k\u00e4ra moder titt som ofta att hon \u00e4r s\u00e5 gammal s\u00e5 hon kan inte lefva s\u00e5 lenge till s\u00e5 jag var n\u00e4stan bered p\u00e5 att taga imot denna s\u00f6rjsliga nyhet\u201d<\/em>.\u00a0Han \u00e4r ledsen \u00f6ver att han inte kunde vara med och f\u00f6lja modern till kyrkog\u00e5rden en sista g\u00e5ng. Han beklagar ocks\u00e5 att han inte kan s\u00e4nda en slant till en blomma till moderns grav, men kostnaden f\u00f6r broderns begravning har t\u00e4rt p\u00e5 det lilla kapitalet. Dessutom \u00e4r \u00e4ven han drabbad av arbetsl\u00f6shet i den r\u00e5dande depressionen.Han har ocks\u00e5 f\u00f6rlorat en del pengar genom att hans bank inte klarat krisen:\u00a0\u201dSom ni vet \u00e4r det mycket sv\u00e5rt att reda sig h\u00e4r nu, alla blifver fattiga inte arbete, \u00f6fver 1000 banker har g\u00e5tt under i Chicago s\u00e5 vi har f\u00f6rlorat litet pengar ocks\u00e5 s\u00e5 det ser mycket m\u00f6rkt ut som det nu \u00e4r\u201d.<\/p>\n<p>Han ber\u00e4ttar ocks\u00e5 att han och brodern Oscar skall flytta till gemensamt boende f\u00f6r att minska hyreskostnaden. The Great Depression, som den kom att kallas i USA, spred sig \u00e4ven till Sverige med h\u00f6g arbetsl\u00f6shet. I M\u00f6lnarp gick livet sin gilla g\u00e5ng och man m\u00e4rkte inte s\u00e5 mycket av l\u00e5gkonjunkturen p\u00e5 annat s\u00e4tt \u00e4n att priserna p\u00e5 jordbruksprodukterna f\u00f6ll.<\/p>\n<p>AK-arbetarna (n\u00f6dhj\u00e4lpsarbete via Statens Arbetsl\u00f6shetskommision) invaderade dock alla lediga utrymmen i g\u00e5rdarna i M\u00f6lnarp och Sunnerby f\u00f6r att med korpar, spadar, spett, sl\u00e4ggor och skottk\u00e4rror bygga den nya v\u00e4gen, som kom att ers\u00e4tta den gamla h\u00e4radsv\u00e4gens str\u00e4ckning genom byn. Det blev allt l\u00e4ngre mellan breven som korsade Atlanten och till slut upph\u00f6rde de helt. Idag bor en sonson till Wilhelmina p\u00e5 g\u00e5rden, men kontakten med amerikasl\u00e4kten har f\u00f6r l\u00e4nge sedan upph\u00f6rt.<br \/>\nStig Marz<\/p>\n<p>D\u00e5 undertecknad \u00e4r mitt uppe i arbetet med en bok om emigrationen fr\u00e5n Vrigstad ber jag Er &#8221;dammsuga&#8221; Era byr\u00e5l\u00e5dor och fotoalbum efter bilder p\u00e5 gamla moster eller faster, eller vad det nu kan r\u00f6ra sig om i form av emigranter i sl\u00e4kten. \u00c4ven brev \u00e4r av stort intresse.<br \/>\nV.v. kontakta mig p\u00e5 telefon 0470-608 81. Tack p\u00e5 f\u00f6rhand f\u00f6r v\u00e4rdefull hj\u00e4lp! \/Stig Marz<\/p>\n","protected":false},"excerpt":{"rendered":"<p>En h\u00e4lsning fr\u00e5n Vrigstads hembygdsf\u00f6rening 2013 V\u00e5rt bildarkiv inneh\u00e5ller bilder fr\u00e5n 1865 och fram till idag. Totalt har vi \u00f6ver<\/p>\n","protected":false},"author":1,"featured_media":0,"parent":0,"menu_order":0,"comment_status":"open","ping_status":"open","template":"","meta":{"footnotes":""},"class_list":["post-291","page","type-page","status-publish","hentry"],"_links":{"self":[{"href":"https:\/\/vrigstadshembygdsforening.se\/index.php?rest_route=\/wp\/v2\/pages\/291","targetHints":{"allow":["GET"]}}],"collection":[{"href":"https:\/\/vrigstadshembygdsforening.se\/index.php?rest_route=\/wp\/v2\/pages"}],"about":[{"href":"https:\/\/vrigstadshembygdsforening.se\/index.php?rest_route=\/wp\/v2\/types\/page"}],"author":[{"embeddable":true,"href":"https:\/\/vrigstadshembygdsforening.se\/index.php?rest_route=\/wp\/v2\/users\/1"}],"replies":[{"embeddable":true,"href":"https:\/\/vrigstadshembygdsforening.se\/index.php?rest_route=%2Fwp%2Fv2%2Fcomments&post=291"}],"version-history":[{"count":10,"href":"https:\/\/vrigstadshembygdsforening.se\/index.php?rest_route=\/wp\/v2\/pages\/291\/revisions"}],"predecessor-version":[{"id":2148,"href":"https:\/\/vrigstadshembygdsforening.se\/index.php?rest_route=\/wp\/v2\/pages\/291\/revisions\/2148"}],"wp:attachment":[{"href":"https:\/\/vrigstadshembygdsforening.se\/index.php?rest_route=%2Fwp%2Fv2%2Fmedia&parent=291"}],"curies":[{"name":"wp","href":"https:\/\/api.w.org\/{rel}","templated":true}]}}