{"id":2861,"date":"2019-02-14T10:17:01","date_gmt":"2019-02-14T10:17:01","guid":{"rendered":"http:\/\/vrigstadshembygdsforening.se\/?page_id=2861"},"modified":"2019-02-14T10:17:01","modified_gmt":"2019-02-14T10:17:01","slug":"carstensens-belysnings-ab","status":"publish","type":"page","link":"https:\/\/vrigstadshembygdsforening.se\/?page_id=2861","title":{"rendered":"Carstensens Belysnings AB"},"content":{"rendered":"<p dir=\"LTR\" style=\"text-align: left;\" align=\"JUSTIFY\">F\u00f6retaget startades i b\u00f6rjan av 1970-talet av G\u00f6te Carstensen. Huvudsakliga tillverkningen var armaturer f\u00f6r utomhusbelysning.<\/p>\n<p dir=\"LTR\" style=\"text-align: left;\" align=\"JUSTIFY\">F\u00f6retaget flyttades till S\u00e4vsj\u00f6 1981. 1980 sysselsattes tre till fem personer i f\u00f6retaget.<\/p>\n<figure id=\"attachment_2862\" aria-describedby=\"caption-attachment-2862\" style=\"width: 700px\" class=\"wp-caption alignnone\"><a href=\"https:\/\/media.vrigstadshembygdsforening.se\/\/W_1986.063.png\"><img loading=\"lazy\" decoding=\"async\" class=\"size-full wp-image-2862\" src=\"https:\/\/media.vrigstadshembygdsforening.se\/\/W_1986.063.png\" alt=\"\" width=\"700\" height=\"464\" srcset=\"https:\/\/media.vrigstadshembygdsforening.se\/W_1986.063.png 700w, https:\/\/media.vrigstadshembygdsforening.se\/W_1986.063-300x199.png 300w\" sizes=\"auto, (max-width: 700px) 100vw, 700px\" \/><\/a><figcaption id=\"caption-attachment-2862\" class=\"wp-caption-text\">G\u00f6te Carstensen tillverkade utomhusarmaturer under ett tiotal \u00e5r i Vrigstad. Foto fr\u00e5n 1981.<\/figcaption><\/figure>\n<p>&nbsp;<\/p>\n","protected":false},"excerpt":{"rendered":"<p>F\u00f6retaget startades i b\u00f6rjan av 1970-talet av G\u00f6te Carstensen. Huvudsakliga tillverkningen var armaturer f\u00f6r utomhusbelysning. F\u00f6retaget flyttades till S\u00e4vsj\u00f6 1981.<\/p>\n","protected":false},"author":1,"featured_media":0,"parent":0,"menu_order":0,"comment_status":"closed","ping_status":"closed","template":"","meta":{"footnotes":""},"class_list":["post-2861","page","type-page","status-publish","hentry"],"_links":{"self":[{"href":"https:\/\/vrigstadshembygdsforening.se\/index.php?rest_route=\/wp\/v2\/pages\/2861","targetHints":{"allow":["GET"]}}],"collection":[{"href":"https:\/\/vrigstadshembygdsforening.se\/index.php?rest_route=\/wp\/v2\/pages"}],"about":[{"href":"https:\/\/vrigstadshembygdsforening.se\/index.php?rest_route=\/wp\/v2\/types\/page"}],"author":[{"embeddable":true,"href":"https:\/\/vrigstadshembygdsforening.se\/index.php?rest_route=\/wp\/v2\/users\/1"}],"replies":[{"embeddable":true,"href":"https:\/\/vrigstadshembygdsforening.se\/index.php?rest_route=%2Fwp%2Fv2%2Fcomments&post=2861"}],"version-history":[{"count":1,"href":"https:\/\/vrigstadshembygdsforening.se\/index.php?rest_route=\/wp\/v2\/pages\/2861\/revisions"}],"predecessor-version":[{"id":2863,"href":"https:\/\/vrigstadshembygdsforening.se\/index.php?rest_route=\/wp\/v2\/pages\/2861\/revisions\/2863"}],"wp:attachment":[{"href":"https:\/\/vrigstadshembygdsforening.se\/index.php?rest_route=%2Fwp%2Fv2%2Fmedia&parent=2861"}],"curies":[{"name":"wp","href":"https:\/\/api.w.org\/{rel}","templated":true}]}}