{"id":2859,"date":"2019-02-14T10:15:01","date_gmt":"2019-02-14T10:15:01","guid":{"rendered":"http:\/\/vrigstadshembygdsforening.se\/?page_id=2859"},"modified":"2019-02-14T10:15:01","modified_gmt":"2019-02-14T10:15:01","slug":"vrigstad-mekaniska-ab","status":"publish","type":"page","link":"https:\/\/vrigstadshembygdsforening.se\/?page_id=2859","title":{"rendered":"Vrigstad Mekaniska AB"},"content":{"rendered":"<p dir=\"LTR\" style=\"text-align: left;\" align=\"JUSTIFY\">Mats Karlsson, Morgan Karlsson och Lennart Vinl\u00f6f startade och drev f\u00f6retaget 1995-1997. I verkstaden p\u00e5 K\u00e4llebergsv\u00e4gen tillverkade man tippcontainrar till industrin. F\u00f6retaget hade tidigare \u00e4ven tillverkat en kombinerad vedkap och vedklyv.<\/p>\n<p>&nbsp;<\/p>\n","protected":false},"excerpt":{"rendered":"<p>Mats Karlsson, Morgan Karlsson och Lennart Vinl\u00f6f startade och drev f\u00f6retaget 1995-1997. I verkstaden p\u00e5 K\u00e4llebergsv\u00e4gen tillverkade man tippcontainrar till<\/p>\n","protected":false},"author":1,"featured_media":0,"parent":0,"menu_order":0,"comment_status":"closed","ping_status":"closed","template":"","meta":{"footnotes":""},"class_list":["post-2859","page","type-page","status-publish","hentry"],"_links":{"self":[{"href":"https:\/\/vrigstadshembygdsforening.se\/index.php?rest_route=\/wp\/v2\/pages\/2859","targetHints":{"allow":["GET"]}}],"collection":[{"href":"https:\/\/vrigstadshembygdsforening.se\/index.php?rest_route=\/wp\/v2\/pages"}],"about":[{"href":"https:\/\/vrigstadshembygdsforening.se\/index.php?rest_route=\/wp\/v2\/types\/page"}],"author":[{"embeddable":true,"href":"https:\/\/vrigstadshembygdsforening.se\/index.php?rest_route=\/wp\/v2\/users\/1"}],"replies":[{"embeddable":true,"href":"https:\/\/vrigstadshembygdsforening.se\/index.php?rest_route=%2Fwp%2Fv2%2Fcomments&post=2859"}],"version-history":[{"count":1,"href":"https:\/\/vrigstadshembygdsforening.se\/index.php?rest_route=\/wp\/v2\/pages\/2859\/revisions"}],"predecessor-version":[{"id":2860,"href":"https:\/\/vrigstadshembygdsforening.se\/index.php?rest_route=\/wp\/v2\/pages\/2859\/revisions\/2860"}],"wp:attachment":[{"href":"https:\/\/vrigstadshembygdsforening.se\/index.php?rest_route=%2Fwp%2Fv2%2Fmedia&parent=2859"}],"curies":[{"name":"wp","href":"https:\/\/api.w.org\/{rel}","templated":true}]}}