{"id":2856,"date":"2019-02-14T10:04:38","date_gmt":"2019-02-14T10:04:38","guid":{"rendered":"http:\/\/vrigstadshembygdsforening.se\/?page_id=2856"},"modified":"2019-02-14T10:04:38","modified_gmt":"2019-02-14T10:04:38","slug":"byggnadsmetallvaror","status":"publish","type":"page","link":"https:\/\/vrigstadshembygdsforening.se\/?page_id=2856","title":{"rendered":"Byggnadsmetallvaror"},"content":{"rendered":"<p dir=\"LTR\" align=\"LEFT\"><a href=\"https:\/\/vrigstadshembygdsforening.se\/?page_id=2831\">Allt i R\u00e4ck<\/a><br \/>\n<a href=\"https:\/\/vrigstadshembygdsforening.se\/?page_id=2835\">Jonasson &amp; Nilsson Byggnadssmide<\/a><br \/>\n<a href=\"https:\/\/vrigstadshembygdsforening.se\/?page_id=2841\">J\u00e4rn och Smide<\/a><br \/>\n<a href=\"https:\/\/vrigstadshembygdsforening.se\/?page_id=2845\">Modart id\u00e9 och design<\/a><br \/>\n<a href=\"https:\/\/vrigstadshembygdsforening.se\/?page_id=2847\">Standardsmide<\/a><br \/>\n<a href=\"https:\/\/vrigstadshembygdsforening.se\/?page_id=2849\">Vrigstad Byggnadssmide<\/a><\/p>\n<p dir=\"LTR\" align=\"LEFT\">\n<p>&nbsp;<\/p>\n","protected":false},"excerpt":{"rendered":"<p>Allt i R\u00e4ck Jonasson &amp; Nilsson Byggnadssmide J\u00e4rn och Smide Modart id\u00e9 och design Standardsmide Vrigstad Byggnadssmide &nbsp;<\/p>\n","protected":false},"author":1,"featured_media":0,"parent":0,"menu_order":0,"comment_status":"closed","ping_status":"closed","template":"","meta":{"footnotes":""},"class_list":["post-2856","page","type-page","status-publish","hentry"],"_links":{"self":[{"href":"https:\/\/vrigstadshembygdsforening.se\/index.php?rest_route=\/wp\/v2\/pages\/2856","targetHints":{"allow":["GET"]}}],"collection":[{"href":"https:\/\/vrigstadshembygdsforening.se\/index.php?rest_route=\/wp\/v2\/pages"}],"about":[{"href":"https:\/\/vrigstadshembygdsforening.se\/index.php?rest_route=\/wp\/v2\/types\/page"}],"author":[{"embeddable":true,"href":"https:\/\/vrigstadshembygdsforening.se\/index.php?rest_route=\/wp\/v2\/users\/1"}],"replies":[{"embeddable":true,"href":"https:\/\/vrigstadshembygdsforening.se\/index.php?rest_route=%2Fwp%2Fv2%2Fcomments&post=2856"}],"version-history":[{"count":1,"href":"https:\/\/vrigstadshembygdsforening.se\/index.php?rest_route=\/wp\/v2\/pages\/2856\/revisions"}],"predecessor-version":[{"id":2857,"href":"https:\/\/vrigstadshembygdsforening.se\/index.php?rest_route=\/wp\/v2\/pages\/2856\/revisions\/2857"}],"wp:attachment":[{"href":"https:\/\/vrigstadshembygdsforening.se\/index.php?rest_route=%2Fwp%2Fv2%2Fmedia&parent=2856"}],"curies":[{"name":"wp","href":"https:\/\/api.w.org\/{rel}","templated":true}]}}