{"id":2835,"date":"2019-02-14T09:46:39","date_gmt":"2019-02-14T09:46:39","guid":{"rendered":"http:\/\/vrigstadshembygdsforening.se\/?page_id=2835"},"modified":"2019-02-14T09:46:39","modified_gmt":"2019-02-14T09:46:39","slug":"jonasson-nilsson-byggnadssmide","status":"publish","type":"page","link":"https:\/\/vrigstadshembygdsforening.se\/?page_id=2835","title":{"rendered":"Jonasson &#038; Nilsson Byggnadssmide"},"content":{"rendered":"<p dir=\"LTR\" style=\"text-align: left;\" align=\"JUSTIFY\">\u00c5r 1955 startade Eivin Jonasson och Jarl Nilsson f\u00f6retaget som fick namnet Jonasson och Nilssons Byggnadssmide, efter att de varit anst\u00e4llda hos Musse. De hyrde cirka 200 m<sup><span style=\"font-size: small;\">2<\/span><\/sup> verkstads- och kontorsyta i Lindegrens nedlagda skofabrik, f.d. garverihuset vid \u00e5n.<\/p>\n<p dir=\"LTR\" style=\"text-align: left;\" align=\"JUSTIFY\">F\u00f6retaget tillverkade balkong- och trappr\u00e4cken, tr\u00e4dg\u00e5rdsstaket, grindar och brandstegar. Maskinbest\u00e5ndet bestod av elsvetsverk, borrmaskin, kalls\u00e5g och snabbkap.<\/p>\n<p dir=\"LTR\" style=\"text-align: left;\" align=\"JUSTIFY\">En ny verkstadsbyggnad uppf\u00f6rdes vid nuvarande marknadsplatsen och verksamheten flyttades dit. Jarl s\u00e5lde sin del i f\u00f6retaget till Eivin under 1980-talet. Eivin drev det sedan till sin bortg\u00e5ng 2002.<\/p>\n<p dir=\"LTR\" style=\"text-align: left;\" align=\"JUSTIFY\">Jarl Nilsson, Olle Jonasson och Peter Lindberg var mestadels ute och monterade p\u00e5 byggena. Eivin sk\u00f6tte kontoret och det administrativa. Efter Eivins d\u00f6d drev Eivins s\u00f6ner Olle och Thomas f\u00f6retaget. Thomas r\u00e4knade, kalkylerade och svetsade materiel s\u00e5 det var klart inf\u00f6r monteringsjobben p\u00e5 byggena.<\/p>\n<p dir=\"LTR\" style=\"text-align: left;\" align=\"JUSTIFY\">De jobbade mycket \u00e5t Br\u00f6derna Harbrecht i Vetlanda, Eken\u00e4s Bygg, Sapa och gjorde t.ex. inomhusr\u00e4ckena till Nilssons M\u00f6bler i Lammhult. Det var mycket stora jobb med st\u00e5lstativ, men man tillverkade \u00e4ven kopior av gamla r\u00e4cken, ljuskronor, beslag och detaljer till t.ex. CJ M\u00f6bler. En stor kund var norska Moelven Industrier. Som mest hade f\u00f6retaget sju anst\u00e4llda.<\/p>\n<p dir=\"LTR\" style=\"text-align: left;\" align=\"JUSTIFY\"><strong>Caterina Jonasson minns<\/strong>: Jag var bara 15 \u00e5r n\u00e4r jag hamnade i &#8221;verkstadskarusellen&#8221;. Det blir lite k\u00e4nslor, \u00e5rtal kanske inte \u00e4r s\u00e5 perfekta. Min sv\u00e4rfar kom till Vrigstad f\u00f6r att hj\u00e4lpa &#8221;Musse&#8221;, Peter Lindbergs pappa. Det hela b\u00f6rjade nere p\u00e5 Lindegrens vid \u00e5n. Mina sv\u00e4rf\u00f6r\u00e4ldrar, Eivin, Elvira och grabbarna Olle och Thomas bodde \u00f6ver systrarna Lindegren. Verksamheten drevs i byggnaden l\u00e4ngs med \u00e5n i mindre skala. Det gjordes trappr\u00e4cken, staket o.s.v. i mitten av 50-talet.<\/p>\n<p dir=\"LTR\" style=\"text-align: left;\" align=\"JUSTIFY\">1962 gjordes en avstyckning p\u00e5 tomten nere p\u00e5 marknadsplatsen. Det skulle byggas verkstad! Det blev den stenbyggnad som finns kvar i dag. Strax innan eller h\u00e4r kom Jarl Nilsson in i f\u00f6retaget, det hette ju Jonasson &amp; Nilsson Byggnadssmide.<\/p>\n<p dir=\"LTR\" style=\"text-align: left;\" align=\"JUSTIFY\">N\u00e4r jag kom in i bilden, 1973, var pl\u00e5tskjulet r\u00e4tt nytt och de hade installerat en stark travers f\u00f6r att lyfta tyngre grejor. Det blev nu mer \u00e4n r\u00e4cken. \u00c4ssjan fanns kvar och alla tillbeh\u00f6r f\u00f6r att g\u00f6ra kringlor till r\u00e4cken f\u00f6r renoveringar men den blev mer anv\u00e4nd till privata g\u00f6rom\u00e5l som takkronor, ljusstakar och krokar.<\/p>\n<p dir=\"LTR\" style=\"text-align: left;\" align=\"JUSTIFY\">Det var en upplevelse att se dem v\u00e4rma upp j\u00e4rnet till r\u00e4tt temperatur, forma\/sno\/banka till, kyla ner, doppat i linolja, v\u00e4rma p\u00e5 igen blev liv&#8230;regnb\u00e5gsf\u00e4rger. Nostalgi!<\/p>\n<p dir=\"LTR\" style=\"text-align: left;\" align=\"JUSTIFY\">Det kom en kontrollant fr\u00e5n Tran\u00e5s, en g\u00e5ng om \u00e5ret, som kollade svetsprov. Det skulle vara rakt, inga bl\u00e5sor o.s.v. Annars kunde de inte ge sej ut p\u00e5 marknaden f\u00f6r gr\u00f6vre jobb. Det b\u00f6rjade bl.a. r\u00e4knas p\u00e5 st\u00f6rre jobb, st\u00e5lkonstruktioner.<\/p>\n<p dir=\"LTR\" style=\"text-align: left;\" align=\"JUSTIFY\">De flesta hamnade h\u00e4r i Sm\u00e5land. Lite exempel \u00e4r ju bro\/v\u00e4gr\u00e4cken vid E4:an vid Brahehus, i b\u00f6rjan av 70-talet, Nordiska Tr\u00e4hus lager, linor f\u00f6r v\u00e4ggblock, Swedhus lager, Olofssons hyvleri, lager och silo, m\u00e5nga jobb i Vetlanda \u00e5t Eken\u00e4s Bygg och Harbrecht Bygg. Inga tr\u00e4dg\u00e5rdsr\u00e4cken&#8230;inte h\u00e4r l\u00e4ngre. Som mest var de nog sju anst\u00e4llda, tror jag.<\/p>\n<p dir=\"LTR\" style=\"text-align: left;\" align=\"JUSTIFY\">Tider f\u00f6r\u00e4ndras det blev med- och motg\u00e5ng. Thomas b\u00f6rjade g\u00f6ra det mesta till Moelven i b\u00f6rjan av 2000-talet. B\u00f6rjade d\u00e4r med att fixa allt med svetsning, r\u00e4ls till banor o.s.v. Det blev till ett heltidsjobb.<\/p>\n<p dir=\"LTR\" style=\"text-align: left;\" align=\"JUSTIFY\">Det blev lugnt p\u00e5 hemmafronten, man beh\u00f6vde inte r\u00e4kna p\u00e5 jobb. Sedan h\u00e4nder n\u00e5got man inte trodde&#8230;. Min Thomas gick bort 2007. Jag fortsatte att hyra ut verkstaden till Moelven. Att s\u00e4lja fabriken var ett sv\u00e5rt beslut, men h\u00f6sten 2010 s\u00e5lde jag den till Sm\u00e5lands Ved och Virke. Jag \u00e4r tacksam att ha f\u00e5tt vara med.<\/p>\n<p dir=\"LTR\" style=\"text-align: left;\" align=\"JUSTIFY\">M\u00e5nga nu \u00e4ldre herrar i Vrigstad, har jobbat d\u00e4r. De jag kommer ih\u00e5g mest \u00e4r Jarl Nilsson, alltid hj\u00e4lpsam och glad. Jarl dog tyv\u00e4rr 2006, Olle, som ramlade ner och dog 1992 p\u00e5 ett bygge i Vetlanda, Peter Lindberg, alltid lugn, sv\u00e4rfar Eivin, som var lika envis \u00e4nda till slutet. Mats &#8221;Bagarn&#8221; Edvardsson, son till bagarn som fanns h\u00e4r d\u00e5, en knubbig kille med glimten i \u00f6gat och som hade f\u00f6rm\u00e5ga att st\u00e4lla till det. Bengt Gunler var en\u00a0annan. Finns s\u00e4kert fler som jag tr\u00e4ffat d\u00e4r.<\/p>\n<p dir=\"LTR\" style=\"text-align: left;\" align=\"JUSTIFY\">Thomas b\u00f6rjade d\u00e4r efter skolan och fortsatte hela livet till 2007. Dessa m\u00e4nniskor samt de \u00f6vriga som jobbade d\u00e4r gjorde verkstaden till ett f\u00f6retag som visade att Vrigstad kunde, \u00e4ven d\u00e5 !.? Jag \u00e4r bara tacksam!<\/p>\n<figure id=\"attachment_2838\" aria-describedby=\"caption-attachment-2838\" style=\"width: 700px\" class=\"wp-caption alignnone\"><a href=\"https:\/\/media.vrigstadshembygdsforening.se\/\/W_Jonasson-o-Nilsson_Eivin.jpg\"><img loading=\"lazy\" decoding=\"async\" class=\"size-full wp-image-2838\" src=\"https:\/\/media.vrigstadshembygdsforening.se\/\/W_Jonasson-o-Nilsson_Eivin.jpg\" alt=\"\" width=\"700\" height=\"550\" srcset=\"https:\/\/media.vrigstadshembygdsforening.se\/W_Jonasson-o-Nilsson_Eivin.jpg 700w, https:\/\/media.vrigstadshembygdsforening.se\/W_Jonasson-o-Nilsson_Eivin-300x236.jpg 300w\" sizes=\"auto, (max-width: 700px) 100vw, 700px\" \/><\/a><figcaption id=\"caption-attachment-2838\" class=\"wp-caption-text\">Eivin sk\u00f6tte kontoret och det administrativa.<\/figcaption><\/figure>\n<figure id=\"attachment_2837\" aria-describedby=\"caption-attachment-2837\" style=\"width: 400px\" class=\"wp-caption alignnone\"><a href=\"https:\/\/media.vrigstadshembygdsforening.se\/\/W_Jonasson-o-Nilsson-Jarl.jpg\"><img loading=\"lazy\" decoding=\"async\" class=\"size-full wp-image-2837\" src=\"https:\/\/media.vrigstadshembygdsforening.se\/\/W_Jonasson-o-Nilsson-Jarl.jpg\" alt=\"\" width=\"400\" height=\"574\" srcset=\"https:\/\/media.vrigstadshembygdsforening.se\/W_Jonasson-o-Nilsson-Jarl.jpg 400w, https:\/\/media.vrigstadshembygdsforening.se\/W_Jonasson-o-Nilsson-Jarl-209x300.jpg 209w\" sizes=\"auto, (max-width: 400px) 100vw, 400px\" \/><\/a><figcaption id=\"caption-attachment-2837\" class=\"wp-caption-text\">Jarl Nilsson i arbete vid st\u00e4det.<\/figcaption><\/figure>\n<figure id=\"attachment_2836\" aria-describedby=\"caption-attachment-2836\" style=\"width: 700px\" class=\"wp-caption alignnone\"><a href=\"https:\/\/media.vrigstadshembygdsforening.se\/\/W_Jonasson-o-Nilsson-bygger-NT.jpg\"><img loading=\"lazy\" decoding=\"async\" class=\"size-full wp-image-2836\" src=\"https:\/\/media.vrigstadshembygdsforening.se\/\/W_Jonasson-o-Nilsson-bygger-NT.jpg\" alt=\"\" width=\"700\" height=\"519\" srcset=\"https:\/\/media.vrigstadshembygdsforening.se\/W_Jonasson-o-Nilsson-bygger-NT.jpg 700w, https:\/\/media.vrigstadshembygdsforening.se\/W_Jonasson-o-Nilsson-bygger-NT-300x222.jpg 300w\" sizes=\"auto, (max-width: 700px) 100vw, 700px\" \/><\/a><figcaption id=\"caption-attachment-2836\" class=\"wp-caption-text\">Jonasson &amp; Nilsson var med och byggde Nordiska Tr\u00e4hus anl\u00e4ggning.<\/figcaption><\/figure>\n<figure id=\"attachment_2839\" aria-describedby=\"caption-attachment-2839\" style=\"width: 700px\" class=\"wp-caption alignnone\"><a href=\"https:\/\/media.vrigstadshembygdsforening.se\/\/W_Jonasson-o-Nilsson_Tomas-o-Olle.jpg\"><img loading=\"lazy\" decoding=\"async\" class=\"size-full wp-image-2839\" src=\"https:\/\/media.vrigstadshembygdsforening.se\/\/W_Jonasson-o-Nilsson_Tomas-o-Olle.jpg\" alt=\"\" width=\"700\" height=\"661\" srcset=\"https:\/\/media.vrigstadshembygdsforening.se\/W_Jonasson-o-Nilsson_Tomas-o-Olle.jpg 700w, https:\/\/media.vrigstadshembygdsforening.se\/W_Jonasson-o-Nilsson_Tomas-o-Olle-300x283.jpg 300w\" sizes=\"auto, (max-width: 700px) 100vw, 700px\" \/><\/a><figcaption id=\"caption-attachment-2839\" class=\"wp-caption-text\">Olle och Thomas Jonasson p\u00e5 en byggplats.<\/figcaption><\/figure>\n","protected":false},"excerpt":{"rendered":"<p>\u00c5r 1955 startade Eivin Jonasson och Jarl Nilsson f\u00f6retaget som fick namnet Jonasson och Nilssons Byggnadssmide, efter att de varit<\/p>\n","protected":false},"author":1,"featured_media":0,"parent":0,"menu_order":0,"comment_status":"closed","ping_status":"closed","template":"","meta":{"footnotes":""},"class_list":["post-2835","page","type-page","status-publish","hentry"],"_links":{"self":[{"href":"https:\/\/vrigstadshembygdsforening.se\/index.php?rest_route=\/wp\/v2\/pages\/2835","targetHints":{"allow":["GET"]}}],"collection":[{"href":"https:\/\/vrigstadshembygdsforening.se\/index.php?rest_route=\/wp\/v2\/pages"}],"about":[{"href":"https:\/\/vrigstadshembygdsforening.se\/index.php?rest_route=\/wp\/v2\/types\/page"}],"author":[{"embeddable":true,"href":"https:\/\/vrigstadshembygdsforening.se\/index.php?rest_route=\/wp\/v2\/users\/1"}],"replies":[{"embeddable":true,"href":"https:\/\/vrigstadshembygdsforening.se\/index.php?rest_route=%2Fwp%2Fv2%2Fcomments&post=2835"}],"version-history":[{"count":1,"href":"https:\/\/vrigstadshembygdsforening.se\/index.php?rest_route=\/wp\/v2\/pages\/2835\/revisions"}],"predecessor-version":[{"id":2840,"href":"https:\/\/vrigstadshembygdsforening.se\/index.php?rest_route=\/wp\/v2\/pages\/2835\/revisions\/2840"}],"wp:attachment":[{"href":"https:\/\/vrigstadshembygdsforening.se\/index.php?rest_route=%2Fwp%2Fv2%2Fmedia&parent=2835"}],"curies":[{"name":"wp","href":"https:\/\/api.w.org\/{rel}","templated":true}]}}